{"id":1091,"date":"2017-09-01T12:10:03","date_gmt":"2017-09-01T10:10:03","guid":{"rendered":"https:\/\/www.es-karlsruhe.eu\/?page_id=1091\/"},"modified":"2026-02-09T13:57:02","modified_gmt":"2026-02-09T12:57:02","slug":"soumettre-votre-demande-en-ligne","status":"publish","type":"page","link":"https:\/\/www.es-karlsruhe.eu\/fr\/admissions\/soumettre-votre-demande-en-ligne\/","title":{"rendered":"Soumettre votre demande en ligne"},"content":{"rendered":"<div class=\"title-deco\" id=\"\"><div class=\"blue-bloc\"><\/div><h2 class=\"title\">5. Soumettre votre demande d&rsquo;inscription en ligne<\/h2><\/div>\n<h3>Avant de soumettre votre demande d&rsquo;inscription<\/h3>\n<p><strong>Avant de soumettre votre demande, assurez-vous de lire toutes les informations appropri\u00e9es sur les pages 1 \u00e0 4 de cette rubrique.<\/strong><\/p>\n<h4><a href=\"..\/structure-of-the-european-school\/\">1. Structure de l&rsquo;Ecole Europ\u00e9enne de Karlsruhe<\/a><\/h4>\n<h4><a href=\"..\/admissions-criteria-and-fees\/\">2. Crit\u00e8res d\u2019admission et frais de scolarit\u00e9<\/a><\/h4>\n<h4><a href=\"..\/contacting-and-visiting-the-esk\/\">3. Contacter et visiter l\u00b4Ecole Europ\u00e9enne de Karlsruhe<\/a><\/h4>\n<h4><a href=\"..\/application-procedure-and-documents\/\">4. Proc\u00e9dure d&rsquo;inscription et pi\u00e8ces \u00e0 fournir<\/a><\/h4>\n<h4><a href=\"..\/submit-your-application-online\/\">5. Soumettre votre demande en ligne<\/a><\/h4>\n<h3>Envoyer votre demande d&rsquo;inscription<\/h3>\n<p>Les demandes compl\u00e9t\u00e9es doivent \u00eatre envoy\u00e9es en utilisant le formulaire ci-dessous. Vous recevrez un e-mail de confirmation d\u00b4envoi de votre demande d\u00b4inscription.<\/p>\n\n<div class=\"wpcf7 no-js\" id=\"wpcf7-f2000-o1\" lang=\"en-US\" dir=\"ltr\" data-wpcf7-id=\"2000\">\n<div class=\"screen-reader-response\"><p role=\"status\" aria-live=\"polite\" aria-atomic=\"true\"><\/p> <ul><\/ul><\/div>\n<form action=\"\/fr\/wp-json\/wp\/v2\/pages\/1091#wpcf7-f2000-o1\" method=\"post\" class=\"wpcf7-form init\" aria-label=\"Contact form\" enctype=\"multipart\/form-data\" novalidate=\"novalidate\" data-status=\"init\">\n<fieldset class=\"hidden-fields-container\"><input type=\"hidden\" name=\"_wpcf7\" value=\"2000\" \/><input type=\"hidden\" name=\"_wpcf7_version\" value=\"6.1.5\" \/><input type=\"hidden\" name=\"_wpcf7_locale\" value=\"en_US\" \/><input type=\"hidden\" name=\"_wpcf7_unit_tag\" value=\"wpcf7-f2000-o1\" \/><input type=\"hidden\" name=\"_wpcf7_container_post\" value=\"0\" \/><input type=\"hidden\" name=\"_wpcf7_posted_data_hash\" value=\"\" \/><input type=\"hidden\" name=\"_wpcf7cf_hidden_group_fields\" value=\"[]\" \/><input type=\"hidden\" name=\"_wpcf7cf_hidden_groups\" value=\"[]\" \/><input type=\"hidden\" name=\"_wpcf7cf_visible_groups\" value=\"[]\" \/><input type=\"hidden\" name=\"_wpcf7cf_repeaters\" value=\"[]\" \/><input type=\"hidden\" name=\"_wpcf7cf_steps\" value=\"{}\" \/><input type=\"hidden\" name=\"_wpcf7cf_options\" value=\"{&quot;form_id&quot;:2000,&quot;conditions&quot;:[],&quot;settings&quot;:{&quot;animation&quot;:&quot;yes&quot;,&quot;animation_intime&quot;:200,&quot;animation_outtime&quot;:200,&quot;conditions_ui&quot;:&quot;normal&quot;,&quot;notice_dismissed&quot;:false,&quot;notice_dismissed_update-cf7-5.8.1&quot;:true,&quot;notice_dismissed_rollback-cf7-5.9.3&quot;:true}}\" \/>\n<\/fieldset>\n<div class=\"wpcf7-turnstile cf-turnstile\" data-sitekey=\"0x4AAAAAACtuHd5Y9GFCuoBt\" data-response-field-name=\"_wpcf7_turnstile_response\"><\/div>\n\n<div class=\"admissions-application-form\">\n\t<div class=\"main-info\">\n\t\t<p><label for=\"contact-name\">Votre Nom<\/label><span class=\"wpcf7-form-control-wrap\" data-name=\"contact-name\"><input size=\"40\" maxlength=\"400\" class=\"wpcf7-form-control wpcf7-text wpcf7-validates-as-required\" id=\"contact-name\" aria-required=\"true\" aria-invalid=\"false\" placeholder=\"Jonathan Smith\" value=\"\" type=\"text\" name=\"contact-name\" \/><\/span><br \/>\n<label for=\"child-name\">Nom de l'enfant<\/label><span class=\"wpcf7-form-control-wrap\" data-name=\"child-name\"><input size=\"40\" maxlength=\"400\" class=\"wpcf7-form-control wpcf7-text wpcf7-validates-as-required\" id=\"child-name\" aria-required=\"true\" aria-invalid=\"false\" placeholder=\"Brandon Smith\" value=\"\" type=\"text\" name=\"child-name\" \/><\/span><br \/>\n<label for=\"contact-mail\">Adresse mail<\/label><span class=\"wpcf7-form-control-wrap\" data-name=\"contact-mail\"><input size=\"40\" maxlength=\"400\" class=\"wpcf7-form-control wpcf7-email wpcf7-validates-as-required wpcf7-text wpcf7-validates-as-email\" id=\"contact-mail\" aria-required=\"true\" aria-invalid=\"false\" placeholder=\"&#x6a;&#x2e;&#x73;&#x6d;&#105;&#116;&#104;&#64;the&#x73;&#x6d;&#x69;&#x74;&#x68;&#115;&#46;&#99;om\" value=\"\" type=\"email\" name=\"contact-mail\" \/><\/span><br \/>\n<label for=\"contact-phone\">T\u00e9l\u00e9phone<\/label><span class=\"wpcf7-form-control-wrap\" data-name=\"contact-phone\"><input size=\"40\" maxlength=\"400\" class=\"wpcf7-form-control wpcf7-tel wpcf7-validates-as-required wpcf7-text wpcf7-validates-as-tel\" id=\"contact-phone\" aria-required=\"true\" aria-invalid=\"false\" placeholder=\"0041 673 652 738\" value=\"\" type=\"tel\" name=\"contact-phone\" \/><\/span>\n\t\t<\/p>\n\t<\/div>\n\t<div class=\"upload-documents\">\n\t\t<p class=\"title\">Chargez vos formulaires d'inscription :\n\t\t<\/p>\n\t\t<p class=\"details\">Votre formulaire d\u00b4inscription rempli\n\t\t<\/p>\n\t\t<p><span class=\"wpcf7-form-control-wrap\" data-name=\"application-document\"><input size=\"40\" class=\"wpcf7-form-control wpcf7-file wpcf7-validates-as-required\" accept=\".pdf,.txt,.doc,.docx,.odt\" aria-required=\"true\" aria-invalid=\"false\" type=\"file\" name=\"application-document\" \/><\/span>\n\t\t<\/p>\n\t\t<p class=\"details\" style=\"margin-bottom: 15px;\"><b>Pour la liste compl\u00e8te des documents requis, veuillez consulter la rubrique <u><a href=\"..\/application-procedure-and-documents\/\">Proc\u00e9dure d'admission et documents \u00e0 fournir<\/a><\/u><\/b>\n\t\t<\/p>\n\t\t<p class=\"details\">Pi\u00e8ce jointe 1\n\t\t<\/p>\n\t\t<p><span class=\"wpcf7-form-control-wrap\" data-name=\"supporting-document-1\"><input size=\"40\" class=\"wpcf7-form-control wpcf7-file\" accept=\".pdf,.txt,.doc,.docx,.odt,.jpg,.png,.tiff,.jpeg\" aria-invalid=\"false\" type=\"file\" name=\"supporting-document-1\" \/><\/span>\n\t\t<\/p>\n\t\t<p class=\"details\">Pi\u00e8ce jointe 2\n\t\t<\/p>\n\t\t<p><span class=\"wpcf7-form-control-wrap\" data-name=\"supporting-document-2\"><input size=\"40\" class=\"wpcf7-form-control wpcf7-file\" accept=\".pdf,.txt,.doc,.docx,.odt,.jpg,.png,.tiff,.jpeg\" aria-invalid=\"false\" type=\"file\" name=\"supporting-document-2\" \/><\/span>\n\t\t<\/p>\n\t\t<p class=\"details\">Pi\u00e8ce jointe 3\n\t\t<\/p>\n\t\t<p><span class=\"wpcf7-form-control-wrap\" data-name=\"supporting-document-3\"><input size=\"40\" class=\"wpcf7-form-control wpcf7-file\" accept=\".pdf,.txt,.doc,.docx,.odt,.jpg,.png,.tiff,.jpeg\" aria-invalid=\"false\" type=\"file\" name=\"supporting-document-3\" \/><\/span>\n\t\t<\/p>\n\t\t<p class=\"details\">Pi\u00e8ce jointe 4\n\t\t<\/p>\n\t\t<p><span class=\"wpcf7-form-control-wrap\" data-name=\"supporting-document-4\"><input size=\"40\" class=\"wpcf7-form-control wpcf7-file\" accept=\".pdf,.txt,.doc,.docx,.odt,.jpg,.png,.tiff,.jpeg\" aria-invalid=\"false\" type=\"file\" name=\"supporting-document-4\" \/><\/span>\n\t\t<\/p>\n\t\t<p class=\"details\">Pi\u00e8ce jointe 5\n\t\t<\/p>\n\t\t<p><span class=\"wpcf7-form-control-wrap\" data-name=\"supporting-document-5\"><input size=\"40\" class=\"wpcf7-form-control wpcf7-file\" accept=\".pdf,.txt,.doc,.docx,.odt,.jpg,.png,.tiff,.jpeg\" aria-invalid=\"false\" type=\"file\" name=\"supporting-document-5\" \/><\/span>\n\t\t<\/p>\n\t<\/div>\n\t<div class=\"confirmation\">\n\t\t<p><span class=\"wpcf7-form-control-wrap\" data-name=\"confirm_01\"><span class=\"wpcf7-form-control wpcf7-checkbox wpcf7-validates-as-required\"><span class=\"wpcf7-list-item first last\"><label><input type=\"checkbox\" name=\"confirm_01[]\" value=\"J&#039;ai pris connaissance de la liste de pi\u00e8ces \u00e0 fournir et certifie que mes documents y sont conformes.\" \/><span class=\"wpcf7-list-item-label\">J&#039;ai pris connaissance de la liste de pi\u00e8ces \u00e0 fournir et certifie que mes documents y sont conformes.<\/span><\/label><\/span><\/span><\/span><br \/>\n<span class=\"wpcf7-form-control-wrap\" data-name=\"confirm_02\"><span class=\"wpcf7-form-control wpcf7-checkbox wpcf7-validates-as-required\"><span class=\"wpcf7-list-item first last\"><label><input type=\"checkbox\" name=\"confirm_02[]\" value=\"Je certifie que les renseignements port\u00e9s sur la demande d\u00b4inscription sont exacts et \u00e9tablis de bonne foi.\" \/><span class=\"wpcf7-list-item-label\">Je certifie que les renseignements port\u00e9s sur la demande d\u00b4inscription sont exacts et \u00e9tablis de bonne foi.<\/span><\/label><\/span><\/span><\/span>\n\t\t<\/p>\n\t<\/div>\n\t<div class=\"submit-button\">\n\t\t<p><span class=\"submit-container\"><input class=\"wpcf7-form-control wpcf7-submit has-spinner\" type=\"submit\" value=\"Soumettre votre demande\" \/><\/span>\n\t\t<\/p>\n\t<\/div>\n<\/div><p style=\"display: none !important;\" class=\"akismet-fields-container\" data-prefix=\"_wpcf7_ak_\"><label>&#916;<textarea name=\"_wpcf7_ak_hp_textarea\" cols=\"45\" rows=\"8\" maxlength=\"100\"><\/textarea><\/label><input type=\"hidden\" id=\"ak_js_1\" name=\"_wpcf7_ak_js\" value=\"221\"\/><script>document.getElementById( \"ak_js_1\" ).setAttribute( \"value\", ( new Date() ).getTime() );<\/script><\/p><div class=\"wpcf7-response-output\" aria-hidden=\"true\"><\/div>\n<\/form>\n<\/div>\n\n<p style=\"text-align: center;\">Vous avez manqu\u00e9 quelque chose ?<br \/>\n<span class=\"custom-link left\"><a href=\"..\/application-procedure-and-documents\/\">Retour \u00e0 l&rsquo;\u00e9tape 4<\/a><\/span>\n","protected":false},"excerpt":{"rendered":"<p>Avant de soumettre votre demande d&rsquo;inscription Avant de soumettre votre demande, assurez-vous de lire toutes les informations appropri\u00e9es sur les pages 1 \u00e0 4 de cette rubrique. 1. Structure de<a class=\"excerpt-read-more\" href=\"https:\/\/www.es-karlsruhe.eu\/fr\/admissions\/soumettre-votre-demande-en-ligne\/\" title=\"LireSoumettre votre demande en ligne\">&#8230; Read more &raquo;<\/a><\/p>\n","protected":false},"author":3,"featured_media":0,"parent":1081,"menu_order":0,"comment_status":"closed","ping_status":"closed","template":"template-admission-5.php","meta":{"footnotes":""},"class_list":["post-1091","page","type-page","status-publish","hentry"],"_links":{"self":[{"href":"https:\/\/www.es-karlsruhe.eu\/fr\/wp-json\/wp\/v2\/pages\/1091","targetHints":{"allow":["GET"]}}],"collection":[{"href":"https:\/\/www.es-karlsruhe.eu\/fr\/wp-json\/wp\/v2\/pages"}],"about":[{"href":"https:\/\/www.es-karlsruhe.eu\/fr\/wp-json\/wp\/v2\/types\/page"}],"author":[{"embeddable":true,"href":"https:\/\/www.es-karlsruhe.eu\/fr\/wp-json\/wp\/v2\/users\/3"}],"replies":[{"embeddable":true,"href":"https:\/\/www.es-karlsruhe.eu\/fr\/wp-json\/wp\/v2\/comments?post=1091"}],"version-history":[{"count":5,"href":"https:\/\/www.es-karlsruhe.eu\/fr\/wp-json\/wp\/v2\/pages\/1091\/revisions"}],"predecessor-version":[{"id":2337,"href":"https:\/\/www.es-karlsruhe.eu\/fr\/wp-json\/wp\/v2\/pages\/1091\/revisions\/2337"}],"up":[{"embeddable":true,"href":"https:\/\/www.es-karlsruhe.eu\/fr\/wp-json\/wp\/v2\/pages\/1081"}],"wp:attachment":[{"href":"https:\/\/www.es-karlsruhe.eu\/fr\/wp-json\/wp\/v2\/media?parent=1091"}],"curies":[{"name":"wp","href":"https:\/\/api.w.org\/{rel}","templated":true}]}}