{"id":1098,"date":"2017-09-01T12:17:03","date_gmt":"2017-09-01T10:17:03","guid":{"rendered":"https:\/\/www.es-karlsruhe.eu\/?page_id=1098\/"},"modified":"2025-01-14T11:36:08","modified_gmt":"2025-01-14T10:36:08","slug":"mentions-legales","status":"publish","type":"page","link":"https:\/\/www.es-karlsruhe.eu\/fr\/mentions-legales\/","title":{"rendered":"Mentions l\u00e9gales"},"content":{"rendered":"<h3>Betreiber<\/h3>\n<p>Europ\u00e4ische Schule Karlsruhe<\/p>\n<h3>Gesetzlicher Vertreter<\/h3>\n<p>Der Direktor<\/p>\n<h3>Anschrift<\/h3>\n<p>Europ\u00e4ische Schule Karlsruhe<br \/>\nAlbert-Schweitzer-Stra\u00dfe 1<br \/>\n76139 Karlsruhe<br \/>\nTelefon: 0721-68009-0<br \/>\nTelefax: 0721-68009-50<\/p>\n<h3>Direktor der Schule<\/h3>\n<p>L\u00e1szl\u00f3 Munk\u00e1csy<br \/>\nTelefon: 0721-68009-0<br \/>\nTelefax: 0721-68009-50<br \/>\nE-Mail: &#75;A&#82;-&#68;I&#x52;E&#x43;T&#x4f;R&#x40;e&#x75;r&#x73;c&#x2e;e&#x75;<\/p>\n<h3>Verantwortlich f\u00fcr den Inhalt<\/h3>\n<p>Der Direktor<\/p>\n<h3>Stilistischer Hinweis<\/h3>\n<p>Abstrakta wie Lehrer\/Sch\u00fcler werden geschlechtsunabh\u00e4ngig verwendet.<\/p>\n<h3>Hinweise zur Rechtsform<\/h3>\n<p>Die Europ\u00e4ische Schule Karlsruhe ist als Anstalt des \u00f6ffentlichen Rechts Glied der 1957 gegr\u00fcndeten Organisation der Europ\u00e4ischen Schulen. Die Organisation ist V\u00f6lkerrechts-subjekt. Aufgaben und Rechtsstellung der Europ\u00e4ischen Schulen sind in der Vereinbarung \u00fcber die Satzung der Europ\u00e4ischen Schulen vom 21. Juni 1996 und im Zusatzprotokoll zum Protokoll vom 13. April 1962 \u00fcber die Gr\u00fcndung Europ\u00e4ischer Schulen definiert.<\/p>\n<p>Die Durchf\u00fchrung der Vereinbarung \u00fcber die Satzung der Europ\u00e4ischen Schulen obliegt dem Obersten Rat der Europ\u00e4ischen Schulen, der zu diesem Zweck \u00fcber die erforderlichen Entscheidungsbefugnisse verf\u00fcgt. So erl\u00e4sst der Oberste Rat Richtlinien \u00fcber den Unterricht und dessen Ausgestaltung, regelt die Besch\u00e4ftigungsbedingungen der Bediensteten der Schulen und setzt die Allgemeine Schulordnung und das Schulgeld fest.Der Generalsekret\u00e4r der Europ\u00e4ischen Schulen ist dessen gesetzlicher Vertreter. Er hat seinen Sitz in Br\u00fcssel.<\/p>\n<p>Die Europ\u00e4ische Schule Karlsruhe betreibt und verwaltet diese Website im Rahmen der Erf\u00fcllung ihrer satzungsgem\u00e4\u00dfen Aufgaben.<\/p>\n<p>F\u00fcr Vollst\u00e4ndigkeit, Fehler redaktioneller und technischer Art, Auslassungen usw. sowie die Richtigkeit der Eintragungen kann keine Haftung \u00fcbernommen werden. Es wird keine Gew\u00e4hr daf\u00fcr gegeben, dass online erreichbare Dokumente amtliche Texte wortgetreu wiedergeben. Eine Gew\u00e4hr f\u00fcr die Vollst\u00e4ndigkeit und Richtigkeit von Informationen, die \u00fcber weiterf\u00fchrende Links erreicht werden, wird nicht \u00fcbernommen. Es wird betont, dass die Europ\u00e4ische Schule Karlsruhe keinen Einfluss auf die Gestaltung und die Inhalte der durch Link von dieser Homepage aus erreichbaren Seiten anderer Anbieter hat und sich deren Inhalt nicht zu eigen macht. Diese Erkl\u00e4rung gilt f\u00fcr alle Seiten dieser Homepage und s\u00e4mtliche dort angebrachten Links.<\/p>\n<p>Es ist beabsichtigt, Fehler und Irrt\u00fcmer technischer Art auszuschlie\u00dfen. Dennoch kann eine Freiheit von technischen Fehlern nicht garantiert werden. Die Europ\u00e4ische Schule Karlsruhe \u00fcbernimmt keine Haftung in Bezug auf technische Probleme, die durch die Nutzung dieser Homepage oder die dort angebrachten Links auftreten k\u00f6nnen.<\/p>\n<p>Vorbehalten bleibt das Recht, die bereitgestellten Informationen ohne vorherige Ank\u00fcndigung zu \u00e4ndern, zu erg\u00e4nzen oder zu entfernen.<\/p>\n<p>&nbsp;<\/p>\n<h3>Clause de non-responsabilit\u00e9<\/h3>\n<p>L\u00b4Ecole Europ\u00e9enne de Karlsruhe apporte le plus grand soin \u00e0 la cr\u00e9ation de ce site web. L\u00b4Ecole Europ\u00e9enne de Karlsruhe ne garantit toutefois pas l&rsquo;exactitude de l&rsquo;information. L&rsquo;utilisateur est \u00e9galement conscient que l&rsquo;information pr\u00e9sent\u00e9e est susceptible d&rsquo;\u00eatre modifi\u00e9e sans avis pr\u00e9alable. Il en r\u00e9sulte que l\u00b4Ecole Europ\u00e9enne de Karlsruhe d\u00e9cline toute responsabilit\u00e9 quant au contenu du site ou \u00e0 l&rsquo;utilisation qui pourrait en \u00eatre faite.<\/p>\n<h3>Droit d&rsquo;auteur<\/h3>\n<p>Les textes, mises en page, illustrations et autres \u00e9l\u00e9ments figurant sur ce site sont prot\u00e9g\u00e9s par le droit d&rsquo;auteur international. Toute copie, adaptation, traduction, arrangement ou modification de tout ou partie de ce site, sous quelque forme et avec quelque moyen que ce soit, \u00e9lectronique, m\u00e9canique ou autre, est strictement interdite sans l&rsquo;autorisation pr\u00e9alable et par \u00e9crit du titulaire du droit d&rsquo;auteur. Toute infraction peut entra\u00eener des poursuites civiles ou p\u00e9nales.<\/p>\n<h3>Marques<\/h3>\n<p>Veuillez noter qu&rsquo;un certain nombre de d\u00e9nominations, signes et logos utilis\u00e9s sur ce site (notamment le logo et la d\u00e9nomination \u00ab\u00a0Schola europaea\u00a0\u00bb) sont des marques prot\u00e9g\u00e9es.<\/p>\n<h3>Tribunal comp\u00e9tent<\/h3>\n<p>Tout diff\u00e9rend relatif au site de l\u00b4Ecole Europ\u00e9enne de Karlsruhe sera exclusivement r\u00e9gi par le droit allemand. Les cours et tribunaux de Karlsruhe seront seuls comp\u00e9tents en cas de diff\u00e9rent.<\/p>\n","protected":false},"excerpt":{"rendered":"<p>Betreiber Europ\u00e4ische Schule Karlsruhe Gesetzlicher Vertreter Der Direktor Anschrift Europ\u00e4ische Schule Karlsruhe Albert-Schweitzer-Stra\u00dfe 1 76139 Karlsruhe Telefon: 0721-68009-0 Telefax: 0721-68009-50 Direktor der Schule L\u00e1szl\u00f3 Munk\u00e1csy Telefon: 0721-68009-0 Telefax: 0721-68009-50 E-Mail:<a class=\"excerpt-read-more\" href=\"https:\/\/www.es-karlsruhe.eu\/fr\/mentions-legales\/\" title=\"LireMentions l\u00e9gales\">&#8230; Read more &raquo;<\/a><\/p>\n","protected":false},"author":3,"featured_media":0,"parent":0,"menu_order":0,"comment_status":"closed","ping_status":"closed","template":"","meta":{"footnotes":""},"class_list":["post-1098","page","type-page","status-publish","hentry"],"_links":{"self":[{"href":"https:\/\/www.es-karlsruhe.eu\/fr\/wp-json\/wp\/v2\/pages\/1098","targetHints":{"allow":["GET"]}}],"collection":[{"href":"https:\/\/www.es-karlsruhe.eu\/fr\/wp-json\/wp\/v2\/pages"}],"about":[{"href":"https:\/\/www.es-karlsruhe.eu\/fr\/wp-json\/wp\/v2\/types\/page"}],"author":[{"embeddable":true,"href":"https:\/\/www.es-karlsruhe.eu\/fr\/wp-json\/wp\/v2\/users\/3"}],"replies":[{"embeddable":true,"href":"https:\/\/www.es-karlsruhe.eu\/fr\/wp-json\/wp\/v2\/comments?post=1098"}],"version-history":[{"count":6,"href":"https:\/\/www.es-karlsruhe.eu\/fr\/wp-json\/wp\/v2\/pages\/1098\/revisions"}],"predecessor-version":[{"id":164981,"href":"https:\/\/www.es-karlsruhe.eu\/fr\/wp-json\/wp\/v2\/pages\/1098\/revisions\/164981"}],"wp:attachment":[{"href":"https:\/\/www.es-karlsruhe.eu\/fr\/wp-json\/wp\/v2\/media?parent=1098"}],"curies":[{"name":"wp","href":"https:\/\/api.w.org\/{rel}","templated":true}]}}