{"id":1100,"date":"2017-09-01T12:17:26","date_gmt":"2017-09-01T10:17:26","guid":{"rendered":"https:\/\/www.es-karlsruhe.eu\/?page_id=1100\/"},"modified":"2025-12-09T15:26:58","modified_gmt":"2025-12-09T14:26:58","slug":"my-esk","status":"publish","type":"page","link":"https:\/\/www.es-karlsruhe.eu\/fr\/my-esk\/","title":{"rendered":"My ESK"},"content":{"rendered":"<p><strong>Avis de non-responsabilit\u00e9<\/strong>: Vous \u00eates en train de quitter le site <a href=\"https:\/\/www.es-karlsruhe.eu\/fr\/\">http:\/\/www.es-karlsruhe.eu\/<\/a>. Nous d\u00e9clinons toute responsabilit\u00e9 concernant le contenu des sites vers lesquels vous vous dirigez.<\/p>\n<p>&nbsp;<\/p>\n<p><img loading=\"lazy\" decoding=\"async\" class=\"wp-image-172110 alignnone\" src=\"https:\/\/www.es-karlsruhe.eu\/wp-content\/uploads\/2025\/08\/Screenshot-2025-08-29-104519-300x197.png\" alt=\"\" width=\"80\" height=\"53\" srcset=\"https:\/\/www.es-karlsruhe.eu\/wp-content\/uploads\/2025\/08\/Screenshot-2025-08-29-104519-300x197.png 300w, https:\/\/www.es-karlsruhe.eu\/wp-content\/uploads\/2025\/08\/Screenshot-2025-08-29-104519.png 579w\" sizes=\"auto, (max-width: 80px) 100vw, 80px\" \/>\u00a0 \u00a0 \u00a0 \u00a0 &#8212;&gt; <span class=\"custom-link right\"><a href=\"https:\/\/passwordreset.eursc.eu\" target=\"_blank\">Changement de mot de passe pour tous<\/a><\/span>\n<p style=\"text-align: left; margin-bottom: 30px;\"><img loading=\"lazy\" decoding=\"async\" class=\"alignnone size-full wp-image-2618\" src=\"https:\/\/www.es-karlsruhe.eu\/wp-content\/uploads\/2017\/08\/office-picture.jpg\" alt=\"\" width=\"110\" height=\"54\" \/> &#8212;&gt; <span class=\"custom-link right\"><a href=\"https:\/\/portal.office.com\" target=\"_blank\">Office 365 accounts<\/a><\/span>\n<p style=\"text-align: left; margin-bottom: 30px;\"><img loading=\"lazy\" decoding=\"async\" class=\"alignnone size-full wp-image-2623\" src=\"https:\/\/www.es-karlsruhe.eu\/wp-content\/uploads\/2017\/08\/sms-picture.jpg\" alt=\"\" width=\"110\" height=\"38\" \/> &#8212;&gt; <span class=\"custom-link right\"><a href=\"https:\/\/sms.eursc.eu\/login.php\" target=\"_blank\">S.M.S. &#8211; School Management System<\/a><\/span>\n<p><a href=\"https:\/\/anton.app\/de\/\" target=\"_blank\" rel=\"noopener\"><img loading=\"lazy\" decoding=\"async\" class=\"alignnone\" src=\"https:\/\/www.es-karlsruhe.eu\/wp-content\/uploads\/2021\/09\/Herunterladen.png\" width=\"63\" height=\"64\" \/><\/a>\u00a0 \u00a0 \u00a0 \u00a0 \u00a0 \u00a0 \u00a0 &#8212;&gt; <span class=\"custom-link right\"><a href=\"https:\/\/anton.app\/de\/\" target=\"_blank\">Login to the Anton App<\/a><\/span>\n<p style=\"text-align: left; margin-bottom: 30px;\"><img loading=\"lazy\" decoding=\"async\" class=\"alignnone size-full wp-image-2627\" src=\"https:\/\/www.es-karlsruhe.eu\/wp-content\/uploads\/2017\/08\/britannica-picture.jpg\" alt=\"\" width=\"110\" height=\"37\" \/> &#8212;&gt; <span class=\"custom-link right\"><a href=\"http:\/\/school.eb.co.uk\/storeschoolcard?id=eskarlsruhe\" target=\"_blank\">BRITANNICA &#8211; School<\/a><\/span>\n<p><img loading=\"lazy\" decoding=\"async\" class=\"alignnone wp-image-175977\" src=\"https:\/\/www.es-karlsruhe.eu\/wp-content\/uploads\/2025\/12\/Picture1-1-150x108.png\" alt=\"\" width=\"96\" height=\"69\" \/>\u00a0 \u00a0 &#8212;&gt; <span class=\"custom-link right\"><a href=\"https:\/\/cpd.eursc.eu\" target=\"_blank\">Plateformes g\u00e9n\u00e9ralistes CPD<\/a><\/span>\n<p style=\"text-align: left; margin-bottom: 30px;\"><img loading=\"lazy\" decoding=\"async\" class=\"alignnone size-full wp-image-2631\" src=\"https:\/\/www.es-karlsruhe.eu\/wp-content\/uploads\/2017\/08\/e-chalk-picture.png\" alt=\"\" width=\"110\" height=\"55\" \/> &#8212;&gt; <span class=\"custom-link right\"><a href=\"https:\/\/subscription.echalk.co.uk\/login\/login.aspx?status=1&amp;ReturnUrl=\/\" target=\"_blank\">e-chalk<\/a><\/span>\n<p style=\"text-align: left; margin-bottom: 30px;\"><img loading=\"lazy\" decoding=\"async\" class=\"alignnone size-full wp-image-2634\" src=\"https:\/\/www.es-karlsruhe.eu\/wp-content\/uploads\/2017\/08\/bo-picture.jpg\" alt=\"\" width=\"110\" height=\"28\" \/> &#8212;&gt; <span class=\"custom-link right\"><a href=\"https:\/\/bo.eursc.eu\/BOE\/BI\" target=\"_blank\">BO &#8211; BusinessObjects<\/a><\/span> <strong>*<\/strong><\/p>\n<p><strong>*<\/strong> L&rsquo;acc\u00e8s \u00e0 BO n&rsquo;est possible qu&rsquo;en passant par le r\u00e9seau administratif, avec un nom d&rsquo;utilisateur et un mot de passe valables! A l&rsquo;ext\u00e9rieur du r\u00e9seau administratif l&rsquo;acc\u00e8s vous sera refus\u00e9 et un message d&rsquo;erreur appara\u00eetra!<\/p>\n","protected":false},"excerpt":{"rendered":"<p>Avis de non-responsabilit\u00e9: Vous \u00eates en train de quitter le site http:\/\/www.es-karlsruhe.eu\/. Nous d\u00e9clinons toute responsabilit\u00e9 concernant le contenu des sites vers lesquels vous vous dirigez. &nbsp; \u00a0 \u00a0 \u00a0<a class=\"excerpt-read-more\" href=\"https:\/\/www.es-karlsruhe.eu\/fr\/my-esk\/\" title=\"LireMy ESK\">&#8230; Read more &raquo;<\/a><\/p>\n","protected":false},"author":3,"featured_media":0,"parent":0,"menu_order":0,"comment_status":"closed","ping_status":"closed","template":"","meta":{"footnotes":""},"class_list":["post-1100","page","type-page","status-publish","hentry"],"_links":{"self":[{"href":"https:\/\/www.es-karlsruhe.eu\/fr\/wp-json\/wp\/v2\/pages\/1100","targetHints":{"allow":["GET"]}}],"collection":[{"href":"https:\/\/www.es-karlsruhe.eu\/fr\/wp-json\/wp\/v2\/pages"}],"about":[{"href":"https:\/\/www.es-karlsruhe.eu\/fr\/wp-json\/wp\/v2\/types\/page"}],"author":[{"embeddable":true,"href":"https:\/\/www.es-karlsruhe.eu\/fr\/wp-json\/wp\/v2\/users\/3"}],"replies":[{"embeddable":true,"href":"https:\/\/www.es-karlsruhe.eu\/fr\/wp-json\/wp\/v2\/comments?post=1100"}],"version-history":[{"count":12,"href":"https:\/\/www.es-karlsruhe.eu\/fr\/wp-json\/wp\/v2\/pages\/1100\/revisions"}],"predecessor-version":[{"id":175988,"href":"https:\/\/www.es-karlsruhe.eu\/fr\/wp-json\/wp\/v2\/pages\/1100\/revisions\/175988"}],"wp:attachment":[{"href":"https:\/\/www.es-karlsruhe.eu\/fr\/wp-json\/wp\/v2\/media?parent=1100"}],"curies":[{"name":"wp","href":"https:\/\/api.w.org\/{rel}","templated":true}]}}