{"id":1162,"date":"2017-09-01T15:45:36","date_gmt":"2017-09-01T13:45:36","guid":{"rendered":"https:\/\/www.es-karlsruhe.eu\/?page_id=1162\/"},"modified":"2017-11-19T22:58:24","modified_gmt":"2017-11-19T21:58:24","slug":"langues","status":"publish","type":"page","link":"https:\/\/www.es-karlsruhe.eu\/fr\/maternelle\/apprentissage\/langues\/","title":{"rendered":"Langues"},"content":{"rendered":"<div class=\"title-deco\" id=\"\"><div class=\"blue-bloc\"><\/div><h2 class=\"title\">Trois sections linguistiques principales<\/h2><\/div>\n<p>L\u00b4Ecole Europ\u00e9enne de Karlsruhe offre 3 sections linguistiques principales de l\u00b4\u00e9cole maternelle jusqu\u00b4au Baccalaur\u00e9at Europ\u00e9en\u00a0:<\/p>\n<ul>\n<li>Section allemande<\/li>\n<li>Section fran\u00e7aise<\/li>\n<li>Section anglaise<\/li>\n<\/ul>\n<p>Une des t\u00e2ches essentielles de l&rsquo;\u00e9cole maternelle est de renforcer la langue maternelle ou la langue de travail de l\u2019enfant et de construire une base pour sa r\u00e9ussite.\u00a0La langue maternelle est pour nous la langue que conna\u00eet l&rsquo;enfant d\u00e8s la naissance, qu\u2019il parle et dans laquelle il se sent bien.\u00a0Pour les enfants bilingues, les parents choisissent la section linguistique (bas\u00e9 sur la langue dominante) dans laquelle l\u2019enfant ira \u00e0 l&rsquo;\u00e9cole primaire.<\/p>\n<p>Avec le choix de la langue, vous donnez \u00e0 votre enfant la possibilit\u00e9 de nouer des amiti\u00e9s solides avec d&rsquo;autres enfants et d&rsquo;acqu\u00e9rir les comp\u00e9tences linguistiques n\u00e9cessaires pour une scolarisation future positive.<\/p>\n<p><strong>De plus, le cours en langue maternelle est offert dans quasiment toutes les langues europ\u00e9ennes.<\/strong><\/p>\n<h3>Le r\u00f4le particulier de la langue<\/h3>\n<p>La langue parl\u00e9e et \u00e9crite est dans notre soci\u00e9t\u00e9, le principal moyen de communication, pour partager et trier les connaissances.\u00a0Ceux qui veulent se tenir bien inform\u00e9s sont tributaires des comp\u00e9tences en communication.\u00a0Le premier mot que l&rsquo;enfant parle, la premi\u00e8re image qu&rsquo;il peint sont des jalons importants sur son chemin.\u00a0L\u2019acc\u00e8s aux livres, aux \u0153uvres d&rsquo;art, aux m\u00e9dias, sa rencontre avec d&rsquo;autres langues, enrichissent ses comp\u00e9tences linguistiques et l\u2019aident \u00e0 \u00a0enrichir sa compr\u00e9hension de la coexistence de diff\u00e9rentes cultures.<\/p>\n<p>Nous cr\u00e9ons des situations qui exigent des enfants une communication pertinente \u00e0 la fois avec leurs pairs et les adultes.\u00a0Les enfants sont encourag\u00e9s \u00e0 suivre les conversations, \u00e0 exprimer leur opinion et \u00e0 \u00e9couter les autres.\u00a0Ceci contribue au d\u00e9veloppement de la pens\u00e9e critique.<\/p>\n<h3>Heures europ\u00e9ennes<\/h3>\n<p>Chaque semaine, les enfants de la maternelle ont la possibilit\u00e9 de jouer dans des groupes linguistiques mixtes. Les \u00abheures europ\u00e9ennes\u00bb ont lieu une apr\u00e8s-midi par semaine. Pendant ce temps, les enfants rendent visite \u00e0 l\u00b4une des classes de maternelle, chantent et jouent avec les enfants des autres sections linguistiques.<\/p>\n<p>\u00c0 travers ces jeux et chansons, les enfants seront expos\u00e9s \u00e0 des phrases simples, au vocabulaire et aux nombres compris entre 1 et 10 en allemand, anglais et en fran\u00e7ais. Ainsi ils apprennent \u00e0 communiquer tout en s\u00b4amusant.<\/p>\n","protected":false},"excerpt":{"rendered":"<p>L\u00b4Ecole Europ\u00e9enne de Karlsruhe offre 3 sections linguistiques principales de l\u00b4\u00e9cole maternelle jusqu\u00b4au Baccalaur\u00e9at Europ\u00e9en\u00a0: Section allemande Section fran\u00e7aise Section anglaise Une des t\u00e2ches essentielles de l&rsquo;\u00e9cole maternelle est de<a class=\"excerpt-read-more\" href=\"https:\/\/www.es-karlsruhe.eu\/fr\/maternelle\/apprentissage\/langues\/\" title=\"LireLangues\">&#8230; Read more &raquo;<\/a><\/p>\n","protected":false},"author":3,"featured_media":0,"parent":1158,"menu_order":0,"comment_status":"closed","ping_status":"closed","template":"","meta":{"footnotes":""},"class_list":["post-1162","page","type-page","status-publish","hentry"],"_links":{"self":[{"href":"https:\/\/www.es-karlsruhe.eu\/fr\/wp-json\/wp\/v2\/pages\/1162","targetHints":{"allow":["GET"]}}],"collection":[{"href":"https:\/\/www.es-karlsruhe.eu\/fr\/wp-json\/wp\/v2\/pages"}],"about":[{"href":"https:\/\/www.es-karlsruhe.eu\/fr\/wp-json\/wp\/v2\/types\/page"}],"author":[{"embeddable":true,"href":"https:\/\/www.es-karlsruhe.eu\/fr\/wp-json\/wp\/v2\/users\/3"}],"replies":[{"embeddable":true,"href":"https:\/\/www.es-karlsruhe.eu\/fr\/wp-json\/wp\/v2\/comments?post=1162"}],"version-history":[{"count":5,"href":"https:\/\/www.es-karlsruhe.eu\/fr\/wp-json\/wp\/v2\/pages\/1162\/revisions"}],"predecessor-version":[{"id":3033,"href":"https:\/\/www.es-karlsruhe.eu\/fr\/wp-json\/wp\/v2\/pages\/1162\/revisions\/3033"}],"up":[{"embeddable":true,"href":"https:\/\/www.es-karlsruhe.eu\/fr\/wp-json\/wp\/v2\/pages\/1158"}],"wp:attachment":[{"href":"https:\/\/www.es-karlsruhe.eu\/fr\/wp-json\/wp\/v2\/media?parent=1162"}],"curies":[{"name":"wp","href":"https:\/\/api.w.org\/{rel}","templated":true}]}}