{"id":1172,"date":"2017-09-01T15:55:15","date_gmt":"2017-09-01T13:55:15","guid":{"rendered":"https:\/\/www.es-karlsruhe.eu\/?page_id=1172\/"},"modified":"2023-05-02T09:09:30","modified_gmt":"2023-05-02T07:09:30","slug":"reglement-scolaire","status":"publish","type":"page","link":"https:\/\/www.es-karlsruhe.eu\/fr\/maternelle\/informations-utiles\/reglement-scolaire\/","title":{"rendered":"R\u00e8glement scolaire"},"content":{"rendered":"<p>R\u00e8glement scolaire (document 2014-04-D-14-fr-1). Le r\u00e8glement scolaire des \u00e9coles europ\u00e9ennes peuvent \u00e9galement \u00eatre consult\u00e9es sur le site des \u00e9coles europ\u00e9ennes (<a href=\"http:\/\/www.eursc.eu\" target=\"_blank\" rel=\"noopener noreferrer\">www.eursc.eu<\/a>)<\/p>\n<h3>El\u00e8ves sans sections linguistiques (SWALS)<\/h3>\n<p>Cliquez sur le document pour plus d&rsquo;informations concernant les \u00e9l\u00e8ves dont la langue maternelle ne correspond pas \u00e0 une des langues des sections linguistiques.<\/p>\n<p><a href=\"https:\/\/www.es-karlsruhe.eu\/wp-content\/uploads\/2017\/10\/L_doc_franc_1_doc_SWALS.pdf\">SWALS Document<\/a><br \/>\n<a href=\"https:\/\/www.es-karlsruhe.eu\/wp-content\/uploads\/2018\/06\/Support_Programmes_Guidelines.pdf\">Programme de soutien<\/a><br \/>\n<a href=\"https:\/\/www.es-karlsruhe.eu\/wp-content\/uploads\/2018\/09\/Golden-Rules_v4_Fr.pdf\">R\u00e8gles d\u00b4or<\/a><br \/>\n<a href=\"https:\/\/www.es-karlsruhe.eu\/wp-content\/uploads\/2023\/04\/2023-04-17_ESK-Internal-Support-Policy-FR.pdf\">Politique interne en mati\u00e8re de soutien \u00e9ducatif<\/a><\/p>\n","protected":false},"excerpt":{"rendered":"<p>R\u00e8glement scolaire (document 2014-04-D-14-fr-1). Le r\u00e8glement scolaire des \u00e9coles europ\u00e9ennes peuvent \u00e9galement \u00eatre consult\u00e9es sur le site des \u00e9coles europ\u00e9ennes (www.eursc.eu) El\u00e8ves sans sections linguistiques (SWALS) Cliquez sur le document<a class=\"excerpt-read-more\" href=\"https:\/\/www.es-karlsruhe.eu\/fr\/maternelle\/informations-utiles\/reglement-scolaire\/\" title=\"LireR\u00e8glement scolaire\">&#8230; Read more &raquo;<\/a><\/p>\n","protected":false},"author":3,"featured_media":0,"parent":1168,"menu_order":0,"comment_status":"closed","ping_status":"closed","template":"","meta":{"footnotes":""},"class_list":["post-1172","page","type-page","status-publish","hentry"],"_links":{"self":[{"href":"https:\/\/www.es-karlsruhe.eu\/fr\/wp-json\/wp\/v2\/pages\/1172","targetHints":{"allow":["GET"]}}],"collection":[{"href":"https:\/\/www.es-karlsruhe.eu\/fr\/wp-json\/wp\/v2\/pages"}],"about":[{"href":"https:\/\/www.es-karlsruhe.eu\/fr\/wp-json\/wp\/v2\/types\/page"}],"author":[{"embeddable":true,"href":"https:\/\/www.es-karlsruhe.eu\/fr\/wp-json\/wp\/v2\/users\/3"}],"replies":[{"embeddable":true,"href":"https:\/\/www.es-karlsruhe.eu\/fr\/wp-json\/wp\/v2\/comments?post=1172"}],"version-history":[{"count":5,"href":"https:\/\/www.es-karlsruhe.eu\/fr\/wp-json\/wp\/v2\/pages\/1172\/revisions"}],"predecessor-version":[{"id":142481,"href":"https:\/\/www.es-karlsruhe.eu\/fr\/wp-json\/wp\/v2\/pages\/1172\/revisions\/142481"}],"up":[{"embeddable":true,"href":"https:\/\/www.es-karlsruhe.eu\/fr\/wp-json\/wp\/v2\/pages\/1168"}],"wp:attachment":[{"href":"https:\/\/www.es-karlsruhe.eu\/fr\/wp-json\/wp\/v2\/media?parent=1172"}],"curies":[{"name":"wp","href":"https:\/\/api.w.org\/{rel}","templated":true}]}}