{"id":1178,"date":"2017-09-01T15:59:20","date_gmt":"2017-09-01T13:59:20","guid":{"rendered":"https:\/\/www.es-karlsruhe.eu\/?page_id=1178\/"},"modified":"2025-09-16T11:41:18","modified_gmt":"2025-09-16T09:41:18","slug":"personnel","status":"publish","type":"page","link":"https:\/\/www.es-karlsruhe.eu\/fr\/maternelle\/informations-utiles\/personnel\/","title":{"rendered":"Personnel"},"content":{"rendered":"<div class=\"title-deco\" id=\"\"><div class=\"blue-bloc\"><\/div><h2 class=\"title\">Enseignants de la maternelle<\/h2><\/div>\n<p>Il existe actuellement 4 groupes en maternelle avec une \u00e9quipe d\u00e9vou\u00e9e, constitu\u00e9e d&rsquo;enseignants et d&rsquo;assistants de langue maternelle, qui fournissent aux enfants un large \u00e9ventail d&rsquo;exp\u00e9riences et un apprentissage dans un environnement stimulant et favorable. Chaque ann\u00e9e, la maternelle accueille trois jeunes personnes qui terminent leur ann\u00e9e FSJ. Les FSJ travaillent avec l&rsquo;\u00e9quipe dans toutes les sections linguistiques.<\/p>\n<div class=\"staff-member\"><span class=\"name\">M. Holger Klose<\/span><span class=\"job\">Directeur adjoint de l\u00b4\u00e9cole maternelle et primaire<\/span><a href=\"&#109;&#x61;i&#108;&#x74;o&#58;&#x4b;A&#x52;&#x2d;&#68;&#x45;P&#85;&#x54;Y&#45;&#x44;I&#x52;&#x45;&#67;&#x54;&#x4f;&#82;&#x2d;N&#85;&#x52;S&#69;&#x52;Y&#x2d;&#x41;&#78;&#x44;-&#80;&#x52;I&#77;&#x41;R&#x59;&#x2d;&#67;&#x59;&#x43;&#76;&#x45;&#64;&#101;&#x75;r&#115;&#x63;&#46;&#x65;&#x75;\" class=\"mail\">&#75;A&#x52;-&#x44;E&#x50;U&#x54;&#89;&#x2d;&#68;&#x49;&#82;&#x45;&#67;T&#79;R&#x2d;N&#x55;R&#x53;&#69;&#x52;&#89;&#x2d;&#65;&#x4e;&#68;&#x2d;&#80;R&#73;M&#x41;R&#x59;-&#x43;&#89;&#x43;&#76;&#x45;&#64;&#x65;&#117;&#x72;&#115;c&#x2e;e&#x75;<\/a><span class=\"phone\">+49 (0) 721 6800915<\/span><\/div>\n<div class=\"staff-member\"><span class=\"name\">Mme Rachel Weller<\/span><span class=\"job\">Assistante Int\u00e9rim du Directeur Adjoint de l\u2018\u00e9cole maternelle et primaire <\/span><a href=\"&#109;&#x61;&#105;&#x6c;t&#x6f;:&#75;&#x41;&#82;&#x2d;&#65;&#x53;S&#x49;S&#84;&#x41;&#78;&#x54;-&#x44;E&#x50;&#x55;&#84;&#x59;&#45;&#x44;I&#x52;E&#67;&#x54;&#79;&#x52;&#45;&#x4e;U&#x52;S&#69;&#x52;&#89;&#x2d;A&#x4e;D&#x2d;&#x50;&#82;&#x49;&#77;&#x41;R&#x59;-&#67;&#x59;&#67;&#x4c;&#69;&#x40;e&#x75;r&#115;&#x63;&#46;&#x65;u\" class=\"mail\">&#75;&#x41;R&#45;&#x41;S&#83;&#x49;S&#84;&#x41;N&#84;&#x2d;D&#69;&#x50;U&#84;&#x59;-&#68;&#x49;R&#69;&#x43;T&#79;&#x52;-&#78;&#x55;R&#x53;&#x45;R&#x59;&#x2d;&#65;&#x4e;&#x44;&#45;&#x50;&#x52;&#73;&#x4d;&#x41;&#82;&#x59;&#x2d;&#67;&#x59;C&#76;&#x45;&#64;&#101;&#x75;r&#115;&#x63;&#46;&#101;&#x75;<\/a><span class=\"phone\">+49 721 6800943<\/span><\/div>\n<div class=\"staff-member\"><span class=\"name\">Mme Marie Allmann<\/span><span class=\"job\">Secr\u00e9taire<\/span><a href=\"&#109;&#x61;i&#x6c;&#x74;&#111;&#x3a;m&#x61;&#x72;&#105;&#x65;&#46;&#x61;&#x6c;&#108;&#x6d;a&#x6e;&#x6e;&#64;&#x65;u&#x72;&#x73;&#99;&#x2e;e&#x75;\" class=\"mail\">&#109;&#x61;r&#105;&#x65;&#46;&#97;&#x6c;l&#109;&#x61;n&#110;&#x40;e&#117;&#x72;s&#99;&#x2e;e&#117;<\/a><span class=\"phone\">+49 (0) 721 6800915<\/span><\/div>\n<div class=\"title-deco\" id=\"\"><div class=\"blue-bloc\"><\/div><h2 class=\"title\">R\u00e9partition des classes &#8211; Ann\u00e9e scolaire 2025\/2026<\/h2><\/div>\n<div class=\"staff-member\"><span class=\"name\">Maternelle, section germanophone<\/span><span class=\"job\">Mme Toalster\/Mme Hofheinz<\/span><a href=\"m&#97;&#x69;&#x6c;t&#111;&#58;&#x61;&#x6e;d&#114;&#101;&#x61;&#x2e;t&#111;&#x61;&#x6c;&#x73;t&#101;&#x72;&#x40;t&#101;&#97;&#x63;&#x68;e&#114;&#46;&#x65;&#x75;r&#115;&#x63;&#x2e;&#x65;u\" class=\"mail\">&#97;&#x6e;d&#x72;&#x65;&#97;&#x2e;t&#x6f;&#x61;&#108;&#x73;t&#x65;&#x72;&#64;&#x74;e&#x61;&#x63;&#104;&#x65;r&#x2e;&#x65;&#117;&#x72;s&#x63;&#x2e;&#101;&#x75;<\/a><span class=\"phone\">Salle 027A<\/span><\/div>\n<div class=\"staff-member\"><span class=\"name\">Maternelle, section germanophone<\/span><span class=\"job\">Mme Barbiera\/Mme Demuynck\/ Mme Angotti<\/span><a href=\"&#x6d;&#x61;&#105;&#108;t&#x6f;&#x3a;&#x74;&#97;ma&#x72;&#x61;&#46;&#98;a&#x72;&#x62;&#x69;&#101;ra&#x40;&#x74;&#101;&#97;c&#x68;&#x65;&#x72;&#46;eu&#x72;&#x73;&#99;&#46;e&#x75;\" class=\"mail\">&#116;&#97;&#x6d;&#x61;&#114;&#97;&#x2e;&#x62;&#97;&#114;&#x62;&#x69;&#101;&#114;&#x61;&#x40;&#116;&#101;&#x61;&#x63;&#104;&#101;&#x72;&#x2e;&#101;&#117;&#x72;&#x73;&#99;&#46;&#x65;&#x75;<\/a><span class=\"phone\">Salle 025A<\/span><\/div>\n<div class=\"staff-member\"><span class=\"name\">Maternelle, section anglophone<\/span><span class=\"job\">Mme Johnson\/Mme Taylor<\/span><a href=\"&#109;&#97;&#x69;l&#116;&#x6f;&#x3a;r&#101;&#x62;&#x65;c&#99;&#x61;&#x2e;j&#111;&#x68;&#x6e;s&#111;&#x6e;&#x40;t&#101;&#x61;c&#104;&#101;&#x72;&#46;&#101;&#x75;&#x72;s&#99;&#x2e;&#x65;u\" class=\"mail\">&#x72;&#101;b&#x65;&#99;c&#x61;&#46;j&#x6f;&#x68;&#110;&#x73;&#x6f;&#110;&#64;&#x74;&#101;a&#x63;&#104;e&#x72;&#x2e;&#101;&#x75;&#x72;&#115;c&#x2e;&#101;u<\/a><span class=\"phone\">Salle 029 A<\/span><\/div>\n<div class=\"staff-member\"><span class=\"name\">Maternelle, section francophone <\/span><span class=\"job\">Mme Staub\/Mme Houam<\/span><a href=\"&#x6d;&#97;i&#x6c;&#116;o&#x3a;&#106;o&#x61;&#110;n&#x61;&#46;s&#x74;&#x61;u&#x62;&#x40;&#116;&#x65;&#x61;&#99;&#x68;&#x65;&#114;&#46;&#x65;&#117;r&#x73;&#99;&#46;&#x65;&#117;\" class=\"mail\">&#106;&#x6f;&#97;&#x6e;&#110;&#x61;&#46;&#x73;&#116;&#x61;&#117;&#x62;&#64;&#x74;&#101;&#x61;&#99;&#x68;&#101;&#x72;&#46;&#x65;&#117;&#x72;&#115;&#x63;&#46;&#x65;&#117;<\/a><span class=\"phone\">Salle 003 A<\/span><\/div>\n<div class=\"title-deco\" id=\"\"><div class=\"blue-bloc\"><\/div><h2 class=\"title\">Absences scolaires<\/h2><\/div>\n<p>Veuillez informer par e-mail <strong>l&rsquo;enseignant de la classe<\/strong> de maternelle de l&rsquo;absence de votre enfant avant 8h30.<\/p>\n","protected":false},"excerpt":{"rendered":"<p>Il existe actuellement 4 groupes en maternelle avec une \u00e9quipe d\u00e9vou\u00e9e, constitu\u00e9e d&rsquo;enseignants et d&rsquo;assistants de langue maternelle, qui fournissent aux enfants un large \u00e9ventail d&rsquo;exp\u00e9riences et un apprentissage dans<a class=\"excerpt-read-more\" href=\"https:\/\/www.es-karlsruhe.eu\/fr\/maternelle\/informations-utiles\/personnel\/\" title=\"LirePersonnel\">&#8230; Read more &raquo;<\/a><\/p>\n","protected":false},"author":3,"featured_media":0,"parent":1168,"menu_order":0,"comment_status":"closed","ping_status":"closed","template":"","meta":{"footnotes":""},"class_list":["post-1178","page","type-page","status-publish","hentry"],"_links":{"self":[{"href":"https:\/\/www.es-karlsruhe.eu\/fr\/wp-json\/wp\/v2\/pages\/1178","targetHints":{"allow":["GET"]}}],"collection":[{"href":"https:\/\/www.es-karlsruhe.eu\/fr\/wp-json\/wp\/v2\/pages"}],"about":[{"href":"https:\/\/www.es-karlsruhe.eu\/fr\/wp-json\/wp\/v2\/types\/page"}],"author":[{"embeddable":true,"href":"https:\/\/www.es-karlsruhe.eu\/fr\/wp-json\/wp\/v2\/users\/3"}],"replies":[{"embeddable":true,"href":"https:\/\/www.es-karlsruhe.eu\/fr\/wp-json\/wp\/v2\/comments?post=1178"}],"version-history":[{"count":9,"href":"https:\/\/www.es-karlsruhe.eu\/fr\/wp-json\/wp\/v2\/pages\/1178\/revisions"}],"predecessor-version":[{"id":173283,"href":"https:\/\/www.es-karlsruhe.eu\/fr\/wp-json\/wp\/v2\/pages\/1178\/revisions\/173283"}],"up":[{"embeddable":true,"href":"https:\/\/www.es-karlsruhe.eu\/fr\/wp-json\/wp\/v2\/pages\/1168"}],"wp:attachment":[{"href":"https:\/\/www.es-karlsruhe.eu\/fr\/wp-json\/wp\/v2\/media?parent=1178"}],"curies":[{"name":"wp","href":"https:\/\/api.w.org\/{rel}","templated":true}]}}