{"id":1194,"date":"2017-09-01T16:04:36","date_gmt":"2017-09-01T14:04:36","guid":{"rendered":"https:\/\/www.es-karlsruhe.eu\/?page_id=1194\/"},"modified":"2025-09-23T11:21:52","modified_gmt":"2025-09-23T09:21:52","slug":"reglement-scolaire","status":"publish","type":"page","link":"https:\/\/www.es-karlsruhe.eu\/fr\/primaire\/informations-utiles\/reglement-scolaire\/","title":{"rendered":"R\u00e8glement scolaire"},"content":{"rendered":"<div class=\"title-deco\" id=\"\"><div class=\"blue-bloc\"><\/div><h2 class=\"title\"> R\u00e8glement au primaire<\/h2><\/div>\n<p><a href=\"https:\/\/www.es-karlsruhe.eu\/wp-content\/uploads\/2018\/07\/Reflection-forms.pdf\">Formulaire\u00a0de\u00a0r\u00e9flection<\/a><br \/>\n<a href=\"https:\/\/www.es-karlsruhe.eu\/wp-content\/uploads\/2021\/11\/HSA_FR.pdf\">Accord \u00ab\u00a0Home School\u00a0\u00bb<\/a><br \/>\n<a href=\"https:\/\/www.es-karlsruhe.eu\/wp-content\/uploads\/2024\/06\/2024.06.12-ESK_Homework-Policy_KG_GS_OS_DE-EN-FR_June-2024.pdf\">R\u00e8gles pour les devoirs<\/a><br \/>\n<a href=\"https:\/\/www.es-karlsruhe.eu\/wp-content\/uploads\/2018\/07\/Disziplinblatt-auf-englisch.pdf\">Rapport de discipline<\/a><br \/>\n<a href=\"https:\/\/www.es-karlsruhe.eu\/wp-content\/uploads\/2018\/09\/Golden-Rules_v4_Fr.pdf\">R\u00e8gles d\u00b4or<\/a><br \/>\n<a href=\"https:\/\/www.es-karlsruhe.eu\/wp-content\/uploads\/2018\/07\/Disziplinblatt-auf-franz\u00f6sisch.pdf\">Feuille de discipline<\/a><br \/>\n<a href=\"https:\/\/www.es-karlsruhe.eu\/wp-content\/uploads\/2025\/09\/Social-Climate-Policy-KG-GS-and-OS-fr-24-juin-2025n.pdf\">Social Climate<\/a><\/p>\n<p><span style=\"display: inline !important; float: none; background-color: #ffffff; color: #333333; cursor: text; font-family: Georgia,'Times New Roman','Bitstream Charter',Times,serif; font-size: 16px; font-style: normal; font-variant: normal; font-weight: 400; letter-spacing: normal; orphans: 2; text-align: left; text-decoration: none; text-indent: 0px; text-transform: none; -webkit-text-stroke-width: 0px; white-space: normal; word-spacing: 0px;\"><div class=\"title-deco\" id=\"\"><div class=\"blue-bloc\"><\/div><h2 class=\"title\"> Soutien Educatif <\/h2><\/div><\/span><\/p>\n<p>Diff\u00e9rents types et niveaux de soutien sont propos\u00e9s et destin\u00e9s \u00e0 assurer une aide appropri\u00e9e aux \u00e9l\u00e8ves pr\u00e9sentant des difficult\u00e9s et des besoins \u00e9ducatifs sp\u00e9cifiques \u00e0 quelque moment de leur scolarit\u00e9, afin de leur permettre de se d\u00e9velopper, de progresser en fonction de leur potentiel et de s\u2019int\u00e9grer avec succ\u00e8s.<\/p>\n<p>Les documents suivants indiquent les <strong>lignes directrices\u00a0<\/strong>des Ecoles europ\u00e9ennes\u00a0pour tenir\u00a0compte de la situation particuli\u00e8re de ces enfants :<\/p>\n<p>Politique en mati\u00e8re de soutien \u00e9ducatif dans les Ecoles europ\u00e9ennes &#8211; <a href=\"https:\/\/www.es-karlsruhe.eu\/wp-content\/uploads\/2023\/09\/2012-05-D-15-fr-13.pdf\">2012-05-D-15-fr-13<\/a><\/p>\n<p><a href=\"https:\/\/www.es-karlsruhe.eu\/wp-content\/uploads\/2023\/09\/ToPublishOnline-ESK-Internal-Support-Policy-EN-SEPTEMBER-2023.pdf\">ESK Politique interne en mati\u00e8re de soutien \u00e9ducatif<\/a><\/p>\n<p>&nbsp;<\/p>\n<div class=\"title-deco\" id=\"\"><div class=\"blue-bloc\"><\/div><h2 class=\"title\">Communication \u00e0 l&rsquo;\u00e9cole primaire<\/h2><\/div>\n<h3>Philosophie de l&rsquo;\u00e9cole<\/h3>\n<p>L&rsquo;\u00e9cole europ\u00e9enne de Karlsruhe recherche une collaboration \u00e9troite avec tous les membres de la communaut\u00e9 scolaire afin de dispenser un enseignement de qualit\u00e9.<br \/>\nLa communication et la transparence sont les principes de base de notre \u00e9thique.<br \/>\nPour le bien de l`enfants\/parents\/personnel, il est \u00e9vident qu\u00b4un dialogue constructif contribue \u00e0 clarifier les situations d\u00e9licates. Notre t\u00e2che est de cr\u00e9er une ambiance de tol\u00e9rance tout en respectant les diff\u00e9rences comme une de nos valeurs les plus pr\u00e9cieuses.<br \/>\nEn tant que parents, vous pourrez vous informer r\u00e9guli\u00e8rement\u00a0:<\/p>\n<h3>O\u00f9 trouver les informations ?<\/h3>\n<ul>\n<li>E-mail: <a href=\"mailto:info&#64;&#101;&#115;&#107;&#97;&#114;&#46;&#111;&#114;&#103;\">info&#64;e&#115;&#45;&#107;&#97;&#114;&#108;&#115;&#x72;&#x75;&#x68;&#x65;&#x2e;&#x65;&#x75;<\/a><\/li>\n<li><a href=\"https:\/\/www.esk-eltern.de\/\" target=\"_blank\" rel=\"noopener noreferrer\">Site internet de l\u2019Association des Parents d\u2019El\u00e8ves<\/a><\/li>\n<li>Circulaires<\/li>\n<\/ul>\n<h3>Prendre contact avec les enseignants<\/h3>\n<ul>\n<li>Soir\u00e9es des parents (2 au cours de l\u2019ann\u00e9e scolaire) organis\u00e9es par l\u2019Ecole<\/li>\n<li>Heures de r\u00e9ception, chaque enseignant dispose d\u2019une heure pour rencontrer les parents (uniquement sur rendez-vous)<\/li>\n<li>Par courrier \u00e9lectronique ou lettre<\/li>\n<li>Evt. prendre rendez-vous en dehors de la journ\u00e9e scolaire<\/li>\n<\/ul>\n<h3>Prendre contact avec la direction des cycles maternel\/primaire<\/h3>\n<ul>\n<li>Prendre un rendez-vous (pri\u00e8re de s\u2019adresser \u00e0 la secr\u00e9taire Mme Allmann, t\u00e9l: 0721 6800915, <a href=\"&#x6d;&#x61;&#x69;&#x6c;&#x74;&#x6f;&#x3a;&#109;&#97;&#114;&#105;&#101;&#46;all&#x6d;&#x61;&#x6e;&#x6e;&#x40;&#x65;&#x75;&#x72;&#115;&#99;&#46;&#101;&#117;\">&#x6d;a&#x72;&#105;&#x65;&#46;a&#x6c;&#108;&#x6d;&#97;n&#x6e;&#64;&#x65;&#117;r&#x73;c&#x2e;&#101;&#x75;<\/a>)<\/li>\n<li>Email: <a href=\"m&#97;&#105;&#x6c;&#x74;&#x6f;&#x3a;K&#65;&#82;&#45;&#x44;&#x45;&#x50;UT&#89;&#45;&#x44;&#x49;&#x52;EC&#84;&#79;&#x52;&#x2d;&#x4e;UR&#83;&#69;&#x52;&#x59;&#x2d;AN&#68;&#45;&#x50;&#x52;&#x49;MA&#82;&#89;&#x2d;&#x43;&#x59;&#x43;L&#69;&#64;&#x65;&#x75;&#x72;&#x73;c&#46;&#101;&#117;\">&#x4b;A&#x52;&#45;&#x44;&#69;&#x50;&#x55;T&#x59;&#45;&#x44;&#73;&#x52;&#69;C&#x54;&#79;&#x52;&#45;&#x4e;&#85;R&#x53;&#69;&#x52;&#89;&#x2d;&#65;N&#x44;-&#x50;&#82;&#x49;&#77;A&#x52;Y&#x2d;&#67;&#x59;&#67;L&#x45;&#64;&#x65;&#117;&#x72;&#115;c&#x2e;e&#x75;<\/a><\/li>\n<li>Par courrier<\/li>\n<\/ul>\n","protected":false},"excerpt":{"rendered":"<p>Formulaire\u00a0de\u00a0r\u00e9flection Accord \u00ab\u00a0Home School\u00a0\u00bb R\u00e8gles pour les devoirs Rapport de discipline R\u00e8gles d\u00b4or Feuille de discipline Social Climate Diff\u00e9rents types et niveaux de soutien sont propos\u00e9s et destin\u00e9s \u00e0 assurer<a class=\"excerpt-read-more\" href=\"https:\/\/www.es-karlsruhe.eu\/fr\/primaire\/informations-utiles\/reglement-scolaire\/\" title=\"LireR\u00e8glement scolaire\">&#8230; Read more &raquo;<\/a><\/p>\n","protected":false},"author":3,"featured_media":0,"parent":1190,"menu_order":0,"comment_status":"closed","ping_status":"closed","template":"","meta":{"footnotes":""},"class_list":["post-1194","page","type-page","status-publish","hentry"],"_links":{"self":[{"href":"https:\/\/www.es-karlsruhe.eu\/fr\/wp-json\/wp\/v2\/pages\/1194","targetHints":{"allow":["GET"]}}],"collection":[{"href":"https:\/\/www.es-karlsruhe.eu\/fr\/wp-json\/wp\/v2\/pages"}],"about":[{"href":"https:\/\/www.es-karlsruhe.eu\/fr\/wp-json\/wp\/v2\/types\/page"}],"author":[{"embeddable":true,"href":"https:\/\/www.es-karlsruhe.eu\/fr\/wp-json\/wp\/v2\/users\/3"}],"replies":[{"embeddable":true,"href":"https:\/\/www.es-karlsruhe.eu\/fr\/wp-json\/wp\/v2\/comments?post=1194"}],"version-history":[{"count":9,"href":"https:\/\/www.es-karlsruhe.eu\/fr\/wp-json\/wp\/v2\/pages\/1194\/revisions"}],"predecessor-version":[{"id":173500,"href":"https:\/\/www.es-karlsruhe.eu\/fr\/wp-json\/wp\/v2\/pages\/1194\/revisions\/173500"}],"up":[{"embeddable":true,"href":"https:\/\/www.es-karlsruhe.eu\/fr\/wp-json\/wp\/v2\/pages\/1190"}],"wp:attachment":[{"href":"https:\/\/www.es-karlsruhe.eu\/fr\/wp-json\/wp\/v2\/media?parent=1194"}],"curies":[{"name":"wp","href":"https:\/\/api.w.org\/{rel}","templated":true}]}}