{"id":1196,"date":"2017-09-01T16:04:53","date_gmt":"2017-09-01T14:04:53","guid":{"rendered":"https:\/\/www.es-karlsruhe.eu\/?page_id=1196\/"},"modified":"2025-11-12T12:26:10","modified_gmt":"2025-11-12T11:26:10","slug":"journee-scolaire","status":"publish","type":"page","link":"https:\/\/www.es-karlsruhe.eu\/fr\/primaire\/informations-utiles\/journee-scolaire\/","title":{"rendered":"Journ\u00e9e scolaire"},"content":{"rendered":"<h3>P1 et P2<\/h3>\n<p>Tous les enfants (y compris ceux qui apportent leur propre repas) se rendent \u00e0 la cantine avec leurs enseignants.<\/p>\n<p>Il est important que les \u00e9l\u00e8ves se d\u00e9placement silencieusement (lorsqu\u00b4ils vont \u00e0 la cantine, au course de sport etc.. ) pour ne pas d\u00e9ranger les autres.<\/p>\n<p>Les enfants de la classe P1 sont accompagn\u00e9s jusqu\u00b4 au portail de l&rsquo;\u00e9cole \/ bus \/ trams les premi\u00e8res semaines de l&rsquo;ann\u00e9e scolaire, jusqu&rsquo;\u00e0 ce qu&rsquo;ils se sentent \u00e0 l\u00b4aise.<\/p>\n<p>Veillez \u00e0 \u00eatre \u00e0 l&rsquo;heure, les cours commencent imm\u00e9diatement.<\/p>\n<div class=\"title-deco\" id=\"\"><div class=\"blue-bloc\"><\/div><h2 class=\"title\">L&#8217;emploi du temps 2025-2026 classes 1-2<\/h2><\/div>\n<table class=\"text-center\">\n<tbody>\n<tr class=\"bg-light-gray\">\n<th style=\"width: 16.6666%;\">Classe 1-2<\/th>\n<th>Lundi<\/th>\n<th>Mardi<\/th>\n<th>Mercredi<\/th>\n<th>Jeudi<\/th>\n<th>Vendredi<\/th>\n<\/tr>\n<tr>\n<th>08:05-08:35<\/th>\n<td>30<\/td>\n<td>30<\/td>\n<td>30<\/td>\n<td>30<\/td>\n<td>30<\/td>\n<\/tr>\n<tr>\n<th>08:35-09:05<\/th>\n<td>30<\/td>\n<td>30<\/td>\n<td>30<\/td>\n<td>30<\/td>\n<td>30<\/td>\n<\/tr>\n<tr>\n<th>09:05-09:35<\/th>\n<td>30<\/td>\n<td>30<\/td>\n<td>30<\/td>\n<td>30<\/td>\n<td>30<\/td>\n<\/tr>\n<tr>\n<th>09:35-9:45<\/th>\n<td><span style=\"background: #00ff00;\">Petit-d\u00e9jeuner<\/span><\/td>\n<td><span style=\"background: #00ff00;\">Petit-d\u00e9jeuner<\/span><\/td>\n<td><span style=\"background: #00ff00;\">Petit-d\u00e9jeuner<\/span><\/td>\n<td><span style=\"background: #00ff00;\">Petit-d\u00e9jeuner<\/span><\/td>\n<td><span style=\"background: #00ff00;\">Petit-d\u00e9jeuner<\/span><\/td>\n<\/tr>\n<tr>\n<th>09:45-10:00<\/th>\n<td><span style=\"background: #00ff00;\">R\u00e9cr\u00e9ation<\/span><\/td>\n<td><span style=\"background: #00ff00;\">R\u00e9cr\u00e9ation<\/span><\/td>\n<td><span style=\"background: #00ff00;\">R\u00e9cr\u00e9ation<\/span><\/td>\n<td><span style=\"background: #00ff00;\">R\u00e9cr\u00e9ation<\/span><\/td>\n<td><span style=\"background: #00ff00;\">R\u00e9cr\u00e9ation<\/span><\/td>\n<\/tr>\n<tr>\n<th>10:00-10:40<\/th>\n<td><strong>L2<\/strong><\/td>\n<td><strong>L2<\/strong><\/td>\n<td><strong>L2<\/strong><\/td>\n<td>40<\/td>\n<td><strong>L2<\/strong><\/td>\n<\/tr>\n<tr>\n<th>10:40-11:15<\/th>\n<td>35<\/td>\n<td rowspan=\"2\">45 (10:40-11:25)<\/td>\n<td>35<\/td>\n<td rowspan=\"2\">45 (10:40-11:25)<\/td>\n<td>35<\/td>\n<\/tr>\n<tr>\n<th>11:15-11:45<\/th>\n<td>30<\/td>\n<td rowspan=\"1,5\">30<\/td>\n<td>30<\/td>\n<\/tr>\n<tr>\n<th>11:45-12:15<\/th>\n<td>30<\/td>\n<td>Cantine (11:25-11:50) + surveillance jusqu&rsquo;\u00e0 12:00<\/td>\n<td>30<\/td>\n<td>Cantine (11:25-11:50) + surveillance jusqu&rsquo;\u00e0 12:00<\/td>\n<td>30<\/td>\n<\/tr>\n<tr>\n<th>12:15-12:45<\/th>\n<td rowspan=\"7\"><\/td>\n<td><span style=\"background: #00ff00;\">R\u00e9cr\u00e9ation 45<\/span> (12:00-12:45)<\/td>\n<td rowspan=\"7\"><\/td>\n<td><span style=\"background: #00ff00;\">R\u00e9cr\u00e9ation 45<\/span> (12:00-12:45)<\/td>\n<td rowspan=\"7\"><\/td>\n<\/tr>\n<tr>\n<th>12:45 -13:15<\/th>\n<td>30<\/td>\n<td><b>Rel\/Moral 30<\/b><\/td>\n<\/tr>\n<tr>\n<th>13:15-13:45<\/th>\n<td>30<\/td>\n<td><b>Rel\/Moral 30<\/b><\/td>\n<\/tr>\n<tr>\n<th>13:45-14:05<\/th>\n<td><span style=\"background: #00ff00;\">R\u00e9cr\u00e9ation 20<\/span><\/td>\n<td><span style=\"background: #00ff00;\">R\u00e9cr\u00e9ation 20<\/span><\/td>\n<\/tr>\n<tr>\n<th>14:05-14:35<\/th>\n<td>30<\/td>\n<td>30<\/td>\n<\/tr>\n<tr>\n<th>14:35-15:05<\/th>\n<td>30<\/td>\n<td>30<\/td>\n<\/tr>\n<tr>\n<th>15:05-15.35<\/th>\n<td>30<\/td>\n<td>30<\/td>\n<\/tr>\n<\/tbody>\n<\/table>\n<div class=\"title-deco\" id=\"\"><div class=\"blue-bloc\"><\/div><h2 class=\"title\">L&#8217;emploi du temps 2025-2026 classes 3,4,5<\/h2><\/div>\n<table class=\"text-center\">\n<tbody>\n<tr class=\"bg-light-gray\">\n<th>Classe 3\/4\/5<\/th>\n<th>Lundi<\/th>\n<th>Mardi<\/th>\n<th>Mercredi<\/th>\n<th>Jeudi<\/th>\n<th>Vendredi<\/th>\n<\/tr>\n<tr>\n<th>08:05-08:50<\/th>\n<td><strong>P3+P4 L2 <\/strong>45<\/td>\n<td><strong>P3+P4 L2\u00a0<\/strong>45<\/td>\n<td><strong>P3+P4 L2\u00a0<\/strong>45<\/td>\n<td><strong>P3 +P4 L2\u00a0<\/strong>45<\/td>\n<td><strong>P3+P4 L2\u00a0<\/strong>45<\/td>\n<\/tr>\n<tr>\n<th><strong>08:50-09:35<\/strong><\/th>\n<td><strong>P5 L2\u00a0<\/strong>45<\/td>\n<td><strong>P5 L2\u00a0<\/strong>45<\/td>\n<td><strong>P5 L2\u00a0<\/strong>45<\/td>\n<td><strong>P5 L2\u00a0<\/strong>45<\/td>\n<td><strong>P5 L2\u00a0<\/strong>45<\/td>\n<\/tr>\n<tr>\n<th>09:35-09:45<\/th>\n<td><span style=\"background: #00ff00;\">Petit-d\u00e9jeuner<\/span><\/td>\n<td><span style=\"background: #00ff00;\">Petit-d\u00e9jeuner<\/span><\/td>\n<td><span style=\"background: #00ff00;\">Petit-d\u00e9jeuner<\/span><\/td>\n<td><span style=\"background: #00ff00;\">Petit-d\u00e9jeuner<\/span><\/td>\n<td><span style=\"background: #00ff00;\">Petit-d\u00e9jeuner<\/span><\/td>\n<\/tr>\n<tr>\n<th>09:45-10:00<\/th>\n<td><span style=\"background: #00ff00;\">R\u00e9cr\u00e9ation<\/span><\/td>\n<td><span style=\"background: #00ff00;\">R\u00e9cr\u00e9ation<\/span><\/td>\n<td><span style=\"background: #00ff00;\">R\u00e9cr\u00e9ation<\/span><\/td>\n<td><span style=\"background: #00ff00;\">R\u00e9cr\u00e9ation<\/span><\/td>\n<td><span style=\"background: #00ff00;\">R\u00e9cr\u00e9ation<\/span><\/td>\n<\/tr>\n<tr>\n<th>10:00-10:45<\/th>\n<td>45<\/td>\n<td>45<\/td>\n<td>45<\/td>\n<td>45<\/td>\n<td>45<\/td>\n<\/tr>\n<tr>\n<th>10:45-11:30<\/th>\n<td>45<\/td>\n<td>45<\/td>\n<td>45<\/td>\n<td>45<\/td>\n<td>45<\/td>\n<\/tr>\n<tr>\n<th>11:30-12:00<\/th>\n<td>30<\/td>\n<td>30<\/td>\n<td>45 (11:30 &#8211; 12:15)<\/td>\n<td>30<\/td>\n<td>45 (11:30-12:15)<\/td>\n<\/tr>\n<tr>\n<th>12:00-12:30<\/th>\n<td style=\"text-align: left;\"><span style=\"background: #00ff00;\">Cantine + r\u00e9cr\u00e9ation<\/span><\/td>\n<td><span style=\"background: #00ff00;\">Cantine + r\u00e9cr\u00e9ation<\/span><\/td>\n<td rowspan=\"5\"><\/td>\n<td><span style=\"background: #00ff00;\">Cantine + r\u00e9cr\u00e9ation<\/span><\/td>\n<td rowspan=\"5\"><\/td>\n<\/tr>\n<tr>\n<th>13:00-13:45<\/th>\n<td>45<\/td>\n<td>45<\/td>\n<td>45<\/td>\n<\/tr>\n<tr>\n<th>13:45-14:05<\/th>\n<td><span style=\"background: #00ff00;\">R\u00e9cr\u00e9ation<\/span><\/td>\n<td><span style=\"background: #00ff00;\">R\u00e9cr\u00e9ation<\/span><\/td>\n<td><span style=\"background: #00ff00;\">R\u00e9cr\u00e9ation<\/span><\/td>\n<\/tr>\n<tr>\n<th>14:05-14:50<\/th>\n<td>Heures europ\u00e9ennes 45<\/td>\n<td>45<\/td>\n<td>Rel\/Moral 45<\/td>\n<\/tr>\n<tr>\n<th>14:50-15:35<\/th>\n<td>Heures europ\u00e9ennes 45<\/td>\n<td>45<\/td>\n<td>Rel\/Moral 45<\/td>\n<\/tr>\n<\/tbody>\n<\/table>\n<p>&nbsp;<\/p>\n","protected":false},"excerpt":{"rendered":"<p>P1 et P2 Tous les enfants (y compris ceux qui apportent leur propre repas) se rendent \u00e0 la cantine avec leurs enseignants. Il est important que les \u00e9l\u00e8ves se d\u00e9placement<a class=\"excerpt-read-more\" href=\"https:\/\/www.es-karlsruhe.eu\/fr\/primaire\/informations-utiles\/journee-scolaire\/\" title=\"LireJourn\u00e9e scolaire\">&#8230; Read more &raquo;<\/a><\/p>\n","protected":false},"author":3,"featured_media":0,"parent":1190,"menu_order":0,"comment_status":"closed","ping_status":"closed","template":"","meta":{"footnotes":""},"class_list":["post-1196","page","type-page","status-publish","hentry"],"_links":{"self":[{"href":"https:\/\/www.es-karlsruhe.eu\/fr\/wp-json\/wp\/v2\/pages\/1196","targetHints":{"allow":["GET"]}}],"collection":[{"href":"https:\/\/www.es-karlsruhe.eu\/fr\/wp-json\/wp\/v2\/pages"}],"about":[{"href":"https:\/\/www.es-karlsruhe.eu\/fr\/wp-json\/wp\/v2\/types\/page"}],"author":[{"embeddable":true,"href":"https:\/\/www.es-karlsruhe.eu\/fr\/wp-json\/wp\/v2\/users\/3"}],"replies":[{"embeddable":true,"href":"https:\/\/www.es-karlsruhe.eu\/fr\/wp-json\/wp\/v2\/comments?post=1196"}],"version-history":[{"count":6,"href":"https:\/\/www.es-karlsruhe.eu\/fr\/wp-json\/wp\/v2\/pages\/1196\/revisions"}],"predecessor-version":[{"id":175031,"href":"https:\/\/www.es-karlsruhe.eu\/fr\/wp-json\/wp\/v2\/pages\/1196\/revisions\/175031"}],"up":[{"embeddable":true,"href":"https:\/\/www.es-karlsruhe.eu\/fr\/wp-json\/wp\/v2\/pages\/1190"}],"wp:attachment":[{"href":"https:\/\/www.es-karlsruhe.eu\/fr\/wp-json\/wp\/v2\/media?parent=1196"}],"curies":[{"name":"wp","href":"https:\/\/api.w.org\/{rel}","templated":true}]}}