{"id":1198,"date":"2017-09-01T16:05:11","date_gmt":"2017-09-01T14:05:11","guid":{"rendered":"https:\/\/www.es-karlsruhe.eu\/?page_id=1198\/"},"modified":"2026-02-25T16:32:39","modified_gmt":"2026-02-25T15:32:39","slug":"personnel","status":"publish","type":"page","link":"https:\/\/www.es-karlsruhe.eu\/fr\/primaire\/informations-utiles\/personnel\/","title":{"rendered":"Personnel"},"content":{"rendered":"<div class=\"staff-member\"><span class=\"name\">M. Holger Klose<\/span><span class=\"job\">Directeur adjoint de l\u00b4\u00e9cole<br \/>\nmaternelle et primaire<\/span><a href=\"&#x6d;a&#x69;&#108;t&#x6f;&#58;&#x4b;&#x41;R&#x2d;&#68;E&#x50;&#85;&#x54;&#89;-&#x44;&#73;R&#x45;&#67;&#x54;&#79;R&#x2d;&#78;&#x55;&#x52;S&#x45;&#82;Y&#x2d;&#65;&#x4e;&#x44;-&#x50;&#82;I&#x4d;&#65;&#x52;&#89;-&#x43;&#89;&#x43;&#x4c;E&#x40;&#101;u&#x72;&#115;&#x63;&#x2e;e&#x75;\" class=\"mail\">&#75;A&#x52;-&#x44;E&#x50;U&#x54;Y&#x2d;D&#x49;&#82;&#x45;&#67;&#x54;&#79;&#x52;&#45;&#x4e;&#85;&#x52;&#83;&#x45;&#82;Y&#x2d;A&#x4e;D&#x2d;P&#x52;I&#x4d;A&#x52;&#89;&#x2d;&#67;&#x59;&#67;&#x4c;&#69;&#x40;&#101;&#x75;&#114;&#x73;&#99;&#46;&#x65;u<\/a><span class=\"phone\">+49 (0) 7 21 6 80 09-15<\/span><\/div>\n<div class=\"staff-member\"><span class=\"name\">Mme Marie Allmann<\/span><span class=\"job\">Secr\u00e9taire<\/span><a href=\"&#109;&#x61;i&#108;&#x74;o&#58;&#x6d;a&#114;&#x69;e&#46;&#x61;&#108;&#x6c;&#x6d;&#97;&#x6e;&#x6e;&#64;&#x65;u&#114;&#x73;c&#46;&#x65;u\" class=\"mail\">&#x6d;&#x61;&#x72;&#x69;&#x65;&#x2e;&#x61;&#x6c;&#x6c;&#x6d;&#x61;&#x6e;&#x6e;&#x40;&#x65;&#x75;&#x72;&#x73;&#x63;&#x2e;&#x65;&#x75;<\/a><span class=\"phone\">+49 (0) 7 21 6 80 09-15<\/span><\/div>\n<div class=\"staff-member\"><span class=\"name\">Mme Rachel Weller<\/span><span class=\"job\">Assistante Int\u00e9rim du Directeur Adjoint de l\u2018\u00e9cole maternelle et primairey<\/span><a href=\"m&#97;&#105;&#x6c;&#x74;&#x6f;:k&#97;&#114;&#x2d;&#x61;&#x73;s&#105;&#115;&#116;&#x61;&#x6e;&#x74;-&#100;&#101;&#x70;&#x75;&#x74;y-&#100;&#105;&#x72;&#x65;&#x63;t&#111;&#114;&#45;&#x6e;&#x75;&#x72;s&#101;&#114;&#x79;&#x2d;&#x61;nd&#45;&#112;&#x72;&#x69;&#x6d;a&#114;&#121;&#45;&#x63;&#x79;&#x63;l&#101;&#64;&#x65;&#x75;&#x72;sc&#46;&#101;&#x75;\" class=\"mail\">&#107;&#x61;&#x72;-&#97;&#x73;s&#105;&#x73;t&#97;&#x6e;t&#45;&#x64;&#x65;&#112;&#x75;&#x74;y&#45;&#x64;i&#114;&#x65;c&#116;&#x6f;&#x72;&#45;&#x6e;&#x75;r&#115;&#x65;r&#121;&#x2d;a&#110;&#x64;-&#112;&#x72;&#x69;&#109;&#x61;&#x72;y&#45;&#x63;y&#99;&#x6c;e&#64;&#x65;&#x75;&#114;&#x73;&#x63;&#46;&#101;&#x75;<\/a><span class=\"phone\">Tel. +49 (0)7 21-6 80 09-43<\/span><\/div>\n<div class=\"staff-member\"><span class=\"name\">Mme Joanne Molloy<\/span><span class=\"job\">Infirmi\u00e8re<\/span><a href=\"ma&#105;&#108;&#116;&#x6f;&#x3a;&#x6a;&#x6f;&#x61;nn&#101;&#46;&#109;&#x6f;&#x6c;&#x6c;&#x6f;&#x79;&#64;e&#117;&#114;&#115;&#x63;&#x2e;&#x65;&#x75;\" class=\"mail\">&#106;o&#x61;n&#x6e;&#101;&#x2e;&#109;&#x6f;&#108;l&#x6f;y&#x40;&#101;&#x75;&#114;&#x73;&#99;&#x2e;&#101;u<\/a><span class=\"phone\">+49 7 21 6 80 09-23 ou +49 160 3063697<\/span><\/div>\n<div class=\"staff-member\"><span class=\"name\">Mme Karina Mander<\/span><span class=\"job\">Biblioth\u00e9caire<\/span><a href=\"&#x6d;&#x61;&#x69;&#108;&#116;o:&#x6b;&#x61;&#x72;&#x69;&#110;&#97;&#46;m&#x61;&#x6e;&#x64;&#101;&#114;&#64;ed&#x75;&#x2e;&#x65;&#117;&#114;sc&#x2e;&#x65;&#x75;\" class=\"mail\">&#107;a&#114;i&#110;a&#x2e;m&#x61;n&#x64;e&#x72;&#64;&#x65;d&#x75;&#46;&#x65;u&#x72;s&#x63;&#46;&#x65;&#117;<\/a><span class=\"phone\">+49 (0) 7 21 6 80 09-22<\/span><\/div>\n<div class=\"staff-member\"><span class=\"name\">M. Rafael Ledwig<\/span><span class=\"job\">Concierge<\/span><a href=\"&#x6d;a&#x69;&#108;&#x74;&#111;:&#x72;a&#x66;&#97;&#x65;&#108;&#46;&#x6c;&#101;&#x64;&#119;i&#x67;&#64;&#x73;&#116;&#x61;&#102;f&#x2e;e&#x75;&#114;&#x73;&#x63;&#46;&#x65;&#117;\" class=\"mail\">&#x72;a&#x66;&#97;e&#x6c;&#46;&#x6c;&#x65;d&#x77;&#105;g&#x40;&#115;&#x74;&#97;f&#x66;&#46;e&#x75;&#114;&#x73;&#99;&#46;&#x65;&#117;<\/a><span class=\"phone\">+49 (0) 7 21 6 80 09-61<\/span><\/div>\n<div class=\"title-deco\" id=\"\"><div class=\"blue-bloc\"><\/div><h2 class=\"title\">Absences scolaires<\/h2><\/div>\n<p>Veuillez informer <strong>l&rsquo;\u00e9cole + l&rsquo;enseignant de la classe<\/strong> de l&rsquo;absence de votre enfant par e-mail avant 8h30.<br \/>\nL&rsquo;adresse e-mail de l&rsquo;\u00e9cole pour les absences des \u00e9l\u00e8ves du primaire est la suivante :<\/p>\n<p><a href=\"&#x6d;&#97;i&#x6c;&#116;&#111;&#x3a;&#x6c;&#105;s&#x74;&#45;k&#x61;&#x72;&#45;g&#x73;&#97;b&#x73;&#x65;&#110;c&#x65;&#64;e&#x75;&#x72;&#115;c&#x2e;&#101;u\">&#x6c;&#105;s&#x74;&#45;k&#x61;&#114;-&#x67;&#115;a&#x62;&#115;e&#x6e;&#99;e&#x40;&#101;u&#x72;&#115;c&#x2e;&#101;u<\/a><\/p>\n<div class=\"title-deco\" id=\"\"><div class=\"blue-bloc\"><\/div><h2 class=\"title\">R\u00e9partition des classes &#8211; Ann\u00e9e scolaire 2025\/2026<\/h2><\/div>\n<p><strong>Section allemande<\/strong><\/p>\n<div class=\"staff-member\"><span class=\"name\">1 Da<\/span><span class=\"job\">Mme Kraemer<\/span><a href=\"&#109;&#x61;&#105;&#x6c;t&#111;&#x3a;&#98;&#x72;i&#x74;t&#97;&#x2e;&#107;&#x72;a&#x65;&#x6d;&#101;&#x72;&#64;&#x74;e&#97;&#x63;&#104;&#x65;r&#x2e;e&#117;&#x72;&#115;&#x63;&#46;&#101;&#x75;\" class=\"mail\">&#x62;&#114;i&#x74;&#116;a&#x2e;&#107;r&#x61;&#101;m&#x65;&#114;&#64;&#x74;&#101;a&#x63;&#104;e&#x72;&#46;e&#x75;&#114;s&#x63;&#46;e&#x75;<\/a><span class=\"phone\">salle 008 A<\/span><\/div>\n<div class=\"staff-member\"><span class=\"name\">1 Db<\/span><span class=\"job\">Mme Wei\u00df<\/span><a href=\"m&#97;&#105;&#x6c;&#x74;o&#58;&#100;&#x6f;&#x72;&#x6f;t&#104;&#101;&#x61;&#x2e;we&#105;&#x73;&#x73;&#x40;t&#101;&#97;&#x63;&#x68;er&#46;&#x65;&#x75;&#x72;s&#99;&#46;&#x65;&#x75;\" class=\"mail\">&#x64;&#x6f;&#114;&#111;t&#x68;&#x65;&#x61;&#46;we&#x69;&#x73;&#115;&#64;t&#x65;&#x61;&#x63;&#104;er&#x2e;&#x65;&#117;&#114;s&#x63;&#x2e;&#x65;&#117;<\/a><span class=\"phone\">salle 004 A<\/span><\/div>\n<div class=\"staff-member\"><span class=\"name\">2 Da<\/span><span class=\"job\">Mme Pieper<\/span><a href=\"&#109;&#x61;i&#x6c;&#x74;&#111;&#x3a;m&#x61;&#x72;&#105;&#x61;&#46;&#x70;&#x69;&#101;&#x70;e&#x72;&#x40;&#116;&#x65;a&#x63;&#x68;&#101;&#x72;&#46;&#x65;&#x75;&#114;&#x73;c&#x2e;&#x65;&#117;\" class=\"mail\">&#x6d;&#97;&#114;i&#x61;&#x2e;&#112;i&#x65;&#x70;&#101;r&#x40;&#x74;&#101;a&#x63;&#x68;&#101;r&#x2e;&#x65;&#117;r&#x73;&#x63;&#46;&#101;u<\/a><span class=\"phone\">salle 011 A<\/span><\/div>\n<div class=\"staff-member\"><span class=\"name\">2 Db<\/span><span class=\"job\">M. Keller<\/span><a href=\"&#x6d;&#x61;&#105;&#108;t&#x6f;&#x3a;&#x62;&#111;&#114;i&#x73;&#x2e;&#x6b;&#101;&#108;l&#x65;&#x72;&#x40;&#116;&#101;a&#x63;&#x68;&#x65;&#114;&#46;e&#x75;&#x72;&#x73;&#99;&#46;e&#x75;\" class=\"mail\">&#98;&#x6f;r&#105;&#x73;&#46;&#107;&#x65;l&#108;&#x65;r&#64;&#x74;&#101;&#x61;&#x63;&#104;&#x65;&#x72;&#46;&#x65;u&#114;&#x73;c&#46;&#x65;u<\/a><span class=\"phone\">salle 012 A<\/span><\/div>\n<div class=\"staff-member\"><span class=\"name\">3 Da<\/span><span class=\"job\">Mme Holl\u00e4nder <\/span><a href=\"&#109;&#x61;&#105;&#x6c;&#116;&#x6f;&#58;&#x72;e&#x62;e&#x6b;k&#x61;&#46;&#104;&#x6f;&#108;&#x6c;&#97;&#x65;&#110;&#x64;&#101;&#x72;&#64;&#x74;e&#x61;c&#x68;e&#114;&#x2e;&#101;&#x75;&#114;&#x73;&#99;&#x2e;&#101;&#x75;\" class=\"mail\">&#x72;&#x65;&#x62;&#x65;&#x6b;&#x6b;&#97;&#46;&#104;&#111;llae&#x6e;&#x64;&#x65;&#x72;&#x40;&#x74;&#101;&#97;&#99;&#104;&#101;r&#46;e&#x75;&#x72;&#x73;&#x63;&#x2e;&#x65;&#117;<\/a><span class=\"phone\">salle 014 B<\/span><\/div>\n<div class=\"staff-member\"><span class=\"name\">3 Db<\/span><span class=\"job\">Mme Braun<\/span><a href=\"&#109;&#x61;&#x69;&#108;&#x74;&#x6f;:&#x6d;&#x61;r&#105;&#x6f;n&#46;&#x62;r&#97;&#x75;n&#64;&#x74;e&#97;&#x63;&#x68;&#101;&#x72;&#x2e;&#101;&#x75;&#x72;s&#x63;&#x2e;e&#117;\" class=\"mail\">&#x6d;&#x61;&#x72;&#105;&#111;n&#46;&#x62;&#x72;&#x61;&#x75;&#110;&#64;te&#x61;&#x63;&#x68;&#101;&#114;&#46;eu&#x72;&#x73;&#x63;&#46;&#101;u<\/a><span class=\"phone\">salle 010 B<\/span><\/div>\n<div class=\"staff-member\"><span class=\"name\">4 Da<\/span><span class=\"job\">Mme Bahadori-Rausch<\/span><a href=\"m&#97;&#x69;&#x6c;t&#111;&#58;&#x6a;&#x6f;h&#97;&#110;&#x6e;&#x61;&#46;&#98;&#x61;&#x68;&#x61;d&#111;&#x72;&#x69;-&#114;&#97;&#x75;&#x73;c&#104;&#64;&#x74;&#x65;a&#99;&#x68;&#x65;&#x72;&#46;&#101;&#x75;&#x72;sc&#46;&#x65;&#x75;\" class=\"mail\">&#x6a;&#111;&#x68;&#x61;&#110;&#x6e;&#x61;&#46;&#x62;&#x61;&#104;&#x61;&#x64;o&#x72;&#x69;-&#x72;&#97;u&#x73;&#99;h&#x40;&#116;e&#x61;&#99;h&#x65;&#114;&#46;&#x65;&#117;r&#x73;&#99;&#46;&#x65;&#117;<\/a><span class=\"phone\">salle 102 B<\/span><\/div>\n<div class=\"staff-member\"><span class=\"name\">4 Db<\/span><span class=\"job\">Mme Geenen<\/span><a href=\"&#109;&#97;&#x69;l&#116;&#x6f;&#x3a;o&#107;&#x73;&#x61;n&#97;&#x2e;&#x67;e&#101;&#x6e;&#x65;n&#64;&#x74;&#x65;a&#99;&#x68;e&#114;&#46;&#x65;u&#114;&#x73;&#x63;&#46;&#101;&#x75;\" class=\"mail\">&#x6f;&#x6b;&#x73;&#x61;&#x6e;&#x61;&#x2e;&#x67;&#x65;&#x65;&#x6e;&#101;&#110;&#64;&#116;&#101;&#97;&#99;her&#46;eu&#x72;&#x73;&#x63;&#x2e;&#x65;&#x75;<\/a><span class=\"phone\">salle 116 B<\/span><\/div>\n<div class=\"staff-member\"><span class=\"name\">5 Da<\/span><span class=\"job\">Mme Shukla<\/span><a href=\"&#109;&#x61;i&#x6c;&#x74;&#111;&#x3a;i&#114;&#x69;&#110;&#x61;&#46;&#115;&#x68;u&#x6b;l&#97;&#x40;t&#x65;&#x61;&#99;&#x68;e&#114;&#x2e;&#101;&#x75;r&#115;&#x63;&#46;&#x65;u\" class=\"mail\">&#x69;&#114;&#105;&#x6e;&#x61;&#46;&#115;&#x68;&#x75;&#107;&#108;&#x61;&#x40;&#116;&#101;&#x61;&#x63;&#104;&#101;&#x72;&#x2e;&#101;&#117;&#x72;&#x73;&#99;&#46;&#x65;&#x75;<\/a><span class=\"phone\">salle 107 B<\/span><\/div>\n<div class=\"staff-member\"><span class=\"name\">5 Db<\/span><span class=\"job\">M. Kohlwes<\/span><a href=\"&#109;&#x61;i&#108;&#x74;&#111;&#x3a;s&#116;&#x65;f&#x66;&#x65;&#110;&#x2e;k&#111;&#x68;l&#x77;&#x65;&#115;&#x40;t&#101;&#x61;&#99;&#x68;e&#114;&#x2e;e&#117;&#x72;&#115;&#x63;&#46;&#101;&#x75;\" class=\"mail\">&#115;&#x74;&#x65;f&#102;&#x65;n&#46;&#x6b;o&#104;&#x6c;w&#101;&#x73;&#x40;&#116;&#x65;&#x61;c&#104;&#x65;r&#46;&#x65;u&#114;&#x73;&#x63;&#46;&#x65;&#x75;<\/a><span class=\"phone\">salle 108 B<\/span><\/div>\n<p>&nbsp;<\/p>\n<p><strong>Section anglophone<\/strong><\/p>\n<div class=\"staff-member\"><span class=\"name\">1 E<\/span><span class=\"job\">Mme Biffar-McLean<\/span><a href=\"m&#97;&#105;&#x6c;&#x74;o:&#99;&#97;&#x74;&#x72;io&#110;&#97;&#x2e;&#x62;if&#102;&#x61;&#x72;&#x2d;m&#99;&#108;&#x65;&#x61;&#x6e;&#64;&#116;&#101;&#x61;&#x63;&#x68;e&#114;&#46;&#x65;&#x75;&#x72;s&#99;&#46;&#x65;&#x75;\" class=\"mail\">&#x63;a&#x74;&#114;&#x69;&#111;n&#x61;&#46;&#x62;&#105;f&#x66;&#97;&#x72;&#45;m&#x63;l&#x65;&#97;&#x6e;&#x40;t&#x65;&#97;&#x63;&#104;e&#x72;&#46;&#x65;&#117;r&#x73;c&#x2e;&#101;u<\/a><span class=\"phone\">salle 007 A<\/span><\/div>\n<div class=\"staff-member\"><span class=\"name\">2 E<\/span><span class=\"job\">Mme Abdullah<\/span><a href=\"&#109;&#x61;&#x69;l&#116;&#x6f;:&#110;&#x6f;&#x6f;r&#46;&#x61;b&#100;&#x75;&#x6c;l&#97;&#x68;&#64;&#116;&#x65;&#x61;&#99;&#104;&#x65;r&#46;&#x65;&#x75;&#114;&#x73;&#x63;&#46;&#101;&#x75;\" class=\"mail\">&#x6e;&#x6f;&#111;r&#46;&#x61;&#x62;&#100;&#117;l&#x6c;&#x61;&#104;&#64;t&#x65;&#x61;&#x63;&#104;er&#x2e;&#x65;&#117;&#114;s&#x63;&#x2e;&#101;&#117;<\/a><span class=\"phone\"> salle 009 A<\/span><\/div>\n<div class=\"staff-member\"><span class=\"name\">3 E<\/span><span class=\"job\">Mme Lauinger<\/span><a href=\"&#109;&#x61;&#105;&#x6c;&#116;&#x6f;&#58;&#x61;&#100;&#x72;&#105;&#x61;&#110;&#x61;&#46;&#x6c;&#97;&#x75;&#105;&#x6e;&#103;&#x65;&#114;&#x40;&#116;&#x65;a&#x63;h&#x65;r&#x2e;e&#x75;r&#x73;c&#x2e;e&#x75;\" class=\"mail\">&#x61;&#100;r&#x69;&#97;n&#x61;&#46;l&#x61;&#117;i&#x6e;&#103;e&#x72;&#64;t&#x65;&#97;c&#x68;&#101;r&#x2e;&#101;u&#x72;&#115;c&#x2e;&#101;u<\/a><span class=\"phone\"> salle 009 B<\/span><\/div>\n<div class=\"staff-member\"><span class=\"name\">4 E<\/span><span class=\"job\">Mme Finden<\/span><a href=\"m&#97;&#105;&#108;&#x74;&#x6f;&#x3a;pe&#116;&#97;&#x2d;&#x6a;&#x6f;&#x79;&#46;f&#105;&#110;&#x64;&#x65;&#x6e;&#x40;t&#101;&#97;&#99;&#x68;&#x65;&#x72;&#46;e&#117;&#114;&#115;&#x63;&#x2e;&#x65;u\" class=\"mail\">p&#101;&#116;&#x61;&#x2d;j&#111;&#121;&#x2e;&#x66;&#x69;n&#100;&#101;&#x6e;&#x40;te&#97;&#x63;&#x68;&#x65;r&#46;&#101;&#x75;&#x72;sc&#46;&#x65;&#x75;<\/a><span class=\"phone\"> salle 004 B<\/span><\/div>\n<div class=\"staff-member\"><span class=\"name\">5 E<\/span><span class=\"job\">M. Smithers<\/span><a href=\"&#109;&#97;&#x69;l&#116;&#x6f;&#x3a;e&#111;&#x69;&#x6e;&#46;&#115;&#x6d;i&#116;&#x68;&#x65;r&#115;&#x40;&#x74;e&#97;&#x63;h&#101;&#x72;&#x2e;e&#117;&#x72;&#x73;c&#46;&#x65;&#x75;\" class=\"mail\">&#x65;&#x6f;&#x69;&#x6e;&#x2e;&#x73;&#x6d;&#x69;&#x74;&#x68;&#x65;&#x72;&#x73;&#x40;&#116;&#101;&#97;&#99;&#104;&#101;&#114;&#46;&#101;&#117;&#114;sc&#46;eu<\/a><span class=\"phone\">salle 112 B<\/span><\/div>\n<p>&nbsp;<\/p>\n<p><strong>Section francophone<\/strong><\/p>\n<div class=\"staff-member\"><span class=\"name\">1\/2 F<\/span><span class=\"job\">Mme We\u00dfbecher<\/span><a href=\"m&#97;&#x69;&#x6c;&#x74;o&#58;&#x76;&#x61;&#x6e;e&#115;&#x73;&#x61;&#x2e;w&#101;&#x73;&#x73;&#x62;e&#99;&#x68;&#x65;&#x72;&#64;&#116;&#x65;&#x61;&#x63;h&#101;&#x72;&#x2e;&#x65;u&#114;&#x73;&#x63;&#x2e;e&#117;\" class=\"mail\">&#x76;&#97;n&#x65;&#115;s&#x61;&#46;w&#x65;&#x73;&#115;&#x62;&#x65;&#99;h&#x65;&#114;&#64;&#x74;&#101;a&#x63;&#x68;&#101;&#x72;&#x2e;&#101;u&#x72;&#115;c&#x2e;&#101;u<\/a><span class=\"phone\">salle 014 A<\/span><\/div>\n<div class=\"staff-member\"><span class=\"name\">3 F<\/span><span class=\"job\">Mme Dufour<\/span><a href=\"mailto:laeti&#116;&#105;&#97;&#46;&#100;&#117;&#102;&#111;&#117;&#114;&#64;&#116;&#101;&#97;&#99;&#x68;&#x65;&#x72;&#x2e;&#x65;&#x75;&#x72;&#x73;&#x63;&#x2e;&#x65;&#x75;\" class=\"mail\">&#108;&#x61;&#101;&#x74;&#105;&#x74;i&#x61;&#46;&#100;&#x75;&#102;&#x6f;&#117;&#x72;&#64;&#x74;e&#97;&#x63;&#104;&#x65;&#114;&#x2e;&#101;&#x75;r&#x73;c&#46;&#x65;&#117;<\/a><span class=\"phone\">salle 117 B<\/span><\/div>\n<div class=\"staff-member\"><span class=\"name\">4 F<\/span><span class=\"job\">Mme Hinckel-Kretz<\/span><a href=\"&#109;&#x61;&#105;&#x6c;&#116;&#x6f;&#58;&#x67;e&#x72;a&#x6c;d&#x69;n&#101;&#x2e;&#104;&#x69;&#110;&#x63;&#107;&#x65;&#108;&#x2d;k&#x72;e&#x74;z&#x40;t&#101;&#x61;&#99;&#x68;&#101;&#x72;&#46;&#x65;&#117;&#x72;s&#x63;&#46;&#x65;u\" class=\"mail\">&#103;&#101;&#x72;&#x61;&#108;&#100;&#x69;&#x6e;&#101;&#46;&#x68;&#x69;&#110;&#99;&#x6b;&#x65;&#108;&#45;&#x6b;&#x72;&#101;&#116;&#x7a;&#x40;&#116;&#101;&#x61;&#x63;&#104;&#101;&#x72;&#x2e;&#101;&#117;&#x72;&#x73;&#99;&#46;&#x65;&#x75;<\/a><span class=\"phone\">salle 114 B<\/span><\/div>\n<div class=\"staff-member\"><span class=\"name\">5 F<\/span><span class=\"job\">Mme Wellems<\/span><a href=\"&#x6d;&#97;i&#x6c;&#x74;&#111;:&#x6c;&#x61;&#117;r&#x61;&#46;w&#x65;&#x6c;&#108;e&#x6d;&#x73;&#64;t&#x65;&#97;&#99;&#x68;&#x65;&#114;&#46;&#x65;&#x75;&#114;s&#x63;&#46;&#101;u\" class=\"mail\">&#108;&#x61;u&#x72;a&#46;&#x77;&#101;&#x6c;l&#101;&#x6d;&#115;&#x40;t&#x65;&#x61;&#99;&#x68;e&#x72;&#46;&#101;&#x75;&#114;&#x73;c&#46;&#x65;&#117;<\/a><span class=\"phone\">salle 115 B<\/span><\/div>\n<p>&nbsp;<\/p>\n<div class=\"staff-member\"><span class=\"name\">Mme AMANATIDOU Rafaela<\/span><span class=\"job\">L1 Grec, Enseignante sp\u00e9cialis\u00e9e<\/span><\/div>\n<div class=\"staff-member\"><span class=\"name\">Mme BAUER Java<\/span><span class=\"job\">Soutien<\/span><\/div>\n<div class=\"staff-member\"><span class=\"name\">Mme BAYLESS Ingrid<\/span><span class=\"job\">Coordinatrice soutien DE \/ EN \/ FR<\/span><\/div>\n<div class=\"staff-member\"><span class=\"name\">M. BEAUPOIL Julien <\/span><span class=\"job\">Soutien, Enseignante sp\u00e9cialis\u00e9e<\/span><\/div>\n<div class=\"staff-member\"><span class=\"name\">Mme BRANCO ALVES Fernanda<\/span><span class=\"job\">L1 Portugais <\/span><\/div>\n<div class=\"staff-member\"><span class=\"name\">Mme CARTER Marianna<\/span><span class=\"job\">L1 Hongrois<\/span><\/div>\n<div class=\"staff-member\"><span class=\"name\">Mme DAVIES Alexandra<\/span><span class=\"job\">Assistante p\u00e9dagogique<\/span><\/div>\n<div class=\"staff-member\"><span class=\"name\">Mme de MONNERON Jeannette<\/span><span class=\"job\">Religion, Soutien<\/span><\/div>\n<div class=\"staff-member\"><span class=\"name\">Mme DE NOVA Maria Victoria<\/span><span class=\"job\">Enseignante sp\u00e9cialis\u00e9e<\/span><\/div>\n<div class=\"staff-member\"><span class=\"name\">Mme GABRIEL Dagmar<\/span><span class=\"job\">Religion protestante<\/span><\/div>\n<div class=\"staff-member\"><span class=\"name\">Mme HABITZREITHER Priska<\/span><span class=\"job\">Religion catholique<\/span><\/div>\n<div class=\"staff-member\"><span class=\"name\">Mme HORNAR Christina<\/span><span class=\"job\">Soutien, Enseignante sp\u00e9cialis\u00e9e<\/span><\/div>\n<div class=\"staff-member\"><span class=\"name\">Mme IMOLYA Melitta<\/span><span class=\"job\">L2 Anglais<\/span><\/div>\n<div class=\"staff-member\"><span class=\"name\">Mme KAYA Muna<\/span><span class=\"job\">Soutien<\/span><\/div>\n<div class=\"staff-member\"><span class=\"name\">Mme KLEMOLA Mailis<\/span><span class=\"job\">Sport, Jardin, Biotope<\/span><\/div>\n<div class=\"staff-member\"><span class=\"name\">M. KROL Piotr<\/span><span class=\"job\">L1 Polonais<\/span><\/div>\n<div class=\"staff-member\"><span class=\"name\">Mme LABAN Marcia<\/span><span class=\"job\">Assistante p\u00e9dagogique<\/span><\/div>\n<div class=\"staff-member\"><span class=\"name\">Mme MAYER Corina<\/span><span class=\"job\">Religion protestante<\/span><\/div>\n<div class=\"staff-member\"><span class=\"name\">Mme MAYER Ines<\/span><span class=\"job\">Soutien<\/span><\/div>\n<div class=\"staff-member\"><span class=\"name\">Mme MENGOZZI-REHMANN Valeria<\/span><span class=\"job\">L1 Italien, Art, Musique<\/span><\/div>\n<div class=\"staff-member\"><span class=\"name\">Mme MORLANG Oxana<\/span><span class=\"job\">Sport, Heures europ\u00e9ennes<\/span><\/div>\n<div class=\"staff-member\"><span class=\"name\">Mme PERRIER Barbara<\/span><span class=\"job\">Assistante p\u00e9dagogique<\/span><\/div>\n<div class=\"staff-member\"><span class=\"name\">Mme POL-ABEL Judit <\/span><span class=\"job\">L1 Espagnol, Assistante p\u00e9dagogique<\/span><\/div>\n<div class=\"staff-member\"><span class=\"name\">Mme POUTIAINEN Tessa<\/span><span class=\"job\">Assistante p\u00e9dagogique<\/span><\/div>\n<div class=\"staff-member\"><span class=\"name\">Mme RAUBACH Ute<\/span><span class=\"job\">Sport, Coordinateur<\/span><\/div>\n<div class=\"staff-member\"><span class=\"name\">Mme ROTHARDT Kayla<\/span><span class=\"job\">Assistante p\u00e9dagogique<\/span><\/div>\n<div class=\"staff-member\"><span class=\"name\">Mme SAFRANYOS Maria <\/span><span class=\"job\">Sport<\/span><\/div>\n<div class=\"staff-member\"><span class=\"name\">Mme SCHREIBER Tara <\/span><span class=\"job\">L2 Anglais, Art<\/span><\/div>\n<div class=\"staff-member\"><span class=\"name\">Mme SERRES DALMAU Lucia<\/span><span class=\"job\">Soutien<\/span><\/div>\n<div class=\"staff-member\"><span class=\"name\">Mme VALLONE Daniela <\/span><span class=\"job\">Programme Challenge<\/span><\/div>\n<div class=\"staff-member\"><span class=\"name\">Mme VALU Oana <\/span><span class=\"job\">L1 Roumain<\/span><\/div>\n<div class=\"staff-member\"><span class=\"name\">Mme WELLER Rachel<\/span><span class=\"job\">AADD, Soutien<\/span><\/div>\n<p>&nbsp;<\/p>\n<p>&nbsp;<\/p>\n","protected":false},"excerpt":{"rendered":"<p>Veuillez informer l&rsquo;\u00e9cole + l&rsquo;enseignant de la classe de l&rsquo;absence de votre enfant par e-mail avant 8h30. L&rsquo;adresse e-mail de l&rsquo;\u00e9cole pour les absences des \u00e9l\u00e8ves du primaire est la<a class=\"excerpt-read-more\" href=\"https:\/\/www.es-karlsruhe.eu\/fr\/primaire\/informations-utiles\/personnel\/\" title=\"LirePersonnel\">&#8230; Read more &raquo;<\/a><\/p>\n","protected":false},"author":3,"featured_media":0,"parent":1190,"menu_order":0,"comment_status":"closed","ping_status":"closed","template":"","meta":{"footnotes":""},"class_list":["post-1198","page","type-page","status-publish","hentry"],"_links":{"self":[{"href":"https:\/\/www.es-karlsruhe.eu\/fr\/wp-json\/wp\/v2\/pages\/1198","targetHints":{"allow":["GET"]}}],"collection":[{"href":"https:\/\/www.es-karlsruhe.eu\/fr\/wp-json\/wp\/v2\/pages"}],"about":[{"href":"https:\/\/www.es-karlsruhe.eu\/fr\/wp-json\/wp\/v2\/types\/page"}],"author":[{"embeddable":true,"href":"https:\/\/www.es-karlsruhe.eu\/fr\/wp-json\/wp\/v2\/users\/3"}],"replies":[{"embeddable":true,"href":"https:\/\/www.es-karlsruhe.eu\/fr\/wp-json\/wp\/v2\/comments?post=1198"}],"version-history":[{"count":51,"href":"https:\/\/www.es-karlsruhe.eu\/fr\/wp-json\/wp\/v2\/pages\/1198\/revisions"}],"predecessor-version":[{"id":177640,"href":"https:\/\/www.es-karlsruhe.eu\/fr\/wp-json\/wp\/v2\/pages\/1198\/revisions\/177640"}],"up":[{"embeddable":true,"href":"https:\/\/www.es-karlsruhe.eu\/fr\/wp-json\/wp\/v2\/pages\/1190"}],"wp:attachment":[{"href":"https:\/\/www.es-karlsruhe.eu\/fr\/wp-json\/wp\/v2\/media?parent=1198"}],"curies":[{"name":"wp","href":"https:\/\/api.w.org\/{rel}","templated":true}]}}