{"id":1214,"date":"2017-09-01T16:08:10","date_gmt":"2017-09-01T14:08:10","guid":{"rendered":"https:\/\/www.es-karlsruhe.eu\/?page_id=1214\/"},"modified":"2025-10-28T11:37:58","modified_gmt":"2025-10-28T10:37:58","slug":"reglement-scolaire","status":"publish","type":"page","link":"https:\/\/www.es-karlsruhe.eu\/fr\/secondaire\/informations-utiles\/reglement-scolaire\/","title":{"rendered":"R\u00e8glement scolaire"},"content":{"rendered":"<ul>\n<li><a href=\"https:\/\/www.es-karlsruhe.eu\/wp-content\/uploads\/2025\/07\/KAR_OS_Reglement-interieur_FR_Juin-2025.pdf\" target=\"_blank\" rel=\"noopener noreferrer\">R\u00e8glement scolaire <\/a><\/li>\n<li><a href=\"https:\/\/www.es-karlsruhe.eu\/wp-content\/uploads\/2017\/10\/L_doc_franc_1_doc_SWALS.pdf\" target=\"_blank\" rel=\"noopener noreferrer\">SWALS Directives pour les parents<\/a><\/li>\n<li><a href=\"https:\/\/www.es-karlsruhe.eu\/wp-content\/uploads\/2019\/09\/2019-05-D-23-fr-2.pdf\" target=\"_blank\" rel=\"noopener noreferrer\">Le Mode Examen Non Biase &#8211; 2019-05-D-23-fr-2<\/a><\/li>\n<li><a href=\"https:\/\/www.es-karlsruhe.eu\/wp-content\/uploads\/2021\/09\/ATTESTATION-ELEVES-2021-2022-FR1.pdf\" target=\"_blank\" rel=\"noopener noreferrer\">Directives pour la calculatrice -Certificat de l&rsquo;\u00e9l\u00e8ve<\/a><\/li>\n<li><a href=\"https:\/\/www.es-karlsruhe.eu\/wp-content\/uploads\/2017\/10\/ICT_Policy-1_01_EN_.pdf\" target=\"_blank\" rel=\"noopener noreferrer\">Politique informatique<\/a><\/li>\n<li><a href=\"https:\/\/www.es-karlsruhe.eu\/wp-content\/uploads\/2025\/09\/Social-Climate-Policy-KG-GS-and-OS-fr-24-juin-2025_new.pdf\">Social Climate Policy<\/a><\/li>\n<li><a href=\"https:\/\/www.es-karlsruhe.eu\/wp-content\/uploads\/2017\/10\/Assessment_Policy_ESK_2-psrtA.pdf\" target=\"_blank\" rel=\"noopener noreferrer\">Politique d&rsquo;\u00e9valuation de l&rsquo;EEK<\/a><\/li>\n<li><a href=\"https:\/\/www.es-karlsruhe.eu\/wp-content\/uploads\/2017\/10\/Annex_V-Assessment_policy_Version_March_2015-2016.pdf\" target=\"_blank\" rel=\"noopener noreferrer\">Annex V-Assessment policy<\/a><\/li>\n<li><a href=\"https:\/\/www.es-karlsruhe.eu\/wp-content\/uploads\/2024\/06\/2024.06.12-ESK_Homework-Policy_KG_GS_OS_DE-EN-FR_June-2024.pdf\">R\u00e8gles pour les devoirs<\/a><\/li>\n<li><a href=\"https:\/\/www.es-karlsruhe.eu\/wp-content\/uploads\/2017\/10\/Regeln_in_der_Kantine.pdf\" target=\"_blank\" rel=\"noopener noreferrer\">R\u00e8gles pour la cantine \/ Mensa &#8211; Regeln f\u00fcr die Kantine\/Mensa<\/a><\/li>\n<li><a href=\"https:\/\/www.es-karlsruhe.eu\/wp-content\/uploads\/2025\/10\/25.10.2025-ESK-Internal-Support-Policy-EN.pdf\">Politique interne en mati\u00e8re de soutien \u00e9ducatif<\/a><\/li>\n<li><a href=\"https:\/\/www.es-karlsruhe.eu\/wp-content\/uploads\/2023\/03\/2023.01.11-Distance-learning-and-teaching-ESK-policy.pdf\">Politique d\u2019enseignement et d\u2019apprentissage \u00e0 distance<\/a><\/li>\n<\/ul>\n","protected":false},"excerpt":{"rendered":"<p>R\u00e8glement scolaire SWALS Directives pour les parents Le Mode Examen Non Biase &#8211; 2019-05-D-23-fr-2 Directives pour la calculatrice -Certificat de l&rsquo;\u00e9l\u00e8ve Politique informatique Social Climate Policy Politique d&rsquo;\u00e9valuation de l&rsquo;EEK<a class=\"excerpt-read-more\" href=\"https:\/\/www.es-karlsruhe.eu\/fr\/secondaire\/informations-utiles\/reglement-scolaire\/\" title=\"LireR\u00e8glement scolaire\">&#8230; Read more &raquo;<\/a><\/p>\n","protected":false},"author":3,"featured_media":15209,"parent":1210,"menu_order":0,"comment_status":"closed","ping_status":"closed","template":"","meta":{"footnotes":""},"class_list":["post-1214","page","type-page","status-publish","has-post-thumbnail","hentry"],"_links":{"self":[{"href":"https:\/\/www.es-karlsruhe.eu\/fr\/wp-json\/wp\/v2\/pages\/1214","targetHints":{"allow":["GET"]}}],"collection":[{"href":"https:\/\/www.es-karlsruhe.eu\/fr\/wp-json\/wp\/v2\/pages"}],"about":[{"href":"https:\/\/www.es-karlsruhe.eu\/fr\/wp-json\/wp\/v2\/types\/page"}],"author":[{"embeddable":true,"href":"https:\/\/www.es-karlsruhe.eu\/fr\/wp-json\/wp\/v2\/users\/3"}],"replies":[{"embeddable":true,"href":"https:\/\/www.es-karlsruhe.eu\/fr\/wp-json\/wp\/v2\/comments?post=1214"}],"version-history":[{"count":13,"href":"https:\/\/www.es-karlsruhe.eu\/fr\/wp-json\/wp\/v2\/pages\/1214\/revisions"}],"predecessor-version":[{"id":174376,"href":"https:\/\/www.es-karlsruhe.eu\/fr\/wp-json\/wp\/v2\/pages\/1214\/revisions\/174376"}],"up":[{"embeddable":true,"href":"https:\/\/www.es-karlsruhe.eu\/fr\/wp-json\/wp\/v2\/pages\/1210"}],"wp:featuredmedia":[{"embeddable":true,"href":"https:\/\/www.es-karlsruhe.eu\/fr\/wp-json\/wp\/v2\/media\/15209"}],"wp:attachment":[{"href":"https:\/\/www.es-karlsruhe.eu\/fr\/wp-json\/wp\/v2\/media?parent=1214"}],"curies":[{"name":"wp","href":"https:\/\/api.w.org\/{rel}","templated":true}]}}