{"id":1218,"date":"2017-09-01T16:08:49","date_gmt":"2017-09-01T14:08:49","guid":{"rendered":"https:\/\/www.es-karlsruhe.eu\/?page_id=1218\/"},"modified":"2026-02-03T12:19:10","modified_gmt":"2026-02-03T11:19:10","slug":"personnel","status":"publish","type":"page","link":"https:\/\/www.es-karlsruhe.eu\/fr\/secondaire\/informations-utiles\/personnel\/","title":{"rendered":"Personnel"},"content":{"rendered":"<div class=\"title-deco\" id=\"pedagogical-staff\"><div class=\"blue-bloc\"><\/div><h2 class=\"title\">\u00c9quipe p\u00e9dagogique et administrative<\/h2><\/div>\n<div class=\"staff-member\"><span class=\"name\">Mme Anabela Santos<\/span><span class=\"job\">Directrice adjointe du secondaire<\/span><a href=\"m&#97;&#105;&#x6c;&#x74;o:&#107;&#97;&#x72;&#x2d;de&#112;&#117;&#x74;&#x79;-d&#105;&#x72;&#x65;&#x63;t&#111;&#114;&#x2d;&#x73;&#x65;c&#111;&#110;&#x64;&#x61;&#x72;y&#45;&#99;&#x79;&#x63;&#x6c;e&#64;&#101;&#x75;&#x72;&#x73;c&#46;&#101;&#x75;\" class=\"mail\">kar-&#100;&#101;&#112;&#117;&#116;&#121;&#45;&#x64;&#x69;&#x72;&#x65;&#x63;&#x74;&#x6f;&#x72;&#x2d;seco&#110;&#100;&#97;&#114;&#121;&#45;&#99;&#x79;&#x63;&#x6c;&#x65;&#x40;&#x65;&#x75;&#x72;&#x73;c&#46;eu<\/a><span class=\"phone\">+49 (0)7 21-6 80 09-13<\/span><\/div>\n<div class=\"staff-member\"><span class=\"name\">M. Fabrice Br\u00e9court <\/span><span class=\"job\">Assistant Directrice adjointe - Cycle secondaire<\/span><a href=\"&#109;&#x61;&#105;&#x6c;&#116;&#x6f;&#58;&#x6b;&#97;&#x72;&#45;&#x61;&#115;&#x73;&#105;&#x73;&#116;&#x61;&#110;&#x74;&#45;&#x64;&#101;&#x70;&#117;&#x74;y&#x2d;d&#x69;r&#x65;c&#x74;o&#x72;-&#x73;e&#x63;o&#x6e;d&#x61;r&#121;-&#99;y&#99;&#x6c;&#101;&#x40;&#101;&#x75;&#114;&#x73;&#99;&#x2e;&#101;&#x75;\" class=\"mail\">&#107;&#x61;&#x72;&#45;&#x61;&#x73;s&#x69;&#x73;t&#97;&#x6e;t&#45;&#x64;e&#112;&#x75;t&#121;&#x2d;d&#105;&#x72;&#x65;&#99;&#x74;&#x6f;&#114;&#x2d;&#x73;e&#x63;&#x6f;n&#100;&#x61;r&#121;&#x2d;c&#121;&#x63;l&#101;&#x40;e&#117;&#x72;&#x73;&#99;&#x2e;&#x65;&#117;<\/a><span class=\"phone\">+49 (0)7 21-6 80 09-38<\/span><\/div>\n<div class=\"staff-member\"><span class=\"name\">Mme Louise W\u00e4hling<\/span><span class=\"job\">Secr\u00e9taire du secondaire, Mardi - Vendredi<\/span><a href=\"m&#97;&#x69;&#x6c;t&#111;&#58;&#x6b;&#x61;r&#45;&#115;&#x65;&#x63;r&#101;&#x74;&#x61;&#x72;i&#101;&#x73;&#x2d;s&#101;&#99;&#x6f;&#x6e;d&#97;&#114;&#x79;&#x40;e&#117;&#x72;&#x73;&#x63;&#46;&#101;&#x75;\" class=\"mail\">ka&#114;&#45;&#115;&#x65;&#x63;&#x72;&#x65;&#x74;ar&#105;&#101;&#115;&#x2d;&#x73;&#x65;&#x63;&#x6f;nd&#97;&#114;&#121;&#x40;&#x65;&#x75;&#x72;&#x73;c&#46;&#101;&#117;<\/a><span class=\"phone\">+49 (0)7 21-6 80 09-13<\/span><\/div>\n<div class=\"staff-member\"><span class=\"name\">Mme Agata Jozefowicz<\/span><span class=\"job\">Secr\u00e9taire du secondaire, Lundi<\/span><a href=\"&#109;&#x61;&#105;&#x6c;&#116;&#x6f;:&#x6b;a&#x72;-&#115;&#x65;&#99;&#x72;&#101;&#x74;&#97;&#x72;i&#x65;s&#x2d;s&#101;&#x63;&#111;&#x6e;&#100;&#x61;&#114;&#x79;&#64;&#x65;u&#x72;s&#99;&#x2e;&#101;&#x75;\" class=\"mail\">k&#97;&#114;&#x2d;&#x73;&#x65;cr&#101;&#116;&#x61;&#x72;&#x69;e&#115;&#45;&#115;&#x65;&#x63;&#x6f;n&#100;&#97;&#x72;&#x79;&#x40;eu&#114;&#115;&#x63;&#x2e;&#x65;u<\/a><span class=\"phone\">+49 (0)7 21-6 80 09-13<\/span><\/div>\n<div class=\"staff-member\"><span class=\"name\">Mme. Claudia Becke<\/span><span class=\"job\">Coordinateur du cycle classes 1-3- C026<\/span><a href=\"&#x6d;a&#x69;&#108;&#x74;&#x6f;:&#x63;&#108;&#x61;&#x75;d&#x69;&#97;&#x2e;&#x62;e&#x63;&#107;&#x65;&#x40;t&#x65;&#97;&#x63;&#x68;e&#x72;&#46;&#x65;&#x75;r&#x73;&#99;&#x2e;&#x65;u\" class=\"mail\">&#x63;&#x6c;&#x61;&#x75;&#x64;&#x69;&#x61;&#x2e;&#x62;&#x65;&#x63;&#107;&#101;&#64;&#116;&#101;&#97;&#99;her&#46;eu&#x72;&#x73;&#x63;&#x2e;&#x65;&#x75;<\/a><span class=\"phone\">+49 (0)7 21-6 80 09-30<\/span><\/div>\n<div class=\"staff-member\"><span class=\"name\">M. Marcus Fastner<\/span><span class=\"job\">Coordinateur du cycle classes 4-6 - C006<\/span><a href=\"&#x6d;&#x61;&#105;&#108;to&#x3a;&#x6d;&#x61;&#114;cu&#x73;&#x2d;&#x72;&#101;&#105;n&#x65;&#x72;&#x2e;&#102;&#97;s&#x74;&#x6e;&#x65;&#114;&#64;te&#x61;&#x63;&#x68;&#101;r&#46;&#x65;&#x75;&#x72;&#115;&#99;&#46;&#x65;&#x75;\" class=\"mail\">marc&#117;&#115;&#45;&#114;&#101;&#x69;&#x6e;&#x65;&#x72;&#x2e;&#x66;&#x61;stne&#114;&#64;&#116;&#101;&#97;&#x63;&#x68;&#x65;&#x72;&#x2e;&#x65;&#x75;&#x72;sc&#46;e&#117;<\/a><span class=\"phone\">+49 (0)7 21-6 80 09-48<\/span><\/div>\n<div class=\"staff-member\"><span class=\"name\">M. Philippe Beaufils<\/span><span class=\"job\">Coordinateur Baccalaur\u00e9at - C002<\/span><a href=\"mailto:phili&#112;&#112;&#101;&#46;&#98;&#101;&#97;&#117;&#102;&#105;&#108;&#115;&#64;&#101;&#117;&#x72;&#x73;&#x63;&#x2e;&#x65;&#x75;\" class=\"mail\">&#112;&#104;&#x69;&#x6c;&#105;&#112;&#x70;&#x65;&#46;&#98;&#x65;&#x61;&#117;&#102;&#x69;&#x6c;&#115;&#64;&#x65;&#x75;&#114;&#115;&#x63;&#x2e;&#101;&#117;<\/a><span class=\"phone\">+49 (0)7 21-6 80 09-49<\/span><\/div>\n<div class=\"staff-member\"><span class=\"name\">Mme Fernanda Branco-Alves<\/span><span class=\"job\">Conseill\u00e8re d\u00b4\u00e9ducation classe 5- 7 - C006<\/span><a href=\"m&#97;&#105;&#x6c;&#x74;&#x6f;:&#102;&#101;&#x72;&#x6e;&#x61;nd&#97;&#x2e;&#x62;&#x72;an&#99;&#111;&#x2d;&#x61;&#x6c;v&#101;&#115;&#x40;&#x65;&#x75;r&#115;&#99;&#x2e;&#x65;&#x75;\" class=\"mail\">&#x66;&#101;&#114;n&#x61;&#x6e;&#100;a&#x2e;&#x62;&#114;an&#x63;&#111;&#45;a&#x6c;&#x76;&#101;s&#x40;&#x65;&#117;&#114;s&#x63;&#x2e;&#101;u<\/a><span class=\"phone\">+49 (0)7 21-6 80 09-48<\/span><\/div>\n<div class=\"staff-member\"><span class=\"name\">Mme Martha L\u00f3pez Forment <\/span><span class=\"job\">Conseill\u00e8re d\u00b4\u00e9ducation classe 1 - 4 - C026<\/span><a href=\"&#109;&#x61;&#105;&#x6c;t&#x6f;:&#109;&#x61;&#114;&#x74;&#104;&#x2e;l&#x6f;p&#101;&#x7a;&#45;&#x66;o&#x72;m&#x65;&#x6e;&#116;&#x40;&#101;&#x75;r&#x73;c&#46;&#x65;&#117;\" class=\"mail\">mart&#104;&#46;&#108;&#111;&#112;&#101;&#122;&#x2d;&#x66;&#x6f;&#x72;&#x6d;&#x65;&#x6e;&#x74;&#x40;eurs&#99;&#46;&#101;&#117;<\/a><span class=\"phone\">+49 (0)7 21-6 80 09-30<\/span><\/div>\n<div class=\"staff-member\"><span class=\"name\">Mme Sophie Chabanis<\/span><span class=\"job\">Educational Support Coordinator<\/span><a href=\"&#x6d;&#x61;&#x69;&#x6c;&#x74;&#x6f;&#x3a;&#x6b;&#x61;&#x72;&#x2d;&#x73;&#x75;&#x70;&#99;&#111;&#111;&#115;&#64;&#112;&#97;&#114;&#116;&#110;&#101;r&#46;eursc&#46;&#x65;&#x75;\" class=\"mail\">&#107;&#x61;&#x72;-&#115;&#x75;p&#99;&#x6f;o&#115;&#x40;p&#97;&#x72;&#x74;&#110;&#x65;&#x72;&#46;&#101;&#x75;r&#115;&#x63;&#46;&#101;&#x75;<\/a><\/div>\n<div class=\"staff-member\"><span class=\"name\">M. Luis Escarate-Lopez<\/span><span class=\"job\">Conseiller d\u00b4orientation, section germanophone<\/span><a href=\"m&#97;&#105;&#x6c;&#x74;&#x6f;&#x3a;l&#117;&#105;&#115;&#x2d;&#x6d;&#x61;xi&#109;&#105;&#x6c;&#x69;&#x61;no&#46;&#101;&#x73;&#x63;&#x61;ra&#116;&#101;&#x2d;&#x6c;&#x6f;pe&#122;&#64;&#x74;&#x65;&#x61;ch&#101;&#114;&#x2e;&#x65;&#x75;&#x72;s&#99;&#46;&#x65;&#x75;\" class=\"mail\">&#108;&#x75;&#x69;s&#45;&#x6d;a&#120;&#x69;&#x6d;i&#108;&#x69;a&#110;&#x6f;&#x2e;e&#115;&#x63;a&#114;&#x61;&#x74;&#101;&#45;&#x6c;o&#112;&#x65;&#x7a;&#64;&#x74;&#x65;a&#99;&#x68;e&#114;&#x2e;&#x65;u&#114;&#x73;c&#46;&#x65;&#x75;<\/a><\/div>\n<div class=\"staff-member\"><span class=\"name\">Mme. Lesley Thomson<\/span><span class=\"job\">Conseiller d\u00b4orientation, section anglophone<\/span><a href=\"&#109;a&#105;l&#116;o&#x3a;l&#x65;s&#x6c;e&#x79;&#46;&#x74;h&#x6f;m&#x73;o&#x6e;&#64;&#x74;e&#x61;&#99;&#x68;&#101;&#x72;&#46;&#x65;&#117;&#x72;&#115;&#x63;&#46;&#x65;&#117;\" class=\"mail\">&#108;&#x65;&#x73;&#108;&#x65;&#x79;&#46;&#x74;&#x68;o&#109;&#x73;o&#110;&#x40;t&#101;&#x61;c&#104;&#x65;r&#46;&#x65;&#x75;&#114;&#x73;&#x63;&#46;&#x65;&#x75;<\/a><\/div>\n<div class=\"staff-member\"><span class=\"name\">M. Philippe de Monneron<\/span><span class=\"job\">Conseiller d\u00b4orientation, section francophone<\/span><a href=\"&#x6d;a&#x69;&#108;&#x74;&#111;:&#x70;h&#x69;&#108;&#x69;&#112;p&#x65;&#46;&#x64;&#101;-&#x6d;o&#x6e;&#110;&#x65;&#114;o&#x6e;&#64;&#x74;&#101;&#x61;&#x63;h&#x65;&#114;&#x2e;&#101;u&#x72;s&#x63;&#46;&#x65;&#117;\" class=\"mail\">&#112;&#x68;&#105;&#x6c;&#105;&#x70;&#112;&#x65;&#46;&#x64;&#101;&#x2d;m&#x6f;n&#x6e;e&#x72;o&#x6e;&#64;&#x74;e&#97;&#x63;&#104;&#x65;&#114;&#x2e;&#101;&#x75;&#114;&#x73;&#99;&#x2e;&#101;&#x75;<\/a><\/div>\n<div class=\"staff-member\"><span class=\"name\">Mme. Marina Stavrou<\/span><span class=\"job\">Psychologue scolaire<\/span><a href=\"&#x6d;&#x61;&#x69;&#x6c;&#116;&#111;:ka&#x72;&#x2d;&#x62;&#x65;&#114;&#97;tun&#x67;&#x40;&#x70;&#x61;&#114;&#116;&#110;er&#x2e;&#x65;&#x75;&#x72;&#115;&#99;&#46;eu\" class=\"mail\">kar-&#98;&#101;&#114;&#97;&#116;&#x75;&#x6e;&#x67;&#x40;&#x70;&#x61;&#x72;tner&#46;&#101;&#117;&#114;&#115;&#x63;&#x2e;&#x65;&#x75;<\/a><span class=\"phone\">+49 (0)7 21-6 80 09-57<br \/>\n<\/span><\/div>\n<div class=\"staff-member\"><span class=\"name\">M. Pietro Bartuccio<\/span><span class=\"job\">Concierge<\/span><a href=\"&#109;&#x61;&#105;&#x6c;&#116;&#x6f;&#58;&#x70;i&#x65;t&#x72;o&#x2e;b&#97;&#x72;&#116;&#x75;&#99;&#x63;&#105;&#x6f;&#64;&#x73;t&#x61;f&#x66;&#46;&#x65;u&#114;&#x73;&#99;&#x2e;&#101;&#x75;\" class=\"mail\">p&#105;&#101;&#x74;&#x72;&#x6f;&#46;b&#97;&#114;&#x74;&#x75;&#x63;c&#105;&#111;&#64;&#x73;&#x74;&#x61;f&#102;&#46;&#x65;&#x75;&#x72;sc&#46;&#101;&#x75;<\/a><span class=\"phone\">+49 (0)7 21-6 80 09-44<\/span><\/div>\n<div class=\"staff-member\"><span class=\"name\">Mme. Jana Futterer<\/span><span class=\"job\">Biblioth\u00e9caire<\/span><a href=\"&#x6d;a&#x69;&#108;&#x74;&#111;:&#x6a;a&#x6e;&#97;&#x2e;&#102;u&#x74;&#116;&#x65;&#114;e&#x72;&#64;&#x65;&#100;&#x75;&#46;e&#x75;r&#x73;&#99;&#x2e;&#x65;u\" class=\"mail\">&#x6a;a&#x6e;&#97;&#46;&#x66;&#117;&#x74;&#x74;e&#x72;&#101;r&#x40;&#101;&#x64;&#117;&#46;&#x65;&#117;r&#x73;&#99;&#x2e;&#101;u<\/a><\/div>\n<div class=\"title-deco\" id=\"Absence\"><div class=\"blue-bloc\"><\/div><h2 class=\"title\">Absence, secondaire<\/h2><\/div>\n<div class=\"staff-member\"><span class=\"name\">Absence<\/span><span class=\"job\"> Pour toute absence, merci d\u00b4envoyer un courriel \u00e0<\/span><a href=\"&#x6d;&#x61;&#105;&#108;t&#x6f;&#x3a;&#x6c;&#105;&#115;t&#x2d;&#x6b;&#x61;&#114;&#45;o&#x73;&#x61;&#x62;&#115;&#101;n&#x63;&#x65;&#x40;&#101;ur&#x73;&#x63;&#x2e;&#101;u\" class=\"mail\">&#x6c;&#105;&#x73;&#x74;&#45;&#x6b;&#97;r&#x2d;&#111;s&#x61;&#98;s&#x65;&#110;c&#x65;&#64;&#x65;&#x75;&#114;&#x73;&#x63;&#46;&#x65;&#117;<\/a><\/div>\n<div class=\"title-deco\" id=\"classteachers\"><div class=\"blue-bloc\"><\/div><h2 class=\"title\">Enseignants<\/h2><\/div>\n<p><strong>Vous pouvez t\u00e9l\u00e9charger la liste compl\u00e8te<\/strong> <a href=\"https:\/\/www.es-karlsruhe.eu\/wp-content\/uploads\/2026\/02\/class-teachers-Jan.-2026.pdf\">ici<\/a><\/p>\n<p>&nbsp;<\/p>\n<div class=\"title-deco\" id=\"teacher-appointment-times\"><div class=\"blue-bloc\"><\/div><h2 class=\"title\">Heures de r\u00e9ception<\/h2><\/div>\n<strong>Vous pouvez t\u00e9l\u00e9charger la liste compl\u00e8te<\/strong> <a href=\"https:\/\/www.es-karlsruhe.eu\/wp-content\/uploads\/2025\/10\/OS-Sprechstunden-2025-26.pdf\">ici<\/a><\/p>\n<p>&nbsp;<\/p>\n<p>&nbsp;<\/p>\n<div class=\"title-deco\" id=\"Autres contacts\"><div class=\"blue-bloc\"><\/div><h2 class=\"title\">Autres contacts<\/h2><\/div>\n<div class=\"staff-member\"><span class=\"name\">Transport<\/span><a href=\"&#x6d;&#x61;&#105;l&#x74;&#x6f;&#58;ka&#x72;&#x2d;&#116;r&#x61;&#x6e;&#115;&#112;o&#x72;&#x74;&#64;p&#x61;&#x72;&#116;&#110;e&#x72;&#x2e;&#101;u&#x72;&#x73;&#99;&#46;e&#x75;\" class=\"mail\">&#x6b;&#x61;&#114;&#45;t&#x72;&#x61;&#x6e;&#115;&#112;o&#x72;&#x74;&#x40;&#112;&#97;r&#x74;&#x6e;&#x65;&#114;&#46;e&#x75;&#x72;&#x73;&#99;&#46;e&#x75;<\/a><span class=\"phone\">+49 (0)721-68009-45<\/span><\/div>\n<div class=\"staff-member\"><span class=\"name\">Cantine<\/span><span class=\"job\">M. Jan Birkenmaier<\/span><a href=\"m&#97;&#105;&#x6c;&#x74;o:&#55;&#49;&#x36;&#x31;&#46;1&#64;&#99;&#x6f;&#x6d;pa&#115;&#x73;&#x2d;&#x62;e&#116;&#114;&#x69;&#x65;&#x62;e&#46;&#100;&#x65;\" class=\"mail\">&#x37;&#49;6&#x31;&#x2e;&#49;&#64;&#x63;&#x6f;&#109;p&#x61;&#x73;&#115;-&#x62;&#x65;&#116;r&#x69;&#101;&#98;e&#x2e;&#100;e<\/a><span class=\"phone\">+49 (0)721-68009-29<\/span><\/div>\n","protected":false},"excerpt":{"rendered":"<p>Vous pouvez t\u00e9l\u00e9charger la liste compl\u00e8te ici &nbsp; Vous pouvez t\u00e9l\u00e9charger la liste compl\u00e8te ici &nbsp; &nbsp;<\/p>\n","protected":false},"author":3,"featured_media":16382,"parent":1210,"menu_order":0,"comment_status":"closed","ping_status":"closed","template":"template-secondary-staff.php","meta":{"footnotes":""},"class_list":["post-1218","page","type-page","status-publish","has-post-thumbnail","hentry"],"_links":{"self":[{"href":"https:\/\/www.es-karlsruhe.eu\/fr\/wp-json\/wp\/v2\/pages\/1218","targetHints":{"allow":["GET"]}}],"collection":[{"href":"https:\/\/www.es-karlsruhe.eu\/fr\/wp-json\/wp\/v2\/pages"}],"about":[{"href":"https:\/\/www.es-karlsruhe.eu\/fr\/wp-json\/wp\/v2\/types\/page"}],"author":[{"embeddable":true,"href":"https:\/\/www.es-karlsruhe.eu\/fr\/wp-json\/wp\/v2\/users\/3"}],"replies":[{"embeddable":true,"href":"https:\/\/www.es-karlsruhe.eu\/fr\/wp-json\/wp\/v2\/comments?post=1218"}],"version-history":[{"count":20,"href":"https:\/\/www.es-karlsruhe.eu\/fr\/wp-json\/wp\/v2\/pages\/1218\/revisions"}],"predecessor-version":[{"id":177226,"href":"https:\/\/www.es-karlsruhe.eu\/fr\/wp-json\/wp\/v2\/pages\/1218\/revisions\/177226"}],"up":[{"embeddable":true,"href":"https:\/\/www.es-karlsruhe.eu\/fr\/wp-json\/wp\/v2\/pages\/1210"}],"wp:featuredmedia":[{"embeddable":true,"href":"https:\/\/www.es-karlsruhe.eu\/fr\/wp-json\/wp\/v2\/media\/16382"}],"wp:attachment":[{"href":"https:\/\/www.es-karlsruhe.eu\/fr\/wp-json\/wp\/v2\/media?parent=1218"}],"curies":[{"name":"wp","href":"https:\/\/api.w.org\/{rel}","templated":true}]}}