{"id":138575,"date":"2018-06-25T22:46:29","date_gmt":"2018-06-25T20:46:29","guid":{"rendered":"https:\/\/www.es-karlsruhe.eu\/secondaire\/informations-utiles\/secondary-contacts\/"},"modified":"2025-10-23T09:49:40","modified_gmt":"2025-10-23T07:49:40","slug":"secondary-contacts","status":"publish","type":"page","link":"https:\/\/www.es-karlsruhe.eu\/fr\/secondaire\/informations-utiles\/secondary-contacts\/","title":{"rendered":"Secondary contacts"},"content":{"rendered":"<div class=\"title-deco\" id=\"pedagogical-staff\"><div class=\"blue-bloc\"><\/div><h2 class=\"title\">\u00c9quipe p\u00e9dagogique et administrative<\/h2><\/div>\n<div class=\"staff-member\"><span class=\"name\">Mme Anabela Santos<\/span><span class=\"job\">Directrice adjointe du secondaire<\/span><a href=\"&#x6d;&#x61;&#105;l&#x74;&#x6f;&#58;&#107;a&#x72;&#x2d;&#100;&#101;p&#x75;&#x74;&#121;-d&#x69;&#x72;&#101;c&#x74;&#x6f;&#114;&#45;s&#x65;&#x63;&#111;&#110;d&#x61;&#x72;&#121;-c&#x79;&#x63;&#108;e&#x40;&#x65;&#117;&#114;s&#x63;&#x2e;&#101;&#117;\" class=\"mail\">&#107;&#x61;&#114;&#x2d;d&#x65;p&#117;&#x74;&#121;&#x2d;d&#x69;r&#101;&#x63;&#116;&#x6f;r&#x2d;s&#101;&#x63;&#111;&#x6e;d&#x61;r&#121;&#x2d;&#99;&#x79;c&#x6c;e&#64;&#x65;&#117;&#x72;s&#x63;&#46;&#101;&#x75;<\/a><span class=\"phone\">+49 (0)7 21-6 80 09-13<\/span><\/div>\n<div class=\"staff-member\"><span class=\"name\">M. Fabrice Br\u00e9court <\/span><span class=\"job\">Assistant Directrice adjointe - Cycle secondaire<\/span><a href=\"mai&#108;&#116;&#111;&#58;&#x6b;&#x61;&#x72;&#x2d;&#x61;&#x73;&#x73;ist&#97;&#110;&#116;&#45;&#100;&#x65;&#x70;&#x75;&#x74;&#x79;&#x2d;dire&#99;&#116;&#111;&#114;&#x2d;&#x73;&#x65;&#x63;&#x6f;&#x6e;dary&#45;&#99;&#121;&#99;&#x6c;&#x65;&#x40;&#x65;&#x75;&#x72;&#x73;c&#46;e&#117;\" class=\"mail\">&#x6b;&#97;r&#x2d;&#97;s&#x73;&#x69;&#115;&#x74;&#x61;&#110;t&#x2d;&#100;e&#x70;&#x75;&#116;&#x79;&#x2d;&#100;i&#x72;&#101;c&#x74;&#x6f;&#114;&#x2d;&#x73;&#101;c&#x6f;&#110;d&#x61;&#x72;&#121;&#x2d;&#x63;&#121;c&#x6c;&#101;&#64;&#x65;&#x75;&#114;&#x73;&#x63;&#46;e&#x75;<\/a><span class=\"phone\">+49 (0)7 21-6 80 09-38<\/span><\/div>\n<div class=\"staff-member\"><span class=\"name\">Mme Louise W\u00e4hling<\/span><span class=\"job\">Secr\u00e9taire du secondaire<\/span><a href=\"m&#97;&#105;&#x6c;&#x74;&#x6f;&#x3a;l&#111;&#117;&#105;&#x73;&#x65;&#x2e;wa&#101;&#104;&#x6c;&#x69;&#x6e;g&#64;&#101;&#117;&#x72;&#x73;&#x63;&#46;e&#117;\" class=\"mail\">&#108;&#x6f;u&#105;&#x73;&#101;&#x2e;w&#97;&#x65;h&#x6c;&#x69;&#110;&#x67;&#64;&#101;&#x75;r&#x73;&#x63;&#46;&#x65;u<\/a><span class=\"phone\">+49 (0)7 21-6 80 09-13<\/span><\/div>\n<div class=\"staff-member\"><span class=\"name\">Mme. Claudia Becke<\/span><span class=\"job\">Coordinateur du cycle classes 1-3 - C026<\/span><a href=\"&#109;&#x61;&#105;&#x6c;t&#x6f;:&#99;&#x6c;&#97;&#x75;&#100;&#x69;a&#x2e;b&#101;&#x63;&#107;&#x65;&#64;&#x74;e&#x61;&#x63;&#104;&#x65;&#114;&#x2e;e&#x75;r&#115;&#x63;&#46;&#x65;&#117;\" class=\"mail\">c&#108;&#x61;&#x75;&#x64;i&#97;&#46;&#x62;&#x65;c&#107;&#101;&#x40;&#x74;ea&#99;&#x68;&#x65;&#x72;&#46;&#101;&#x75;&#x72;&#x73;c&#46;&#101;&#x75;<\/a><span class=\"phone\">+49 (0)7 21-6 80 09-30<\/span><\/div>\n<div class=\"staff-member\"><span class=\"name\">M. Marcus Fastner<\/span><span class=\"job\">Coordinateur du cycle classes 4-6 - C007<\/span><a href=\"&#109;&#x61;&#105;&#x6c;&#116;&#x6f;&#58;&#x6d;&#97;&#x72;&#99;&#x75;&#115;&#x2d;&#114;&#x65;&#105;&#x6e;&#101;&#x72;&#46;&#x66;&#97;&#x73;&#116;&#x6e;e&#x72;&#64;&#x74;e&#x61;c&#x68;e&#x72;&#46;&#x65;u&#x72;s&#x63;&#46;&#x65;u\" class=\"mail\">&#x6d;a&#x72;&#99;&#x75;&#115;-&#x72;e&#x69;&#110;&#x65;&#114;&#46;&#x66;&#97;&#x73;&#116;n&#x65;r&#x40;&#116;&#x65;&#97;c&#x68;e&#x72;&#46;&#x65;&#x75;r&#x73;&#99;&#x2e;&#101;u<\/a><\/div>\n<div class=\"staff-member\"><span class=\"name\">M. Philippe Beaufils<\/span><span class=\"job\">Coordinateur Baccalaur\u00e9at - C002<\/span><a href=\"&#109;&#x61;&#105;&#x6c;&#116;&#x6f;:&#x70;h&#105;&#x6c;&#105;&#x70;&#112;&#x65;&#46;&#x62;e&#97;&#x75;&#102;&#x69;&#108;&#x73;&#64;&#x65;u&#x72;s&#99;&#x2e;&#101;&#x75;\" class=\"mail\">&#112;&#x68;i&#x6c;&#x69;&#112;&#x70;e&#46;&#x62;&#101;&#x61;u&#102;&#x69;l&#x73;&#64;&#101;&#x75;r&#x73;&#x63;&#46;&#x65;u<\/a><span class=\"phone\">+49 (0)7 21-6 80 09-49<\/span><\/div>\n<div class=\"staff-member\"><span class=\"name\">Mme Fernanda Branco-Alves<\/span><span class=\"job\">Conseill\u00e8re d\u00b4\u00e9ducation classe 5- 7 - C006<\/span><a href=\"&#x6d;&#97;i&#x6c;&#116;o&#x3a;&#102;e&#x72;&#110;a&#x6e;&#100;a&#x2e;&#x62;r&#x61;&#x6e;&#99;&#x6f;&#x2d;&#97;&#x6c;&#x76;&#101;s&#x40;&#101;u&#x72;&#115;c&#x2e;&#101;u\" class=\"mail\">&#102;&#x65;r&#x6e;&#x61;&#110;&#x64;a&#46;&#x62;&#114;&#x61;n&#99;&#x6f;-&#x61;l&#118;&#x65;s&#x40;&#x65;&#117;&#x72;s&#99;&#x2e;&#101;&#x75;<\/a><span class=\"phone\">+49 (0)7 21-6 80 09-48<\/span><\/div>\n<div class=\"staff-member\"><span class=\"name\">Mme Martha Lopez-Forment<\/span><span class=\"job\">Conseill\u00e8re d\u00b4\u00e9ducation classe 1 - 4 - C026<\/span><a href=\"&#x6d;&#x61;&#x69;&#x6c;&#x74;&#x6f;&#x3a;&#x6d;&#x61;&#x72;&#x74;&#x68;&#x61;&#x2e;&#x6c;&#x6f;&#x70;&#x65;&#x7a;&#x2d;&#x66;&#x6f;&#x72;&#x6d;&#x65;&#x6e;&#x74;&#x40;&#x65;&#x75;&#x72;&#x73;&#x63;&#x2e;&#x65;&#x75;\" class=\"mail\">&#x6d;a&#x72;&#116;h&#x61;&#46;&#x6c;&#111;p&#x65;&#122;&#x2d;&#102;o&#x72;&#109;&#x65;&#x6e;t&#x40;&#101;u&#x72;&#115;&#x63;&#46;e&#x75;<\/a><span class=\"phone\">+49 (0)7 21-6 80 09-30<\/span><\/div>\n<div class=\"staff-member\"><span class=\"name\">Mme Sophie Chabanis<\/span><span class=\"job\">Educational Support Coordinator<\/span><a href=\"ma&#105;&#108;&#x74;&#x6f;&#x3a;&#x6b;ar&#45;&#115;&#x75;&#x70;&#x63;&#x6f;os&#64;&#112;&#97;&#x72;&#x74;&#x6e;&#x65;r&#46;&#101;&#117;&#x72;&#x73;&#x63;&#x2e;eu\" class=\"mail\">ka&#114;&#45;&#115;&#x75;&#x70;&#x63;&#x6f;os&#64;&#112;&#97;&#x72;&#x74;&#x6e;&#x65;r&#46;&#101;&#117;&#114;&#x73;&#x63;&#x2e;&#x65;u<\/a><\/div>\n<div class=\"staff-member\"><span class=\"name\">M. Luis Escarate-Lopez<\/span><span class=\"job\">Conseiller d\u00b4orientation, section germanophone<\/span><a href=\"&#109;a&#x69;l&#x74;o&#x3a;l&#x75;&#105;&#x73;&#45;&#x6d;&#97;&#x78;&#105;m&#105;l&#x69;a&#x6e;o&#x2e;&#101;&#x73;&#99;&#x61;&#114;&#x61;&#116;&#x65;&#45;l&#111;p&#x65;z&#x40;t&#x65;&#97;&#x63;&#104;&#x65;&#114;&#x2e;&#101;&#x75;&#114;s&#x63;&#46;&#x65;u\" class=\"mail\">&#x6c;&#117;&#x69;&#x73;&#45;&#x6d;&#97;x&#x69;&#109;i&#x6c;&#105;a&#x6e;&#111;&#46;&#x65;&#115;&#x63;&#x61;&#114;&#x61;&#x74;&#101;&#x2d;&#108;o&#x70;&#101;z&#x40;&#116;e&#x61;&#99;h&#x65;&#114;&#x2e;&#x65;&#117;&#x72;&#x73;&#99;&#x2e;&#101;u<\/a><\/div>\n<div class=\"staff-member\"><span class=\"name\">Mme. Lesley Thomson<\/span><span class=\"job\">Conseiller d\u00b4orientation, section anglophone<\/span><a href=\"m&#97;&#x69;&#x6c;&#x74;o&#58;&#x6c;&#x65;&#x73;l&#101;&#x79;&#x2e;&#x74;h&#111;&#x6d;&#x73;&#x6f;n&#64;&#x74;&#x65;&#x61;c&#104;&#x65;&#x72;&#x2e;e&#117;&#x72;&#x73;&#x63;&#46;&#101;&#x75;\" class=\"mail\">&#108;&#x65;&#115;&#x6c;&#101;&#x79;&#46;&#x74;h&#x6f;m&#x73;o&#x6e;&#64;&#116;&#x65;&#97;&#x63;&#104;&#x65;&#114;&#x2e;&#101;&#x75;r&#x73;c&#x2e;e&#x75;<\/a><\/div>\n<div class=\"staff-member\"><span class=\"name\">M. Philippe de Monneron<\/span><span class=\"job\">Conseiller d\u00b4orientation, section francophone<\/span><a href=\"&#x6d;&#97;i&#x6c;&#116;o&#x3a;&#x70;&#104;&#x69;&#x6c;&#105;p&#x70;&#101;&#46;&#x64;&#x65;&#45;&#x6d;&#x6f;&#110;n&#x65;&#114;o&#x6e;&#x40;&#116;&#x65;&#x61;&#99;h&#x65;&#114;&#46;&#x65;&#x75;&#114;&#x73;&#x63;&#46;e&#x75;\" class=\"mail\">&#112;&#x68;&#x69;l&#105;&#x70;p&#101;&#x2e;d&#101;&#x2d;m&#111;&#x6e;&#x6e;&#101;&#x72;&#x6f;n&#64;&#x74;e&#97;&#x63;h&#101;&#x72;&#x2e;&#101;&#x75;&#x72;s&#99;&#x2e;e&#117;<\/a><\/div>\n<div class=\"staff-member\"><span class=\"name\">Mme Marina Stavrou<\/span><span class=\"job\">Psychologue scolaire<\/span><a href=\"ma&#105;&#108;&#x74;&#x6f;&#x3a;&#x6b;ar&#45;&#98;&#x65;&#x72;&#x61;&#x74;un&#103;&#64;&#112;&#x61;&#x72;&#x74;&#x6e;er&#46;&#101;&#x75;&#x72;&#x73;&#x63;&#46;e&#117;\" class=\"mail\">&#107;&#x61;r&#x2d;b&#101;&#x72;&#97;&#x74;u&#110;&#x67;&#64;&#x70;a&#x72;&#x74;&#110;&#x65;r&#x2e;e&#117;&#x72;&#115;&#x63;&#46;&#101;&#x75;<\/a><span class=\"phone\">+49 (0)7 21-6 80 09-57<br \/>\n<\/span><\/div>\n<div class=\"staff-member\"><span class=\"name\">M. Pietro Bartuccio<\/span><span class=\"job\">Concierge<\/span><a href=\"&#x6d;a&#x69;l&#x74;&#111;&#x3a;&#112;i&#x65;t&#x72;&#111;&#x2e;&#98;&#x61;&#114;t&#x75;c&#x63;&#105;&#x6f;&#64;&#x73;&#x74;a&#x66;f&#x2e;&#101;&#x75;&#114;s&#x63;&#46;&#x65;&#117;\" class=\"mail\">p&#105;&#101;&#x74;&#x72;&#x6f;&#46;b&#97;&#114;&#x74;&#x75;&#x63;c&#105;&#111;&#64;&#x73;&#x74;&#x61;f&#102;&#46;&#x65;&#x75;&#x72;sc&#46;&#101;&#x75;<\/a><span class=\"phone\">+49 (0)7 21-6 80 09-44<\/span><\/div>\n<div class=\"staff-member\"><span class=\"name\">Mme. Jana Futterer<\/span><span class=\"job\">Biblioth\u00e9caire<\/span><a href=\"&#109;a&#x69;l&#x74;&#111;&#x3a;&#106;&#x61;&#110;a&#x2e;f&#x75;&#116;&#x74;&#101;&#x72;&#101;&#x72;&#64;e&#x64;u&#x2e;&#101;&#x75;&#114;&#x73;&#99;&#46;&#x65;u\" class=\"mail\">&#106;a&#x6e;a&#x2e;f&#x75;&#116;&#x74;&#101;&#x72;&#101;r&#x40;e&#x64;u&#x2e;&#101;&#x75;&#114;&#x73;&#99;&#x2e;&#101;u<\/a><\/div>\n<p>&nbsp;<\/p>\n<div class=\"title-deco\" id=\"Absence\"><div class=\"blue-bloc\"><\/div><h2 class=\"title\">Absence, secondaire<\/h2><\/div>\n<div class=\"staff-member\"><span class=\"name\">Absence<\/span><span class=\"job\"> Pour toute absence, merci d\u00b4envoyer un courriel \u00e0<\/span><a href=\"&#x6d;&#x61;&#x69;&#x6c;&#x74;&#x6f;&#x3a;&#x6c;&#x69;&#x73;&#x74;&#45;&#107;&#97;&#114;&#45;&#111;&#115;absenc&#x65;&#x40;&#x65;&#x75;&#x72;&#x73;&#x63;&#x2e;&#x65;&#x75;\" class=\"mail\">&#108;&#x69;&#115;&#x74;-&#x6b;a&#114;&#x2d;&#111;&#x73;&#97;&#x62;s&#x65;n&#99;&#x65;&#64;&#x65;u&#x72;s&#x63;&#x2e;&#101;&#x75;<\/a><\/div>\n<p>&nbsp;<\/p>\n<div class=\"title-deco\" id=\"classteachers\"><div class=\"blue-bloc\"><\/div><h2 class=\"title\">Enseignants<\/h2><\/div>\n<p><strong>Vous pouvez t\u00e9l\u00e9charger la liste compl\u00e8te <a href=\"https:\/\/www.es-karlsruhe.eu\/wp-content\/uploads\/2025\/09\/2025.09.01-ESK-OS-class-teachers-2025-2026.pdf\">ici<\/a><\/strong><\/p>\n<p>&nbsp;<\/p>\n<p>&nbsp;<\/p>\n<div class=\"title-deco\" id=\"teacher-appointment-times\"><div class=\"blue-bloc\"><\/div><h2 class=\"title\">Heures de r\u00e9ception<\/h2><\/div>\n<strong>Vous pouvez t\u00e9l\u00e9charger la liste compl\u00e8te<\/strong> <a href=\"https:\/\/www.es-karlsruhe.eu\/wp-content\/uploads\/2025\/10\/OS-Sprechstunden-2025-26-v.2.pdf\">ici<\/a><\/p>\n<p>&nbsp;<\/p>\n<div class=\"title-deco\" id=\"Autres contacts\"><div class=\"blue-bloc\"><\/div><h2 class=\"title\">Autres contacts<\/h2><\/div>\n<div class=\"staff-member\"><span class=\"name\">Transport<\/span><a href=\"&#x6d;&#x61;&#105;lt&#x6f;&#x3a;&#107;&#97;r&#x2d;&#x74;&#114;&#97;n&#x73;&#x70;&#x6f;&#114;t&#64;&#x70;&#x61;&#114;&#116;n&#x65;&#x72;&#46;&#101;u&#x72;&#x73;&#99;&#46;e&#x75;\" class=\"mail\">&#x6b;&#x61;&#114;-t&#x72;&#x61;&#110;&#115;p&#x6f;&#x72;&#116;&#64;p&#x61;&#x72;&#x74;&#110;er&#x2e;&#x65;&#117;&#114;s&#x63;&#x2e;&#101;&#117;<\/a><span class=\"phone\">+49 (0)721-68009-45<\/span><\/div>\n<div class=\"staff-member\"><span class=\"name\">Cantine<\/span><span class=\"job\">M. Jan Birkenmaier<\/span><a href=\"&#109;&#x61;&#x69;&#108;&#x74;&#x6f;&#58;&#x37;&#x31;&#54;&#x31;&#x2e;&#49;&#x40;&#x63;&#111;&#x6d;&#x70;&#97;&#x73;&#x73;&#45;&#x62;&#x65;&#116;&#x72;&#x69;e&#x62;&#x65;&#46;&#x64;&#x65;\" class=\"mail\">71&#54;&#49;&#46;&#49;&#x40;&#x63;&#x6f;&#x6d;&#x70;as&#115;&#45;&#98;&#101;&#x74;&#x72;&#x69;&#x65;&#x62;e&#46;&#100;&#101;<\/a><span class=\"phone\">+49 (0)721-68009-29<\/span><\/div>\n","protected":false},"excerpt":{"rendered":"<p>&nbsp; &nbsp; Vous pouvez t\u00e9l\u00e9charger la liste compl\u00e8te ici &nbsp; &nbsp; Vous pouvez t\u00e9l\u00e9charger la liste compl\u00e8te ici &nbsp;<\/p>\n","protected":false},"author":4,"featured_media":0,"parent":1210,"menu_order":0,"comment_status":"closed","ping_status":"closed","template":"template-secondary-staff.php","meta":{"footnotes":""},"class_list":["post-138575","page","type-page","status-publish","hentry"],"_links":{"self":[{"href":"https:\/\/www.es-karlsruhe.eu\/fr\/wp-json\/wp\/v2\/pages\/138575","targetHints":{"allow":["GET"]}}],"collection":[{"href":"https:\/\/www.es-karlsruhe.eu\/fr\/wp-json\/wp\/v2\/pages"}],"about":[{"href":"https:\/\/www.es-karlsruhe.eu\/fr\/wp-json\/wp\/v2\/types\/page"}],"author":[{"embeddable":true,"href":"https:\/\/www.es-karlsruhe.eu\/fr\/wp-json\/wp\/v2\/users\/4"}],"replies":[{"embeddable":true,"href":"https:\/\/www.es-karlsruhe.eu\/fr\/wp-json\/wp\/v2\/comments?post=138575"}],"version-history":[{"count":24,"href":"https:\/\/www.es-karlsruhe.eu\/fr\/wp-json\/wp\/v2\/pages\/138575\/revisions"}],"predecessor-version":[{"id":174246,"href":"https:\/\/www.es-karlsruhe.eu\/fr\/wp-json\/wp\/v2\/pages\/138575\/revisions\/174246"}],"up":[{"embeddable":true,"href":"https:\/\/www.es-karlsruhe.eu\/fr\/wp-json\/wp\/v2\/pages\/1210"}],"wp:attachment":[{"href":"https:\/\/www.es-karlsruhe.eu\/fr\/wp-json\/wp\/v2\/media?parent=138575"}],"curies":[{"name":"wp","href":"https:\/\/api.w.org\/{rel}","templated":true}]}}