{"id":146638,"date":"2023-09-12T15:07:40","date_gmt":"2023-09-12T13:07:40","guid":{"rendered":"https:\/\/www.es-karlsruhe.eu\/?page_id=146638"},"modified":"2023-09-12T16:14:48","modified_gmt":"2023-09-12T14:14:48","slug":"european-schools-science-symposium-esss","status":"publish","type":"page","link":"https:\/\/www.es-karlsruhe.eu\/fr\/secondaire\/apprentissage\/european-schools-science-symposium-esss\/","title":{"rendered":"European Schools&rsquo; Science Symposium (ESSS)"},"content":{"rendered":"<p>Le European School Science Symposium est un concours prestigieux ouvert aux \u00e9l\u00e8ves des \u00e9coles europ\u00e9ennes des ann\u00e9es S1 \u00e0 S7. Il permet \u00e0 des individus ou \u00e0 des groupes de trois \u00e9l\u00e8ves au maximum, accompagn\u00e9s et encourag\u00e9s par un enseignant-mentor, d&rsquo;explorer un domaine d&rsquo;int\u00e9r\u00eat scientifique de leur choix. Il s&rsquo;agit de sujets qui ne sont g\u00e9n\u00e9ralement pas abord\u00e9s dans le programme des \u00e9coles europ\u00e9ennes &#8211; une v\u00e9ritable recherche scientifique libre et passionnante !<\/p>\n<p>Les projets s\u00e9lectionn\u00e9s sont pr\u00e9sent\u00e9s une fois par an lors du symposium et sont \u00e9valu\u00e9s par des enseignants et des experts du domaine. Les jeunes talents sont \u00e9valu\u00e9s s\u00e9par\u00e9ment en fonction de leur \u00e2ge, et les meilleurs projets dans les cat\u00e9gories Junior et Senior sont r\u00e9compens\u00e9s par des prix.<\/p>\n<p>Le meilleur projet global dans la cat\u00e9gorie \u00ab\u00a0Senior\u00a0\u00bb repr\u00e9sentera les \u00e9coles europ\u00e9ennes au Concours de l&rsquo;Union europ\u00e9enne pour les jeunes scientifiques (EUCYS) plus tard dans l&rsquo;ann\u00e9e.<\/p>\n<p>Ces derni\u00e8res ann\u00e9es, les projets de l&rsquo;\u00c9cole europ\u00e9enne de Karlsruhe se sont distingu\u00e9s par leur originalit\u00e9 et le soin apport\u00e9 \u00e0 l&rsquo;\u00e9tude des sujets trait\u00e9s, ce qui nous a valu de nombreux prix dans les deux cat\u00e9gories.<\/p>\n<p>Outre l&rsquo;importance scientifique et p\u00e9dagogique de ce concours, il est important de souligner que le symposium est une occasion unique de rencontrer des experts de diff\u00e9rentes disciplines scientifiques et d&rsquo;entendre leurs t\u00e9moignages, ainsi que de cr\u00e9er un r\u00e9seau de contacts essentiel pour le d\u00e9veloppement futur des jeunes talents scientifiques.<\/p>\n<p>Vous trouverez ci-dessous les propos de quelques \u00e9tudiants qui y ont particip\u00e9.<\/p>\n<p>Isaia P. (S6EN) : \u00ab\u00a0Une exp\u00e9rience incroyable ! Il y avait tellement de gens intelligents, d&rsquo;\u00e9v\u00e9nements int\u00e9ressants et d&rsquo;id\u00e9es inspirantes. Si vous avez le moindre int\u00e9r\u00eat pour la science et les projets, je vous recommande d&rsquo;essayer l\u2019ESSS. C&rsquo;\u00e9tait bombastique !\u00a0\u00bb<\/p>\n<p>Laura V. (S2EN) : \u00ab\u00a0Dans l&rsquo;ensemble, je pense que le European School Science Symposium est une exp\u00e9rience merveilleuse pour nous, les \u00e9tudiants. \u00c0 l&rsquo;ESSS, nous sommes confront\u00e9s \u00e0 de nombreuses exp\u00e9riences diff\u00e9rentes, r\u00e9alis\u00e9es par des \u00e9l\u00e8ves de diff\u00e9rentes \u00e9coles europ\u00e9ennes. De plus, \u00e0 l&rsquo;ESSS, tout n&rsquo;est pas li\u00e9 \u00e0 la science, car nous pouvons faire de nombreuses activit\u00e9s amusantes comme du patinage, une discoth\u00e8que, etc. C&rsquo;est aussi l&rsquo;occasion pour nous, les participants, de nous faire de nouveaux amis (je suis toujours en contact avec les miens !). J&rsquo;ai particip\u00e9 \u00e0 l&rsquo;ESSS dans un groupe compos\u00e9 de deux de mes camarades de classe, mais vous pouvez aussi travailler seul. Nous avons particip\u00e9 pour la premi\u00e8re fois \u00e0 l&rsquo;ESSS \u00e0 Strasbourg en 2022 et nous avons tellement aim\u00e9 que nous avons d\u00e9cid\u00e9 d&rsquo;y participer \u00e0 nouveau en 2023 ! Je dirais que les deux fois ont \u00e9t\u00e9 formidables, accompagn\u00e9es de nombreuses nouvelles exp\u00e9riences, connaissances et nourriture. Bien que vous deviez consacrer beaucoup de travail et de temps \u00e0 votre projet, et parfois m\u00eame passer vos soir\u00e9es \u00e0 l&rsquo;\u00e9cole \u00e0 faire des exp\u00e9riences, je pense que cela en vaut la peine. Vous apprenez beaucoup de choses que vous n&rsquo;auriez pas apprises en classe et vous avez m\u00eame la libert\u00e9 de choisir votre propre exp\u00e9rience ! Cela vous aide \u00e9galement \u00e0 am\u00e9liorer vos comp\u00e9tences en mati\u00e8re de pr\u00e9sentation lorsque vous vous adressez \u00e0 un public, ce qui est tr\u00e8s utile \u00e0 l&rsquo;\u00e9cole (j&rsquo;ai constat\u00e9 que j&rsquo;ai maintenant beaucoup plus confiance en moi lorsque je parle devant une foule). J&rsquo;encouragerais quiconque ayant un environnement cr\u00e9atif \u00e0 imaginer une exp\u00e9rience et \u00e0 essayer l&rsquo;ESSS ! \u00a0\u00bb<\/p>\n<p>Mila (S6DE) : \u00a0\u00bb Pour moi, l&rsquo;ESSS a \u00e9t\u00e9 une exp\u00e9rience formidable.<\/p>\n<p>Le matin, nous avons eu l&rsquo;occasion d&rsquo;\u00e9changer avec d&rsquo;autres \u00e9tudiants et de trouver des id\u00e9es et des connaissances sur nos projets. L&rsquo;apr\u00e8s-midi, nous avons eu l&rsquo;occasion de nous d\u00e9tendre et de nouer des contacts, par exemple en faisant du patin \u00e0 glace, tout en cr\u00e9ant des liens au-del\u00e0 de la sph\u00e8re acad\u00e9mique.<\/p>\n<p>L&rsquo;ESSS rassemble avec succ\u00e8s des \u00e9tudiants de diff\u00e9rentes parties du monde gr\u00e2ce \u00e0 notre z\u00e8le et \u00e0 notre enthousiasme communs pour la science\u00a0\u00bb.<\/p>\n<p>Laura P. (S6DE) : \u00ab\u00a0ESSS 2023, trois jours pleins de science, de discours et de rencontres.<\/p>\n<p>L&rsquo;ennui commun entre nous, les \u00e9tudiants, lors de la c\u00e9r\u00e9monie d&rsquo;ouverture nous a amen\u00e9s \u00e0 interagir avec les autres \u00e9coles. On a lev\u00e9 les yeux au ciel, on s&rsquo;est moqu\u00e9 des orateurs et on a \u00e9chang\u00e9 des connections sur les r\u00e9seaux sociaux.<\/p>\n<p>Le lendemain matin, c&rsquo;est l&rsquo;exposition des posters qui occupe le devant de la sc\u00e8ne. Environ 150 \u00e9tudiants d\u00e9ballaient nerveusement leur produit final, fruit de plusieurs mois de frustration, de recherche et d&rsquo;efforts. \u00c9videmment, nous \u00e9tions tous curieux de savoir ce que faisait la concurrence, et c&rsquo;est ainsi que les jugements et les comparaisons \u00e0 voix basse ont commenc\u00e9. Des alliances se sont cr\u00e9\u00e9es et des rivalit\u00e9s se sont form\u00e9es. (\u00e9videmment #nohate)<\/p>\n<p>Apr\u00e8s une visite du campus du JRC, les seniors ont commenc\u00e9 \u00e0 ressentir une certaine nervosit\u00e9 \u00e0 l&rsquo;\u00e9gard de leurs pr\u00e9sentations. Ils sont entr\u00e9s dans une salle avec un \u00e9norme \u00e9cran au fond et un groupe de juges en face d&rsquo;eux. Une fois la pr\u00e9sentation termin\u00e9e, on vous posait des questions et, dans le meilleur des cas, vous saviez de quoi vous parliez et vous quittiez la salle avec un sentiment de soulagement.<\/p>\n<p>Ce soir-l\u00e0, nous avons \u00e9t\u00e9 invit\u00e9s \u00e0 l&rsquo;\u00e9cole europ\u00e9enne de Var\u00e8se. L&rsquo;orchestre des professeurs a jou\u00e9, M. Agoston a dans\u00e9, Isaia a plong\u00e9 sa t\u00eate dans un bol d&rsquo;eau et nous avons rencontr\u00e9 d&rsquo;autres \u00e9l\u00e8ves de l&rsquo;\u00e9cole europ\u00e9enne. Les finalistes devaient \u00eatre annonc\u00e9s lors de la \u00ab\u00a0ice skating fun night\u00a0\u00bb plus tard dans la soir\u00e9e et m\u00eame si l&rsquo;\u00e9quipe de Karlsruhe est arriv\u00e9e trop tard, nos relations avec les \u00e9tudiants varois ont sauv\u00e9 notre soir\u00e9e. Deux \u00e9quipes de Karlsruhe sont arriv\u00e9es en finale. Quelle soir\u00e9e !<\/p>\n<p>Le jour suivant est pass\u00e9 tr\u00e8s vite. Cinq \u00e9quipes seniors et cinq \u00e9quipes juniors se sont pr\u00e9sent\u00e9es devant tout le monde. Des patchs vitamin\u00e9s, des \u00ab\u00a0machines \u00e0 ordures\u00a0\u00bb, des avions en papier t\u00e9l\u00e9command\u00e9s, des engrais faits maison et des antidouleurs. Des projets aussi fascinants les uns que les autres. Apr\u00e8s un tour en bateau sur le Lago Maggiore, la soir\u00e9e a pris une tournure inattendue lorsque trois membres de l&rsquo;\u00e9quipe de Karlsruhe se sont retrouv\u00e9s avec un groupe d&rsquo;\u00e9tudiants belges. Apr\u00e8s une promenade jusqu&rsquo;au McDonalds le plus proche, nous sommes rentr\u00e9s \u00e0 l&rsquo;h\u00f4tel, mais il y avait encore tant de choses \u00e0 dire.<\/p>\n<p>La derni\u00e8re matin\u00e9e a commenc\u00e9 par la c\u00e9r\u00e9monie de cl\u00f4ture. Plusieurs intervenants plus ou moins importants ont prononc\u00e9 des discours et tout ce que nous voulions, c&rsquo;\u00e9tait d&rsquo;entendre les classements d\u00e9cid\u00e9s par les juges. Lorsque le moment est enfin arriv\u00e9, Arman n&rsquo;en revenait pas, Mme Valdiserri sautait de joie, Mme Santos ne cessait de sourire et m\u00eame Isaia semblait heureux. Karlsruhe a gagn\u00e9 !<\/p>\n<p>Apr\u00e8s le retour en train \u00e0 Karlsruhe, nous \u00e9tions tous d&rsquo;accord sur ce point : Cet \u00e9v\u00e9nement, une fois de plus, nous a tous unis dans la diversit\u00e9 !<\/p>\n<p>Isabella R. (S3EN) : \u00ab\u00a0Le European School Science Symposium ne vous permet pas seulement de donner vie \u00e0 vos id\u00e9es uniques, mais aussi de voyager et de rencontrer de nouvelles personnes. Chaque ann\u00e9e, l&rsquo;\u00e9cole h\u00f4te organise diverses activit\u00e9s auxquelles les participants \u00e0 l&rsquo;ESSS peuvent prendre part. Cette ann\u00e9e, nous avons pu nous rendre \u00e0 Var\u00e8se, en Italie, et visiter le JRC. Au cours de notre voyage, nous avons non seulement pu pr\u00e9senter nos projets \u00e0 un panel de juges, mais nous avons \u00e9galement pu visiter le JRC, l&rsquo;\u00c9cole europ\u00e9enne de Var\u00e8se et, l&rsquo;un des soirs, nous avons fait du patin \u00e0 glace. \u00a0\u00bb<\/p>\n<p>Arman P. (S6EN) : \u00ab\u00a0L&rsquo;ESSS 2023 \u00e0 Var\u00e8se a \u00e9t\u00e9 une exp\u00e9rience extr\u00eamement pr\u00e9cieuse \u00e0 bien des \u00e9gards. Depuis le moment o\u00f9 nous avons eu une id\u00e9e en novembre jusqu&rsquo;au dernier jour du symposium, nous avons v\u00e9cu tant de choses nouvelles : de longues r\u00e9unions pour adapter et planifier les prochaines \u00e9tapes du projet, l&rsquo;utilisation de nouveaux \u00e9quipements dans des laboratoires auxquels nous n&rsquo;aurions jamais pens\u00e9 avoir acc\u00e8s, l&rsquo;analyse et la r\u00e9daction de ces r\u00e9sultats en un produit final coh\u00e9rent et, enfin, le voyage \u00e0 Var\u00e8se. Ce fut un processus extr\u00eamement gratifiant de voir tout notre travail aboutir \u00e0 quelque chose dont nous sommes fiers. Pendant les trois jours de notre s\u00e9jour, nous avons non seulement appris ce qu&rsquo;\u00e9tait une conf\u00e9rence scientifique, mais nous avons aussi pass\u00e9 du temps avec des personnes partageant les m\u00eames id\u00e9es, et nous avons m\u00eame eu le temps de visiter la r\u00e9gion en empruntant un ferry.\u00a0\u00bb<\/p>\n<p>Florence H. (S3EN) : \u00ab\u00a0J&rsquo;ai beaucoup appr\u00e9ci\u00e9 l&rsquo;ESSS, en particulier le fait de d\u00e9couvrir les projets des autres et de faire du patin \u00e0 glace. M\u00eame si nous n&rsquo;avons pas \u00e9t\u00e9 retenues pour la finale, je me suis beaucoup amus\u00e9e pendant le voyage !\u00a0\u00bb<\/p>\n\n\t\t<style type=\"text\/css\">\n\t\t\t#gallery-1 {\n\t\t\t\tmargin: auto;\n\t\t\t}\n\t\t\t#gallery-1 .gallery-item {\n\t\t\t\tfloat: left;\n\t\t\t\tmargin-top: 10px;\n\t\t\t\ttext-align: center;\n\t\t\t\twidth: 33%;\n\t\t\t}\n\t\t\t#gallery-1 img {\n\t\t\t\tborder: 2px solid #cfcfcf;\n\t\t\t}\n\t\t\t#gallery-1 .gallery-caption {\n\t\t\t\tmargin-left: 0;\n\t\t\t}\n\t\t\t\/* see gallery_shortcode() in wp-includes\/media.php *\/\n\t\t<\/style>\n\t\t<div id='gallery-1' class='gallery galleryid-146638 gallery-columns-3 gallery-size-medium'><dl class='gallery-item'>\n\t\t\t<dt class='gallery-icon landscape'>\n\t\t\t\t<a href='https:\/\/www.es-karlsruhe.eu\/wp-content\/uploads\/2023\/09\/2023-09-12-161025.png'><img loading=\"lazy\" decoding=\"async\" width=\"300\" height=\"188\" src=\"https:\/\/www.es-karlsruhe.eu\/wp-content\/uploads\/2023\/09\/2023-09-12-161025-300x188.png\" class=\"attachment-medium size-medium\" alt=\"\" srcset=\"https:\/\/www.es-karlsruhe.eu\/wp-content\/uploads\/2023\/09\/2023-09-12-161025-300x188.png 300w, https:\/\/www.es-karlsruhe.eu\/wp-content\/uploads\/2023\/09\/2023-09-12-161025-768x482.png 768w, https:\/\/www.es-karlsruhe.eu\/wp-content\/uploads\/2023\/09\/2023-09-12-161025.png 823w\" sizes=\"auto, (max-width: 300px) 100vw, 300px\" \/><\/a>\n\t\t\t<\/dt><\/dl><dl class='gallery-item'>\n\t\t\t<dt class='gallery-icon landscape'>\n\t\t\t\t<a href='https:\/\/www.es-karlsruhe.eu\/wp-content\/uploads\/2023\/09\/2023-09-12-161002.png'><img loading=\"lazy\" decoding=\"async\" width=\"300\" height=\"173\" src=\"https:\/\/www.es-karlsruhe.eu\/wp-content\/uploads\/2023\/09\/2023-09-12-161002-300x173.png\" class=\"attachment-medium size-medium\" alt=\"\" srcset=\"https:\/\/www.es-karlsruhe.eu\/wp-content\/uploads\/2023\/09\/2023-09-12-161002-300x173.png 300w, https:\/\/www.es-karlsruhe.eu\/wp-content\/uploads\/2023\/09\/2023-09-12-161002-768x444.png 768w, https:\/\/www.es-karlsruhe.eu\/wp-content\/uploads\/2023\/09\/2023-09-12-161002.png 896w\" sizes=\"auto, (max-width: 300px) 100vw, 300px\" \/><\/a>\n\t\t\t<\/dt><\/dl><dl class='gallery-item'>\n\t\t\t<dt class='gallery-icon landscape'>\n\t\t\t\t<a href='https:\/\/www.es-karlsruhe.eu\/wp-content\/uploads\/2023\/09\/2023-09-12-160939.png'><img loading=\"lazy\" decoding=\"async\" width=\"300\" height=\"176\" src=\"https:\/\/www.es-karlsruhe.eu\/wp-content\/uploads\/2023\/09\/2023-09-12-160939-300x176.png\" class=\"attachment-medium size-medium\" alt=\"\" srcset=\"https:\/\/www.es-karlsruhe.eu\/wp-content\/uploads\/2023\/09\/2023-09-12-160939-300x176.png 300w, https:\/\/www.es-karlsruhe.eu\/wp-content\/uploads\/2023\/09\/2023-09-12-160939-768x450.png 768w, https:\/\/www.es-karlsruhe.eu\/wp-content\/uploads\/2023\/09\/2023-09-12-160939.png 898w\" sizes=\"auto, (max-width: 300px) 100vw, 300px\" \/><\/a>\n\t\t\t<\/dt><\/dl><br style=\"clear: both\" \/><dl class='gallery-item'>\n\t\t\t<dt class='gallery-icon landscape'>\n\t\t\t\t<a href='https:\/\/www.es-karlsruhe.eu\/wp-content\/uploads\/2023\/09\/2023-09-12-160915.png'><img loading=\"lazy\" decoding=\"async\" width=\"300\" height=\"174\" src=\"https:\/\/www.es-karlsruhe.eu\/wp-content\/uploads\/2023\/09\/2023-09-12-160915-300x174.png\" class=\"attachment-medium size-medium\" alt=\"\" srcset=\"https:\/\/www.es-karlsruhe.eu\/wp-content\/uploads\/2023\/09\/2023-09-12-160915-300x174.png 300w, https:\/\/www.es-karlsruhe.eu\/wp-content\/uploads\/2023\/09\/2023-09-12-160915-768x446.png 768w, https:\/\/www.es-karlsruhe.eu\/wp-content\/uploads\/2023\/09\/2023-09-12-160915.png 891w\" sizes=\"auto, (max-width: 300px) 100vw, 300px\" \/><\/a>\n\t\t\t<\/dt><\/dl><dl class='gallery-item'>\n\t\t\t<dt class='gallery-icon landscape'>\n\t\t\t\t<a href='https:\/\/www.es-karlsruhe.eu\/wp-content\/uploads\/2023\/09\/2023-09-12-160851.png'><img loading=\"lazy\" decoding=\"async\" width=\"300\" height=\"174\" src=\"https:\/\/www.es-karlsruhe.eu\/wp-content\/uploads\/2023\/09\/2023-09-12-160851-300x174.png\" class=\"attachment-medium size-medium\" alt=\"\" srcset=\"https:\/\/www.es-karlsruhe.eu\/wp-content\/uploads\/2023\/09\/2023-09-12-160851-300x174.png 300w, https:\/\/www.es-karlsruhe.eu\/wp-content\/uploads\/2023\/09\/2023-09-12-160851-768x445.png 768w, https:\/\/www.es-karlsruhe.eu\/wp-content\/uploads\/2023\/09\/2023-09-12-160851.png 897w\" sizes=\"auto, (max-width: 300px) 100vw, 300px\" \/><\/a>\n\t\t\t<\/dt><\/dl><dl class='gallery-item'>\n\t\t\t<dt class='gallery-icon landscape'>\n\t\t\t\t<a href='https:\/\/www.es-karlsruhe.eu\/wp-content\/uploads\/2023\/09\/2023-09-12-160825.png'><img loading=\"lazy\" decoding=\"async\" width=\"300\" height=\"172\" src=\"https:\/\/www.es-karlsruhe.eu\/wp-content\/uploads\/2023\/09\/2023-09-12-160825-300x172.png\" class=\"attachment-medium size-medium\" alt=\"\" srcset=\"https:\/\/www.es-karlsruhe.eu\/wp-content\/uploads\/2023\/09\/2023-09-12-160825-300x172.png 300w, https:\/\/www.es-karlsruhe.eu\/wp-content\/uploads\/2023\/09\/2023-09-12-160825-768x439.png 768w, https:\/\/www.es-karlsruhe.eu\/wp-content\/uploads\/2023\/09\/2023-09-12-160825.png 897w\" sizes=\"auto, (max-width: 300px) 100vw, 300px\" \/><\/a>\n\t\t\t<\/dt><\/dl><br style=\"clear: both\" \/><dl class='gallery-item'>\n\t\t\t<dt class='gallery-icon landscape'>\n\t\t\t\t<a href='https:\/\/www.es-karlsruhe.eu\/wp-content\/uploads\/2023\/09\/2023-09-12-160754.png'><img loading=\"lazy\" decoding=\"async\" width=\"300\" height=\"162\" src=\"https:\/\/www.es-karlsruhe.eu\/wp-content\/uploads\/2023\/09\/2023-09-12-160754-300x162.png\" class=\"attachment-medium size-medium\" alt=\"\" srcset=\"https:\/\/www.es-karlsruhe.eu\/wp-content\/uploads\/2023\/09\/2023-09-12-160754-300x162.png 300w, https:\/\/www.es-karlsruhe.eu\/wp-content\/uploads\/2023\/09\/2023-09-12-160754-768x414.png 768w, https:\/\/www.es-karlsruhe.eu\/wp-content\/uploads\/2023\/09\/2023-09-12-160754.png 902w\" sizes=\"auto, (max-width: 300px) 100vw, 300px\" \/><\/a>\n\t\t\t<\/dt><\/dl><dl class='gallery-item'>\n\t\t\t<dt class='gallery-icon landscape'>\n\t\t\t\t<a href='https:\/\/www.es-karlsruhe.eu\/wp-content\/uploads\/2023\/09\/2023-09-12-160729.png'><img loading=\"lazy\" decoding=\"async\" width=\"300\" height=\"172\" src=\"https:\/\/www.es-karlsruhe.eu\/wp-content\/uploads\/2023\/09\/2023-09-12-160729-300x172.png\" class=\"attachment-medium size-medium\" alt=\"\" srcset=\"https:\/\/www.es-karlsruhe.eu\/wp-content\/uploads\/2023\/09\/2023-09-12-160729-300x172.png 300w, https:\/\/www.es-karlsruhe.eu\/wp-content\/uploads\/2023\/09\/2023-09-12-160729-768x441.png 768w, https:\/\/www.es-karlsruhe.eu\/wp-content\/uploads\/2023\/09\/2023-09-12-160729.png 906w\" sizes=\"auto, (max-width: 300px) 100vw, 300px\" \/><\/a>\n\t\t\t<\/dt><\/dl><dl class='gallery-item'>\n\t\t\t<dt class='gallery-icon landscape'>\n\t\t\t\t<a href='https:\/\/www.es-karlsruhe.eu\/wp-content\/uploads\/2023\/09\/2023-09-12-160658.png'><img loading=\"lazy\" decoding=\"async\" width=\"300\" height=\"175\" src=\"https:\/\/www.es-karlsruhe.eu\/wp-content\/uploads\/2023\/09\/2023-09-12-160658-300x175.png\" class=\"attachment-medium size-medium\" alt=\"\" srcset=\"https:\/\/www.es-karlsruhe.eu\/wp-content\/uploads\/2023\/09\/2023-09-12-160658-300x175.png 300w, https:\/\/www.es-karlsruhe.eu\/wp-content\/uploads\/2023\/09\/2023-09-12-160658-768x448.png 768w, https:\/\/www.es-karlsruhe.eu\/wp-content\/uploads\/2023\/09\/2023-09-12-160658.png 877w\" sizes=\"auto, (max-width: 300px) 100vw, 300px\" \/><\/a>\n\t\t\t<\/dt><\/dl><br style=\"clear: both\" \/><dl class='gallery-item'>\n\t\t\t<dt class='gallery-icon landscape'>\n\t\t\t\t<a href='https:\/\/www.es-karlsruhe.eu\/wp-content\/uploads\/2023\/09\/2023-09-12-160559.png'><img loading=\"lazy\" decoding=\"async\" width=\"300\" height=\"170\" src=\"https:\/\/www.es-karlsruhe.eu\/wp-content\/uploads\/2023\/09\/2023-09-12-160559-300x170.png\" class=\"attachment-medium size-medium\" alt=\"\" srcset=\"https:\/\/www.es-karlsruhe.eu\/wp-content\/uploads\/2023\/09\/2023-09-12-160559-300x170.png 300w, https:\/\/www.es-karlsruhe.eu\/wp-content\/uploads\/2023\/09\/2023-09-12-160559-768x436.png 768w, https:\/\/www.es-karlsruhe.eu\/wp-content\/uploads\/2023\/09\/2023-09-12-160559.png 887w\" sizes=\"auto, (max-width: 300px) 100vw, 300px\" \/><\/a>\n\t\t\t<\/dt><\/dl><dl class='gallery-item'>\n\t\t\t<dt class='gallery-icon landscape'>\n\t\t\t\t<a href='https:\/\/www.es-karlsruhe.eu\/wp-content\/uploads\/2023\/09\/2023-09-12-160410.png'><img loading=\"lazy\" decoding=\"async\" width=\"300\" height=\"185\" src=\"https:\/\/www.es-karlsruhe.eu\/wp-content\/uploads\/2023\/09\/2023-09-12-160410-300x185.png\" class=\"attachment-medium size-medium\" alt=\"\" srcset=\"https:\/\/www.es-karlsruhe.eu\/wp-content\/uploads\/2023\/09\/2023-09-12-160410-300x185.png 300w, https:\/\/www.es-karlsruhe.eu\/wp-content\/uploads\/2023\/09\/2023-09-12-160410-1024x630.png 1024w, https:\/\/www.es-karlsruhe.eu\/wp-content\/uploads\/2023\/09\/2023-09-12-160410-768x473.png 768w, https:\/\/www.es-karlsruhe.eu\/wp-content\/uploads\/2023\/09\/2023-09-12-160410.png 1150w\" sizes=\"auto, (max-width: 300px) 100vw, 300px\" \/><\/a>\n\t\t\t<\/dt><\/dl><dl class='gallery-item'>\n\t\t\t<dt class='gallery-icon landscape'>\n\t\t\t\t<a href='https:\/\/www.es-karlsruhe.eu\/wp-content\/uploads\/2023\/09\/2023-09-12-161134.png'><img loading=\"lazy\" decoding=\"async\" width=\"300\" height=\"171\" src=\"https:\/\/www.es-karlsruhe.eu\/wp-content\/uploads\/2023\/09\/2023-09-12-161134-300x171.png\" class=\"attachment-medium size-medium\" alt=\"\" srcset=\"https:\/\/www.es-karlsruhe.eu\/wp-content\/uploads\/2023\/09\/2023-09-12-161134-300x171.png 300w, https:\/\/www.es-karlsruhe.eu\/wp-content\/uploads\/2023\/09\/2023-09-12-161134-768x438.png 768w, https:\/\/www.es-karlsruhe.eu\/wp-content\/uploads\/2023\/09\/2023-09-12-161134.png 905w\" sizes=\"auto, (max-width: 300px) 100vw, 300px\" \/><\/a>\n\t\t\t<\/dt><\/dl><br style=\"clear: both\" \/><dl class='gallery-item'>\n\t\t\t<dt class='gallery-icon landscape'>\n\t\t\t\t<a href='https:\/\/www.es-karlsruhe.eu\/wp-content\/uploads\/2023\/09\/2023-09-12-161104.png'><img loading=\"lazy\" decoding=\"async\" width=\"300\" height=\"184\" src=\"https:\/\/www.es-karlsruhe.eu\/wp-content\/uploads\/2023\/09\/2023-09-12-161104-300x184.png\" class=\"attachment-medium size-medium\" alt=\"\" srcset=\"https:\/\/www.es-karlsruhe.eu\/wp-content\/uploads\/2023\/09\/2023-09-12-161104-300x184.png 300w, https:\/\/www.es-karlsruhe.eu\/wp-content\/uploads\/2023\/09\/2023-09-12-161104-768x472.png 768w, https:\/\/www.es-karlsruhe.eu\/wp-content\/uploads\/2023\/09\/2023-09-12-161104.png 843w\" sizes=\"auto, (max-width: 300px) 100vw, 300px\" \/><\/a>\n\t\t\t<\/dt><\/dl>\n\t\t\t<br style='clear: both' \/>\n\t\t<\/div>\n\n","protected":false},"excerpt":{"rendered":"<p>Le European School Science Symposium est un concours prestigieux ouvert aux \u00e9l\u00e8ves des \u00e9coles europ\u00e9ennes des ann\u00e9es S1 \u00e0 S7. Il permet \u00e0 des individus ou \u00e0 des groupes de<a class=\"excerpt-read-more\" href=\"https:\/\/www.es-karlsruhe.eu\/fr\/secondaire\/apprentissage\/european-schools-science-symposium-esss\/\" title=\"LireEuropean Schools&rsquo; Science Symposium (ESSS)\">&#8230; Read more &raquo;<\/a><\/p>\n","protected":false},"author":4,"featured_media":0,"parent":1200,"menu_order":0,"comment_status":"closed","ping_status":"closed","template":"","meta":{"footnotes":""},"class_list":["post-146638","page","type-page","status-publish","hentry"],"_links":{"self":[{"href":"https:\/\/www.es-karlsruhe.eu\/fr\/wp-json\/wp\/v2\/pages\/146638","targetHints":{"allow":["GET"]}}],"collection":[{"href":"https:\/\/www.es-karlsruhe.eu\/fr\/wp-json\/wp\/v2\/pages"}],"about":[{"href":"https:\/\/www.es-karlsruhe.eu\/fr\/wp-json\/wp\/v2\/types\/page"}],"author":[{"embeddable":true,"href":"https:\/\/www.es-karlsruhe.eu\/fr\/wp-json\/wp\/v2\/users\/4"}],"replies":[{"embeddable":true,"href":"https:\/\/www.es-karlsruhe.eu\/fr\/wp-json\/wp\/v2\/comments?post=146638"}],"version-history":[{"count":2,"href":"https:\/\/www.es-karlsruhe.eu\/fr\/wp-json\/wp\/v2\/pages\/146638\/revisions"}],"predecessor-version":[{"id":146694,"href":"https:\/\/www.es-karlsruhe.eu\/fr\/wp-json\/wp\/v2\/pages\/146638\/revisions\/146694"}],"up":[{"embeddable":true,"href":"https:\/\/www.es-karlsruhe.eu\/fr\/wp-json\/wp\/v2\/pages\/1200"}],"wp:attachment":[{"href":"https:\/\/www.es-karlsruhe.eu\/fr\/wp-json\/wp\/v2\/media?parent=146638"}],"curies":[{"name":"wp","href":"https:\/\/api.w.org\/{rel}","templated":true}]}}