{"id":1561,"date":"2017-09-05T14:33:45","date_gmt":"2017-09-05T12:33:45","guid":{"rendered":"https:\/\/www.es-karlsruhe.eu\/?page_id=1561\/"},"modified":"2025-12-11T14:34:35","modified_gmt":"2025-12-11T13:34:35","slug":"baccalaureat-europeen","status":"publish","type":"page","link":"https:\/\/www.es-karlsruhe.eu\/fr\/secondaire\/apprentissage\/baccalaureat-europeen\/","title":{"rendered":"Baccalaur\u00e9at europ\u00e9en"},"content":{"rendered":"<div class=\"title-deco\" id=\"\"><div class=\"blue-bloc\"><\/div><h2 class=\"title\">Informations sur le baccalaur\u00e9at europ\u00e9en<\/h2><\/div>\n<p>Le R\u00e8glement d&rsquo;application du R\u00e8glement du Baccalaur\u00e9at europ\u00e9en peut \u00eatre t\u00e9l\u00e9charg\u00e9 ci-dessous:<\/p>\n<ul>\n<li><a href=\"https:\/\/www.es-karlsruhe.eu\/wp-content\/uploads\/2025\/09\/2015-05-D-12-fr-47-Reglement-dapplication-du-Reglement-du-Baccalaureat-europeen-2026.pdf\">R\u00e8glement d&rsquo;application du R\u00e8glement du Baccalaur\u00e9at 2026<\/a><\/li>\n<\/ul>\n<p>Le Guide \u00e0 l\u2019intention des candidats au Baccalaur\u00e9at europ\u00e9en peut \u00eatre t\u00e9l\u00e9charg\u00e9 ci-dessous:<\/p>\n<ul>\n<li><a href=\"https:\/\/www.eursc.eu\/Documents\/BAC_Handbook-fr.pdf\">Le Manuel du Baccalaur\u00e9at europ\u00e9en<\/a><\/li>\n<\/ul>\n<div class=\"title-deco\" id=\"\"><div class=\"blue-bloc\"><\/div><h2 class=\"title\">Informations g\u00e9n\u00e9rales<\/h2><\/div>\n<ul>\n<li>Dates importantes Baccalaur\u00e9at 2026<\/li>\n<li><a href=\"https:\/\/www.es-karlsruhe.eu\/wp-content\/uploads\/2025\/09\/Year-7-Parents-Meeting-2025.09.10.pdf\">Pr\u00e9sentation de la soir\u00e9e parents (2025.09.10)<\/a><\/li>\n<li>Crit\u00e8res d&rsquo;\u00e9valuation des examens oraux du Baccalaur\u00e9at 2026<\/li>\n<\/ul>\n<div class=\"title-deco\" id=\"\"><div class=\"blue-bloc\"><\/div><h2 class=\"title\">Calendriers des tests B, examens du Pr\u00e9BAC et du BAC<\/h2><\/div>\n<p>Les horaires des tests B, des examens du Pr\u00e9BAC et des \u00e9crits et oraux du BAC sont disponibles<br \/>\nci-dessous:<\/p>\n<ul>\n<li><a href=\"https:\/\/www.es-karlsruhe.eu\/wp-content\/uploads\/2025\/09\/S7-B-Tests-1st-Semester-2025_26-FR.pdf\">Calendrier des tests B du premier semestre<\/a><\/li>\n<li><a href=\"https:\/\/www.es-karlsruhe.eu\/wp-content\/uploads\/2025\/09\/S7-B-Tests-2nd-Semester-2025_26-FR.pdf\">Calendrier des tests B du second semestre<\/a><\/li>\n<li><a href=\"https:\/\/www.es-karlsruhe.eu\/wp-content\/uploads\/2025\/09\/PreBAC-2026-Horaire-Partiels.pdf\">Calendrier des examens du Pr\u00e9bac 2026<\/a><\/li>\n<li>Calendrier des \u00e9preuves \u00e9crites du Baccalaur\u00e9at 2026<\/li>\n<li><a href=\"https:\/\/www.es-karlsruhe.eu\/wp-content\/uploads\/2025\/12\/2025-10-D-3-defren-3-Timetable-for-the-2026-EB-session.pdf\">Calendrier des \u00e9preuves du Baccalaur\u00e9at 2026 M\u00e9mo Bruxelles<\/a><\/li>\n<li>Calendrier des \u00e9preuves orales du Baccalaur\u00e9at 2026<strong><br \/>\n<\/strong><\/li>\n<\/ul>\n<div class=\"title-deco\" id=\"\"><div class=\"blue-bloc\"><\/div><h2 class=\"title\">Formulaire de choix des \u00c9preuves du Baccalaur\u00e9at<\/h2><\/div>\n<p>Le formulaire de choix des \u00e9preuves peut \u00eatre t\u00e9l\u00e9charg\u00e9 ci-dessous:<\/p>\n<p><a href=\"https:\/\/www.es-karlsruhe.eu\/wp-content\/uploads\/2025\/09\/BAC-Choices-2026-FRA-2015-05-D-12-fr-47-Reglement-dapplication-du-Reglement-du-Baccalaureat-europeen-2026.pdf\">Formulaire de choix des \u00c9preuves Baccalaur\u00e9at 2026 (2015-05-D-12-fr-47)<\/a><\/p>\n<div class=\"title-deco\" id=\"\"><div class=\"blue-bloc\"><\/div><h2 class=\"title\">Autres informations utiles sur le baccalaur\u00e9at europ\u00e9en<\/h2><\/div>\n<ul>\n<li><b>Information pour les responsables des admissions des universit\u00e9s et autres \u00e9tablissements d&rsquo;enseignement sup\u00e9rieur (octobre 2020) :<\/b>\u00a0<a href=\"https:\/\/www.es-karlsruhe.eu\/wp-content\/uploads\/2020\/10\/The_European_Baccalaureate_-_guidance_for_higher_education_admins.pdf\">Informations sur le Baccalaur\u00e9at Europ\u00e9en (en anglais)<\/a><\/li>\n<li><b>Equivalence entre le baccalaureat europ\u00e9en et le dipl\u00f4me national de fin d&rsquo;etudes du cycle secondaire des ecoles nationales et admission des titulaires du baccalaureat europeen aux universites des pays-membres :<\/b><a href=\"https:\/\/www.es-karlsruhe.eu\/wp-content\/uploads\/2022\/01\/2014-03-D-25-fr-12.pdf\"> 2014-03-D-25-fr-12.pdf<\/a><\/li>\n<li>Die deutsche Durchschnittsnote<\/li>\n<\/ul>\n<p>&nbsp;<\/p>\n<p>&nbsp;<\/p>\n","protected":false},"excerpt":{"rendered":"<p>Le R\u00e8glement d&rsquo;application du R\u00e8glement du Baccalaur\u00e9at europ\u00e9en peut \u00eatre t\u00e9l\u00e9charg\u00e9 ci-dessous: R\u00e8glement d&rsquo;application du R\u00e8glement du Baccalaur\u00e9at 2026 Le Guide \u00e0 l\u2019intention des candidats au Baccalaur\u00e9at europ\u00e9en peut \u00eatre<a class=\"excerpt-read-more\" href=\"https:\/\/www.es-karlsruhe.eu\/fr\/secondaire\/apprentissage\/baccalaureat-europeen\/\" title=\"LireBaccalaur\u00e9at europ\u00e9en\">&#8230; Read more &raquo;<\/a><\/p>\n","protected":false},"author":9,"featured_media":4008,"parent":1200,"menu_order":0,"comment_status":"closed","ping_status":"closed","template":"","meta":{"footnotes":""},"class_list":["post-1561","page","type-page","status-publish","has-post-thumbnail","hentry"],"_links":{"self":[{"href":"https:\/\/www.es-karlsruhe.eu\/fr\/wp-json\/wp\/v2\/pages\/1561","targetHints":{"allow":["GET"]}}],"collection":[{"href":"https:\/\/www.es-karlsruhe.eu\/fr\/wp-json\/wp\/v2\/pages"}],"about":[{"href":"https:\/\/www.es-karlsruhe.eu\/fr\/wp-json\/wp\/v2\/types\/page"}],"author":[{"embeddable":true,"href":"https:\/\/www.es-karlsruhe.eu\/fr\/wp-json\/wp\/v2\/users\/9"}],"replies":[{"embeddable":true,"href":"https:\/\/www.es-karlsruhe.eu\/fr\/wp-json\/wp\/v2\/comments?post=1561"}],"version-history":[{"count":26,"href":"https:\/\/www.es-karlsruhe.eu\/fr\/wp-json\/wp\/v2\/pages\/1561\/revisions"}],"predecessor-version":[{"id":176082,"href":"https:\/\/www.es-karlsruhe.eu\/fr\/wp-json\/wp\/v2\/pages\/1561\/revisions\/176082"}],"up":[{"embeddable":true,"href":"https:\/\/www.es-karlsruhe.eu\/fr\/wp-json\/wp\/v2\/pages\/1200"}],"wp:featuredmedia":[{"embeddable":true,"href":"https:\/\/www.es-karlsruhe.eu\/fr\/wp-json\/wp\/v2\/media\/4008"}],"wp:attachment":[{"href":"https:\/\/www.es-karlsruhe.eu\/fr\/wp-json\/wp\/v2\/media?parent=1561"}],"curies":[{"name":"wp","href":"https:\/\/api.w.org\/{rel}","templated":true}]}}