{"id":1567,"date":"2017-09-05T14:39:26","date_gmt":"2017-09-05T12:39:26","guid":{"rendered":"https:\/\/www.es-karlsruhe.eu\/?page_id=1567\/"},"modified":"2025-12-22T10:01:56","modified_gmt":"2025-12-22T09:01:56","slug":"conseils-dorientation","status":"publish","type":"page","link":"https:\/\/www.es-karlsruhe.eu\/fr\/secondaire\/informations-utiles\/conseils-dorientation\/","title":{"rendered":"Choix d\u00b4options et conseils d&rsquo;orientation"},"content":{"rendered":"<div class=\"title-deco\" id=\"\"><div class=\"blue-bloc\"><\/div><h2 class=\"title\">Orientation scolaire et professionnelle<\/h2><\/div>\n<p>Le programme des \u00c9coles Europ\u00e9ennes vise \u00e0 d\u00e9velopper chez tous les \u00e9l\u00e8ves des comp\u00e9tences cl\u00e9s, mais aussi \u00e0 favoriser le d\u00e9veloppement personnel de chaque \u00e9l\u00e8ve dans un contexte social et culturel plus large. Dans ce cadre, le programme d\u2019orientation scolaire et professionnelle d\u00e9veloppe des comp\u00e9tences cl\u00e9s sp\u00e9cifiques afin de faciliter la future int\u00e9gration des \u00e9l\u00e8ves dans le monde du travail.<\/p>\n<p>Les activit\u00e9s du programme d\u2019orientation scolaire et professionnelle visent principalement \u00e0 aider les \u00e9l\u00e8ves dans l\u2019\u00e9valuation de leurs propres forces, faiblesses, comp\u00e9tences et int\u00e9r\u00eats et \u00e0 favoriser la prise en charge de leur avenir en les incitant \u00e0 rechercher, s\u00e9lectionner, organiser et \u00e9valuer des informations relatives aux choix d&rsquo;\u00e9tudes et de professions.<\/p>\n<p>Pour atteindre ces objectifs, les \u00e9l\u00e8ves de 5<sup>e<\/sup> ann\u00e9e effectuent deux semaines de stage d\u2019observation en entreprise, en vue de d\u00e9velopper leur perception du monde du travail. Les \u00e9l\u00e8ves sont \u00e9galement inform\u00e9s des choix d\u2019options pour les 6<sup>e<\/sup> et 7<sup>e<\/sup> ann\u00e9es et de l\u2019implication de ces choix pour les examens finaux du baccalaur\u00e9at europ\u00e9en, mais aussi pour les fili\u00e8res post-bac de l\u2019enseignement sup\u00e9rieur. Les \u00e9l\u00e8ves de 6<sup>e<\/sup> ann\u00e9e approfondissent le travail de recherche concernant les fili\u00e8res universitaires. Enfin les \u00e9l\u00e8ves de 7<sup>e<\/sup> ann\u00e9e sont inform\u00e9s des outils et proc\u00e9dures de candidature dans l\u2019enseignement sup\u00e9rieur et sont assist\u00e9s dans leurs d\u00e9marches par le professeur orienteur.<\/p>\n<p>Documents de stage :<\/p>\n<p><a href=\"https:\/\/www.es-karlsruhe.eu\/wp-content\/uploads\/2025\/12\/WEX-S5-2025-2026-Information-eng.pdf\">WEX- BOGY internship confirmation before realisation <\/a><\/p>\n<p><a href=\"https:\/\/www.es-karlsruhe.eu\/wp-content\/uploads\/2025\/12\/WEX-S5-2025-2026-Unterlagen-DE.pdf\">WEX- BOGY-Praktikums-Best\u00e4tigung vor Durchf\u00fchrung<\/a><\/p>\n<p><a href=\"https:\/\/www.es-karlsruhe.eu\/wp-content\/uploads\/2025\/12\/WEX-S5-2025-2026-Documents-FR.pdf\">Confirmation de stage WEX-BOGY avant le stage<\/a><\/p>\n<p>Koordinatorin Berufspraktikum\/Internship\/stage &#8211; WEX (Working Experience) in S5: Kristin Peschutter<\/p>\n<p>Koordinatorin Sozialpraktikum CAAP (Active Citizenship for All Programme) in S4: Kristin Peschutter<\/p>\n<div class=\"title-deco\" id=\"\"><div class=\"blue-bloc\"><\/div><h2 class=\"title\">Options<\/h2><\/div>\n<p><strong>Les formulaires sur le choix des options<\/strong> pour les classes de secondaire de l\u00b4Ecole Europ\u00e9enne de Karlsruhe peuvent \u00eatre t\u00e9l\u00e9charg\u00e9s ici:<\/p>\n<ul>\n<li><a href=\"https:\/\/www.es-karlsruhe.eu\/wp-content\/uploads\/2025\/10\/Option-form-DE-EN-FR-S1-classes-2026-2027.pdf\"><strong>Choix des options\u00a0classes 1<\/strong><\/a><\/li>\n<li><a href=\"https:\/\/www.es-karlsruhe.eu\/wp-content\/uploads\/2025\/10\/Option-form-DE-EN-FR-S2-classes-2026-2027.pdf\"><strong>Choix des options\u00a0classes 2<\/strong><\/a><\/li>\n<li><a href=\"https:\/\/www.es-karlsruhe.eu\/wp-content\/uploads\/2025\/10\/Option-form-DE-EN-FR-S3-classes-2026-2027.pdf\"><strong>Choix des options\u00a0classes 3<\/strong><\/a><\/li>\n<li><a href=\"https:\/\/www.es-karlsruhe.eu\/wp-content\/uploads\/2025\/10\/Option-form-DE-EN-FR-S4-S5-classes-2026-2027.pdf\"><strong>Choix des options classes 4 et 5<\/strong><\/a><\/li>\n<li><a href=\"https:\/\/www.es-karlsruhe.eu\/wp-content\/uploads\/2025\/10\/Option-form-DE-EN-FR-S6-S7-classes-2026-2027.pdf\"><strong>Choix des options classes 6 et 7<\/strong><\/a><b><u><\/u><\/b><\/li>\n<\/ul>\n<p>Conseil d\u00b4orientation:<br \/>\n<div class=\"staff-member\"><span class=\"name\">M. Luis Escarate-Lopez<\/span><span class=\"job\">Conseiller d\u00b4orientation, Section germanophone<\/span><a href=\"&#x6d;&#x61;&#x69;&#x6c;&#x74;&#x6f;&#x3a;&#x6c;&#x75;&#x69;&#x73;&#x2d;&#x6d;&#x61;&#x78;&#x69;&#x6d;&#x69;&#x6c;&#x69;&#x61;&#x6e;&#x6f;&#x2e;&#x65;&#x73;&#x63;&#x61;&#x72;&#x61;&#x74;&#x65;&#x2d;&#x6c;&#x6f;&#x70;&#x65;&#x7a;&#x40;&#x74;&#x65;&#x61;&#x63;&#x68;&#x65;&#x72;&#x2e;&#x65;&#x75;&#x72;&#x73;&#x63;&#x2e;&#x65;&#x75;\" class=\"mail\">&#108;&#x75;&#105;&#x73;&#45;&#x6d;&#97;&#x78;&#105;&#x6d;&#105;&#x6c;i&#x61;n&#x6f;&#46;&#x65;s&#x63;a&#x72;a&#116;&#x65;&#45;&#x6c;&#111;&#x70;&#101;&#x7a;&#64;&#x74;&#101;&#x61;&#99;&#x68;e&#x72;&#46;&#x65;u&#x72;s&#x63;&#46;&#x65;u<\/a><\/div><\/p>\n<div class=\"staff-member\"><span class=\"name\">Mme Lesley Thomson<\/span><span class=\"job\">Conseill\u00e8re d\u2019orientation, Section anglophone<\/span><a href=\"m&#97;&#x69;&#x6c;&#x74;o&#58;&#x6c;&#x65;&#x73;l&#101;&#x79;&#x2e;&#x74;h&#111;&#x6d;&#x73;&#x6f;n&#64;&#x74;&#x65;&#x61;c&#104;&#x65;&#x72;&#x2e;e&#117;&#x72;&#x73;&#x63;&#46;&#101;&#x75;\" class=\"mail\">l&#101;&#115;&#x6c;&#x65;&#x79;&#46;t&#104;&#111;&#x6d;&#x73;&#x6f;n&#64;&#116;&#101;&#x61;&#x63;&#x68;e&#114;&#46;&#x65;&#x75;&#x72;sc&#46;&#101;&#x75;<\/a><\/div>\n<div class=\"staff-member\"><span class=\"name\">M. Philippe de Monneron<\/span><span class=\"job\">Conseiller d\u00b4orientation, Section francophone<\/span><a href=\"&#x6d;&#x61;&#105;lt&#x6f;&#x3a;&#112;&#104;i&#x6c;&#x69;&#112;&#112;e&#x2e;&#x64;&#x65;&#45;mo&#x6e;&#x6e;&#101;&#114;o&#x6e;&#x40;&#116;&#101;a&#x63;&#x68;&#101;&#114;&#46;&#x65;&#x75;&#x72;&#115;c&#46;&#x65;&#x75;\" class=\"mail\">&#x70;h&#x69;l&#x69;&#112;&#x70;&#101;&#46;&#x64;e&#x2d;&#109;&#x6f;&#110;&#x6e;&#101;r&#x6f;n&#x40;&#116;&#x65;&#97;&#x63;&#x68;e&#x72;&#46;&#x65;&#117;&#x72;&#115;c&#x2e;e&#x75;<\/a><\/div>\n","protected":false},"excerpt":{"rendered":"<p>Le programme des \u00c9coles Europ\u00e9ennes vise \u00e0 d\u00e9velopper chez tous les \u00e9l\u00e8ves des comp\u00e9tences cl\u00e9s, mais aussi \u00e0 favoriser le d\u00e9veloppement personnel de chaque \u00e9l\u00e8ve dans un contexte social et<a class=\"excerpt-read-more\" href=\"https:\/\/www.es-karlsruhe.eu\/fr\/secondaire\/informations-utiles\/conseils-dorientation\/\" title=\"LireChoix d\u00b4options et conseils d&rsquo;orientation\">&#8230; Read more &raquo;<\/a><\/p>\n","protected":false},"author":3,"featured_media":4277,"parent":1210,"menu_order":0,"comment_status":"closed","ping_status":"closed","template":"","meta":{"footnotes":""},"class_list":["post-1567","page","type-page","status-publish","has-post-thumbnail","hentry"],"_links":{"self":[{"href":"https:\/\/www.es-karlsruhe.eu\/fr\/wp-json\/wp\/v2\/pages\/1567","targetHints":{"allow":["GET"]}}],"collection":[{"href":"https:\/\/www.es-karlsruhe.eu\/fr\/wp-json\/wp\/v2\/pages"}],"about":[{"href":"https:\/\/www.es-karlsruhe.eu\/fr\/wp-json\/wp\/v2\/types\/page"}],"author":[{"embeddable":true,"href":"https:\/\/www.es-karlsruhe.eu\/fr\/wp-json\/wp\/v2\/users\/3"}],"replies":[{"embeddable":true,"href":"https:\/\/www.es-karlsruhe.eu\/fr\/wp-json\/wp\/v2\/comments?post=1567"}],"version-history":[{"count":15,"href":"https:\/\/www.es-karlsruhe.eu\/fr\/wp-json\/wp\/v2\/pages\/1567\/revisions"}],"predecessor-version":[{"id":176358,"href":"https:\/\/www.es-karlsruhe.eu\/fr\/wp-json\/wp\/v2\/pages\/1567\/revisions\/176358"}],"up":[{"embeddable":true,"href":"https:\/\/www.es-karlsruhe.eu\/fr\/wp-json\/wp\/v2\/pages\/1210"}],"wp:featuredmedia":[{"embeddable":true,"href":"https:\/\/www.es-karlsruhe.eu\/fr\/wp-json\/wp\/v2\/media\/4277"}],"wp:attachment":[{"href":"https:\/\/www.es-karlsruhe.eu\/fr\/wp-json\/wp\/v2\/media?parent=1567"}],"curies":[{"name":"wp","href":"https:\/\/api.w.org\/{rel}","templated":true}]}}