{"id":1569,"date":"2017-09-05T14:42:21","date_gmt":"2017-09-05T12:42:21","guid":{"rendered":"https:\/\/www.es-karlsruhe.eu\/?page_id=1569\/"},"modified":"2023-11-08T09:08:00","modified_gmt":"2023-11-08T08:08:00","slug":"heures-europeennes","status":"publish","type":"page","link":"https:\/\/www.es-karlsruhe.eu\/fr\/primaire\/apprentissage\/heures-europeennes\/","title":{"rendered":"Heures Europ\u00e9ennes"},"content":{"rendered":"<p><a href=\"https:\/\/www.es-karlsruhe.eu\/wp-content\/uploads\/2018\/07\/Allgemeine_Infos_EU_Stunden_Francais_NEW.pdf\">Contenu des Heures Europ\u00e9ennes<\/a><\/p>\n<div class=\"title-deco\" id=\"\"><div class=\"blue-bloc\"><\/div><h2 class=\"title\">Film club<\/h2><\/div>\n<p><img loading=\"lazy\" decoding=\"async\" class=\"alignnone size-full wp-image-2503\" src=\"https:\/\/www.es-karlsruhe.eu\/wp-content\/uploads\/2017\/09\/club-film.jpg\" alt=\"\" width=\"932\" height=\"659\" srcset=\"https:\/\/www.es-karlsruhe.eu\/wp-content\/uploads\/2017\/09\/club-film.jpg 932w, https:\/\/www.es-karlsruhe.eu\/wp-content\/uploads\/2017\/09\/club-film-300x212.jpg 300w, https:\/\/www.es-karlsruhe.eu\/wp-content\/uploads\/2017\/09\/club-film-768x543.jpg 768w\" sizes=\"auto, (max-width: 932px) 100vw, 932px\" \/><\/p>\n<div class=\"title-deco\" id=\"\"><div class=\"blue-bloc\"><\/div><h2 class=\"title\">Les heures europ\u00e9ennes en classe 3<\/h2><\/div>\n<p><img loading=\"lazy\" decoding=\"async\" class=\"alignnone size-full wp-image-2507\" src=\"https:\/\/www.es-karlsruhe.eu\/wp-content\/uploads\/2017\/09\/european-hours-p3-students.jpg\" alt=\"\" width=\"800\" height=\"600\" srcset=\"https:\/\/www.es-karlsruhe.eu\/wp-content\/uploads\/2017\/09\/european-hours-p3-students.jpg 800w, https:\/\/www.es-karlsruhe.eu\/wp-content\/uploads\/2017\/09\/european-hours-p3-students-300x225.jpg 300w, https:\/\/www.es-karlsruhe.eu\/wp-content\/uploads\/2017\/09\/european-hours-p3-students-768x576.jpg 768w\" sizes=\"auto, (max-width: 800px) 100vw, 800px\" \/><\/p>\n<p>Les \u00e9l\u00e8ves de classe 3 ont particip\u00e9 \u00e0 de multiples activit\u00e9s en lien avec les pays de l&rsquo;union europ\u00e9enne depuis le d\u00e9but de l&rsquo;ann\u00e9e. Ils ont ainsi pu\u00a0approfondir\u00a0leurs connaissances en g\u00e9ographie, en histoire et en langues.<\/p>\n<p>Ils se sont en effet investis dans de nombreux projets et ils ont eu la possibilit\u00e9 d&rsquo;assister \u00e0 tout un panel d&rsquo;activit\u00e9s dans des domaines tels que\u00a0: les\u00a0arts visuels, la cuisine ou encore la musique.\u00a0\u00a0Les recherches documentaires et les\u00a0discussions dans plusieurs langues\u00a0ont \u00e9t\u00e9 l&rsquo;occasion d&rsquo;apprendre par exemple les secrets de la fabrication du pain. Les \u00e9l\u00e8ves ont \u00e9tudi\u00e9 en d\u00e9tail\u00a0les diff\u00e9rentes pi\u00e8ces de monnaie\u00a0en circulation dans la zone euro\u00a0et sont ensuite partis \u00e0 la d\u00e9couverte des ch\u00e2teaux d&rsquo;Europe. Certains pays ont fait l&rsquo;objet d&rsquo;un travail\u00a0plus approfondi comme l&rsquo;Allemagne, la France, l&rsquo;Espagne\u00a0ou encore l&rsquo;Italie.<\/p>\n<p>Ces heures europ\u00e9ennes favorisent les \u00e9changes entre les \u00e9l\u00e8ves dans plusieurs langues puisque les \u00e9l\u00e8ves des trois\u00a0sections sont \u00ab\u00a0m\u00e9lang\u00e9s\u00a0\u00bb. Ces heures sont souvent dispens\u00e9es par\u00a0deux enseignants qui\u00a0s&rsquo;expriment dans des langues diff\u00e9rentes afin que tous les \u00e9l\u00e8ves puissent comprendre et assister avec plaisir aux activit\u00e9s propos\u00e9es.<\/p>\n<div class=\"title-deco\" id=\"\"><div class=\"blue-bloc\"><\/div><h2 class=\"title\">E.S.: Jeux europ\u00e9ens<\/h2><\/div>\n<p>Les Jeux europ\u00e9ens font partie des heures europ\u00e9ennes. Au cours de ces le\u00e7ons, les enfants pourront apprendre et exp\u00e9rimenter les diff\u00e9rents jeux europ\u00e9ens, tels que le tennis de table, le badminton, le handball et le basketball, l&rsquo;athl\u00e9tisme et la gymnastique. Bien s\u00fbr, le football est \u00e9galement propos\u00e9\u00a0! Les enfants peuvent d\u00e9velopper les diff\u00e9rentes techniques tout en s\u00b4amusant.<\/p>\n<p><img loading=\"lazy\" decoding=\"async\" class=\"alignnone size-full wp-image-2511\" src=\"https:\/\/www.es-karlsruhe.eu\/wp-content\/uploads\/2017\/09\/european-games.jpg\" alt=\"\" width=\"800\" height=\"450\" srcset=\"https:\/\/www.es-karlsruhe.eu\/wp-content\/uploads\/2017\/09\/european-games.jpg 800w, https:\/\/www.es-karlsruhe.eu\/wp-content\/uploads\/2017\/09\/european-games-300x169.jpg 300w, https:\/\/www.es-karlsruhe.eu\/wp-content\/uploads\/2017\/09\/european-games-768x432.jpg 768w\" sizes=\"auto, (max-width: 800px) 100vw, 800px\" \/><\/p>\n<div class=\"title-deco\" id=\"\"><div class=\"blue-bloc\"><\/div><h2 class=\"title\">Drame<\/h2><\/div>\n<p>Dans le domaine du th\u00e9\u00e2tre, nous explorons des pi\u00e8ces de th\u00e9\u00e2tre, du th\u00e9\u00e2tre physique, de la po\u00e9sie, des marionnettes et des ombres ainsi que des mouvements pour d\u00e9velopper des habilet\u00e9s physiques et kinesth\u00e9siques, de la cr\u00e9ativit\u00e9 et des habilet\u00e9s sociales dans un environnement amusant.<\/p>\n<div class=\"title-deco\" id=\"\"><div class=\"blue-bloc\"><\/div><h2 class=\"title\">Le journal de l&rsquo;\u00e9cole<\/h2><\/div>\n\n\t\t<style type=\"text\/css\">\n\t\t\t#gallery-1 {\n\t\t\t\tmargin: auto;\n\t\t\t}\n\t\t\t#gallery-1 .gallery-item {\n\t\t\t\tfloat: left;\n\t\t\t\tmargin-top: 10px;\n\t\t\t\ttext-align: center;\n\t\t\t\twidth: 33%;\n\t\t\t}\n\t\t\t#gallery-1 img {\n\t\t\t\tborder: 2px solid #cfcfcf;\n\t\t\t}\n\t\t\t#gallery-1 .gallery-caption {\n\t\t\t\tmargin-left: 0;\n\t\t\t}\n\t\t\t\/* see gallery_shortcode() in wp-includes\/media.php *\/\n\t\t<\/style>\n\t\t<div id='gallery-1' class='gallery galleryid-1569 gallery-columns-3 gallery-size-thumbnail'><dl class='gallery-item'>\n\t\t\t<dt class='gallery-icon landscape'>\n\t\t\t\t<a href='https:\/\/www.es-karlsruhe.eu\/wp-content\/uploads\/2018\/01\/zeitung05.png'><img loading=\"lazy\" decoding=\"async\" width=\"150\" height=\"150\" src=\"https:\/\/www.es-karlsruhe.eu\/wp-content\/uploads\/2018\/01\/zeitung05-150x150.png\" class=\"attachment-thumbnail size-thumbnail\" alt=\"\" srcset=\"https:\/\/www.es-karlsruhe.eu\/wp-content\/uploads\/2018\/01\/zeitung05-150x150.png 150w, https:\/\/www.es-karlsruhe.eu\/wp-content\/uploads\/2018\/01\/zeitung05-125x125.png 125w\" sizes=\"auto, (max-width: 150px) 100vw, 150px\" \/><\/a>\n\t\t\t<\/dt><\/dl><dl class='gallery-item'>\n\t\t\t<dt class='gallery-icon landscape'>\n\t\t\t\t<a href='https:\/\/www.es-karlsruhe.eu\/wp-content\/uploads\/2018\/01\/zeitung04.png'><img loading=\"lazy\" decoding=\"async\" width=\"150\" height=\"150\" src=\"https:\/\/www.es-karlsruhe.eu\/wp-content\/uploads\/2018\/01\/zeitung04-150x150.png\" class=\"attachment-thumbnail size-thumbnail\" alt=\"\" srcset=\"https:\/\/www.es-karlsruhe.eu\/wp-content\/uploads\/2018\/01\/zeitung04-150x150.png 150w, https:\/\/www.es-karlsruhe.eu\/wp-content\/uploads\/2018\/01\/zeitung04-125x125.png 125w\" sizes=\"auto, (max-width: 150px) 100vw, 150px\" \/><\/a>\n\t\t\t<\/dt><\/dl><dl class='gallery-item'>\n\t\t\t<dt class='gallery-icon landscape'>\n\t\t\t\t<a href='https:\/\/www.es-karlsruhe.eu\/wp-content\/uploads\/2018\/01\/zeitung03.png'><img loading=\"lazy\" decoding=\"async\" width=\"150\" height=\"150\" src=\"https:\/\/www.es-karlsruhe.eu\/wp-content\/uploads\/2018\/01\/zeitung03-150x150.png\" class=\"attachment-thumbnail size-thumbnail\" alt=\"\" srcset=\"https:\/\/www.es-karlsruhe.eu\/wp-content\/uploads\/2018\/01\/zeitung03-150x150.png 150w, https:\/\/www.es-karlsruhe.eu\/wp-content\/uploads\/2018\/01\/zeitung03-125x125.png 125w\" sizes=\"auto, (max-width: 150px) 100vw, 150px\" \/><\/a>\n\t\t\t<\/dt><\/dl><br style=\"clear: both\" \/><dl class='gallery-item'>\n\t\t\t<dt class='gallery-icon landscape'>\n\t\t\t\t<a href='https:\/\/www.es-karlsruhe.eu\/wp-content\/uploads\/2018\/01\/zeitung02.png'><img loading=\"lazy\" decoding=\"async\" width=\"150\" height=\"150\" src=\"https:\/\/www.es-karlsruhe.eu\/wp-content\/uploads\/2018\/01\/zeitung02-150x150.png\" class=\"attachment-thumbnail size-thumbnail\" alt=\"\" srcset=\"https:\/\/www.es-karlsruhe.eu\/wp-content\/uploads\/2018\/01\/zeitung02-150x150.png 150w, https:\/\/www.es-karlsruhe.eu\/wp-content\/uploads\/2018\/01\/zeitung02-125x125.png 125w\" sizes=\"auto, (max-width: 150px) 100vw, 150px\" \/><\/a>\n\t\t\t<\/dt><\/dl><dl class='gallery-item'>\n\t\t\t<dt class='gallery-icon portrait'>\n\t\t\t\t<a href='https:\/\/www.es-karlsruhe.eu\/wp-content\/uploads\/2018\/01\/zeitung01.png'><img loading=\"lazy\" decoding=\"async\" width=\"150\" height=\"150\" src=\"https:\/\/www.es-karlsruhe.eu\/wp-content\/uploads\/2018\/01\/zeitung01-150x150.png\" class=\"attachment-thumbnail size-thumbnail\" alt=\"\" srcset=\"https:\/\/www.es-karlsruhe.eu\/wp-content\/uploads\/2018\/01\/zeitung01-150x150.png 150w, https:\/\/www.es-karlsruhe.eu\/wp-content\/uploads\/2018\/01\/zeitung01-125x125.png 125w\" sizes=\"auto, (max-width: 150px) 100vw, 150px\" \/><\/a>\n\t\t\t<\/dt><\/dl>\n\t\t\t<br style='clear: both' \/>\n\t\t<\/div>\n\n<ol>\n<li>1. Les \u00e9l\u00e8ves d\u00e9couvrent la diversit\u00e9 de la presse des diff\u00e9rents pays d&rsquo;Europe. Ils analysent les \u00ab Une \u00bb des grands journaux et apprennent le vocabulaire sp\u00e9cifique \u00e0 la presse dans les 3 langues.<\/li>\n<li>Ils apprennent \u00e0 utiliser les logiciels Word et Publisher (mise en page, retouche d\u2019images\u2026)<\/li>\n<li>Ils r\u00e9digent des articles sur l&rsquo;actualit\u00e9 de l&rsquo;\u00e9cole : classes vertes, projets de classes, partenariats&#8230; Leurs articles alimentent le site internet de l&rsquo;\u00e9cole et peuvent \u00e9galement \u00eatre imprim\u00e9s dans l&rsquo;\u00e9dition sp\u00e9ciale du mois de juin.<\/li>\n<\/ol>\n<p>&nbsp;<\/p>\n","protected":false},"excerpt":{"rendered":"<p>Contenu des Heures Europ\u00e9ennes Les \u00e9l\u00e8ves de classe 3 ont particip\u00e9 \u00e0 de multiples activit\u00e9s en lien avec les pays de l&rsquo;union europ\u00e9enne depuis le d\u00e9but de l&rsquo;ann\u00e9e. Ils ont<a class=\"excerpt-read-more\" href=\"https:\/\/www.es-karlsruhe.eu\/fr\/primaire\/apprentissage\/heures-europeennes\/\" title=\"LireHeures Europ\u00e9ennes\">&#8230; Read more &raquo;<\/a><\/p>\n","protected":false},"author":13,"featured_media":0,"parent":1180,"menu_order":0,"comment_status":"closed","ping_status":"closed","template":"","meta":{"footnotes":""},"class_list":["post-1569","page","type-page","status-publish","hentry"],"_links":{"self":[{"href":"https:\/\/www.es-karlsruhe.eu\/fr\/wp-json\/wp\/v2\/pages\/1569","targetHints":{"allow":["GET"]}}],"collection":[{"href":"https:\/\/www.es-karlsruhe.eu\/fr\/wp-json\/wp\/v2\/pages"}],"about":[{"href":"https:\/\/www.es-karlsruhe.eu\/fr\/wp-json\/wp\/v2\/types\/page"}],"author":[{"embeddable":true,"href":"https:\/\/www.es-karlsruhe.eu\/fr\/wp-json\/wp\/v2\/users\/13"}],"replies":[{"embeddable":true,"href":"https:\/\/www.es-karlsruhe.eu\/fr\/wp-json\/wp\/v2\/comments?post=1569"}],"version-history":[{"count":5,"href":"https:\/\/www.es-karlsruhe.eu\/fr\/wp-json\/wp\/v2\/pages\/1569\/revisions"}],"predecessor-version":[{"id":149284,"href":"https:\/\/www.es-karlsruhe.eu\/fr\/wp-json\/wp\/v2\/pages\/1569\/revisions\/149284"}],"up":[{"embeddable":true,"href":"https:\/\/www.es-karlsruhe.eu\/fr\/wp-json\/wp\/v2\/pages\/1180"}],"wp:attachment":[{"href":"https:\/\/www.es-karlsruhe.eu\/fr\/wp-json\/wp\/v2\/media?parent=1569"}],"curies":[{"name":"wp","href":"https:\/\/api.w.org\/{rel}","templated":true}]}}