{"id":175303,"date":"2025-11-20T14:09:33","date_gmt":"2025-11-20T13:09:33","guid":{"rendered":"https:\/\/www.es-karlsruhe.eu\/leek-presente-son-challenge-programme-2019\/2-philarmonic-orchestra\/"},"modified":"2025-11-21T09:09:05","modified_gmt":"2025-11-21T08:09:05","slug":"2-philarmonic-orchestra","status":"publish","type":"page","link":"https:\/\/www.es-karlsruhe.eu\/fr\/leek-presente-son-challenge-programme-2019\/2-philarmonic-orchestra\/","title":{"rendered":"Olympiades nationales de la chimie :"},"content":{"rendered":"<p>Les Olympiades nationales de la chimie incluent un concours scientifique et un concours de communication, ouverts aux \u00e9l\u00e8ves de premi\u00e8re et de terminale.\u00a0L&rsquo;\u00e9dition 2025-2026 a pour th\u00e8me la \u00ab Chimie Verte \u00bb. Elles sont co-organis\u00e9es par le minist\u00e8re de l&rsquo;\u00c9ducation nationale fran\u00e7ais, France Chimie, la Soci\u00e9t\u00e9 chimique de France et l&rsquo;Union des professeurs de physique et de chimie de France. Il s&rsquo;agit d&rsquo;un concours exp\u00e9rimental par \u00e9quipe (deux \u00e0 six lyc\u00e9ens) qui m\u00e8nent un projet scientifique, \u00e9ventuellement en collaboration avec des laboratoires ou entreprises.\u00a0 Participer aux Olympiades nationales de physique repr\u00e9sente une plus-value pour un dossier ParcourSup, et les \u00e9l\u00e8ves peuvent profiter de stages pratiques offerts par les universit\u00e9s apr\u00e8s les pr\u00e9s\u00e9lections.<\/p>\n<p>Project leader\u00a0: Mme Bach<\/p>\n","protected":false},"excerpt":{"rendered":"<p>Les Olympiades nationales de la chimie incluent un concours scientifique et un concours de communication, ouverts aux \u00e9l\u00e8ves de premi\u00e8re et de terminale.\u00a0L&rsquo;\u00e9dition 2025-2026 a pour th\u00e8me la \u00ab Chimie<a class=\"excerpt-read-more\" href=\"https:\/\/www.es-karlsruhe.eu\/fr\/leek-presente-son-challenge-programme-2019\/2-philarmonic-orchestra\/\" title=\"LireOlympiades nationales de la chimie :\">&#8230; Read more &raquo;<\/a><\/p>\n","protected":false},"author":25,"featured_media":0,"parent":59791,"menu_order":0,"comment_status":"closed","ping_status":"closed","template":"","meta":{"footnotes":""},"class_list":["post-175303","page","type-page","status-publish","hentry"],"_links":{"self":[{"href":"https:\/\/www.es-karlsruhe.eu\/fr\/wp-json\/wp\/v2\/pages\/175303","targetHints":{"allow":["GET"]}}],"collection":[{"href":"https:\/\/www.es-karlsruhe.eu\/fr\/wp-json\/wp\/v2\/pages"}],"about":[{"href":"https:\/\/www.es-karlsruhe.eu\/fr\/wp-json\/wp\/v2\/types\/page"}],"author":[{"embeddable":true,"href":"https:\/\/www.es-karlsruhe.eu\/fr\/wp-json\/wp\/v2\/users\/25"}],"replies":[{"embeddable":true,"href":"https:\/\/www.es-karlsruhe.eu\/fr\/wp-json\/wp\/v2\/comments?post=175303"}],"version-history":[{"count":3,"href":"https:\/\/www.es-karlsruhe.eu\/fr\/wp-json\/wp\/v2\/pages\/175303\/revisions"}],"predecessor-version":[{"id":175352,"href":"https:\/\/www.es-karlsruhe.eu\/fr\/wp-json\/wp\/v2\/pages\/175303\/revisions\/175352"}],"up":[{"embeddable":true,"href":"https:\/\/www.es-karlsruhe.eu\/fr\/wp-json\/wp\/v2\/pages\/59791"}],"wp:attachment":[{"href":"https:\/\/www.es-karlsruhe.eu\/fr\/wp-json\/wp\/v2\/media?parent=175303"}],"curies":[{"name":"wp","href":"https:\/\/api.w.org\/{rel}","templated":true}]}}