{"id":175379,"date":"2025-11-21T09:22:45","date_gmt":"2025-11-21T08:22:45","guid":{"rendered":"https:\/\/www.es-karlsruhe.eu\/leek-presente-son-challenge-programme-2019\/concours-cristallographie-du-jardin-des-sciences-de-strasbourg\/"},"modified":"2025-11-21T09:25:02","modified_gmt":"2025-11-21T08:25:02","slug":"concours-cristallographie-du-jardin-des-sciences-de-strasbourg","status":"publish","type":"page","link":"https:\/\/www.es-karlsruhe.eu\/fr\/leek-presente-son-challenge-programme-2019\/concours-cristallographie-du-jardin-des-sciences-de-strasbourg\/","title":{"rendered":"Concours cristallographie du Jardin des sciences de Strasbourg"},"content":{"rendered":"<p><img loading=\"lazy\" decoding=\"async\" class=\"alignnone size-thumbnail wp-image-174841 aligncenter\" src=\"https:\/\/www.es-karlsruhe.eu\/wp-content\/uploads\/2025\/11\/science7-150x150.jpg\" alt=\"\" width=\"150\" height=\"150\" srcset=\"https:\/\/www.es-karlsruhe.eu\/wp-content\/uploads\/2025\/11\/science7-150x150.jpg 150w, https:\/\/www.es-karlsruhe.eu\/wp-content\/uploads\/2025\/11\/science7-125x125.jpg 125w\" sizes=\"auto, (max-width: 150px) 100vw, 150px\" \/><\/p>\n<p>Projet scientifique incluant la chimie, les math\u00e9matiques, l\u2019informatique. Les \u00e9l\u00e8ves mettent en \u0153uvre une exp\u00e9rience pour faire cro\u00eetre en classe le plus gros et le plus beau cristal \u00e0 partir d\u2019un sel choisi et en suivant un protocole exp\u00e9rimental.<\/p>\n<p>Project leader: Mme Bach<\/p>\n","protected":false},"excerpt":{"rendered":"<p>Projet scientifique incluant la chimie, les math\u00e9matiques, l\u2019informatique. Les \u00e9l\u00e8ves mettent en \u0153uvre une exp\u00e9rience pour faire cro\u00eetre en classe le plus gros et le plus beau cristal \u00e0 partir<a class=\"excerpt-read-more\" href=\"https:\/\/www.es-karlsruhe.eu\/fr\/leek-presente-son-challenge-programme-2019\/concours-cristallographie-du-jardin-des-sciences-de-strasbourg\/\" title=\"LireConcours cristallographie du Jardin des sciences de Strasbourg\">&#8230; Read more &raquo;<\/a><\/p>\n","protected":false},"author":25,"featured_media":0,"parent":59791,"menu_order":0,"comment_status":"closed","ping_status":"closed","template":"","meta":{"footnotes":""},"class_list":["post-175379","page","type-page","status-publish","hentry"],"_links":{"self":[{"href":"https:\/\/www.es-karlsruhe.eu\/fr\/wp-json\/wp\/v2\/pages\/175379","targetHints":{"allow":["GET"]}}],"collection":[{"href":"https:\/\/www.es-karlsruhe.eu\/fr\/wp-json\/wp\/v2\/pages"}],"about":[{"href":"https:\/\/www.es-karlsruhe.eu\/fr\/wp-json\/wp\/v2\/types\/page"}],"author":[{"embeddable":true,"href":"https:\/\/www.es-karlsruhe.eu\/fr\/wp-json\/wp\/v2\/users\/25"}],"replies":[{"embeddable":true,"href":"https:\/\/www.es-karlsruhe.eu\/fr\/wp-json\/wp\/v2\/comments?post=175379"}],"version-history":[{"count":2,"href":"https:\/\/www.es-karlsruhe.eu\/fr\/wp-json\/wp\/v2\/pages\/175379\/revisions"}],"predecessor-version":[{"id":175384,"href":"https:\/\/www.es-karlsruhe.eu\/fr\/wp-json\/wp\/v2\/pages\/175379\/revisions\/175384"}],"up":[{"embeddable":true,"href":"https:\/\/www.es-karlsruhe.eu\/fr\/wp-json\/wp\/v2\/pages\/59791"}],"wp:attachment":[{"href":"https:\/\/www.es-karlsruhe.eu\/fr\/wp-json\/wp\/v2\/media?parent=175379"}],"curies":[{"name":"wp","href":"https:\/\/api.w.org\/{rel}","templated":true}]}}