{"id":2230,"date":"2017-10-12T09:49:06","date_gmt":"2017-10-12T07:49:06","guid":{"rendered":"https:\/\/www.es-karlsruhe.eu\/?page_id=2230\/"},"modified":"2021-10-06T09:35:15","modified_gmt":"2021-10-06T07:35:15","slug":"infirmerie","status":"publish","type":"page","link":"https:\/\/www.es-karlsruhe.eu\/fr\/notre-ecole\/services-aux-eleves\/infirmerie\/","title":{"rendered":"Infirmerie"},"content":{"rendered":"<div class=\"title-deco\" id=\"\"><div class=\"blue-bloc\"><\/div><h2 class=\"title\">Assistance m\u00e9dicale<\/h2><\/div>\n<p><strong>Rester en bonne sant\u00e9 tout au long de l&rsquo;ann\u00e9e scolaire<\/strong><\/p>\n<p><span id=\"result_box\" lang=\"fr\">L&rsquo;Ecole Europ\u00e9enne de Karlsruhe dispose d&rsquo;une infirmerie bien \u00e9quip\u00e9e, ouverte toute la journ\u00e9e scolaire.<\/span><\/p>\n<p>Notre infirmi\u00e8re prend bien soin de nos \u00e9l\u00e8ves et parmi ses pricipales fonctions on peut compter:<\/p>\n<p>&#8211; Les soins m\u00e9dicaux de nos \u00e9l\u00e8ves<\/p>\n<p>&#8211; Le bien-\u00eatre des enfants<\/p>\n<p>&#8211; Des conseils pour mener\u00a0une vie saine et prendre sa sant\u00e9 au s\u00e9rieux<\/p>\n<p>Des mesures\u00a0de pr\u00e9vention sont \u00e9galement propos\u00e9es\u00a0aux \u00e9l\u00e8ves .<span id=\"t-served-community-button\" class=\"trans-verified-button goog-toolbar-button\" role=\"button\" aria-hidden=\"true\"><\/span><\/p>\n<p>&nbsp;<\/p>\n<p>Veuillez trouver ci-dessous des instructions du D\u00e9partement de la Sant\u00e9 \u00e0 Karlsruhe concernant les maladies contagieuses qu\u2019il est obligatoire de d\u00e9clarer.<\/p>\n<p>Au cas o\u00f9 votre enfant serait atteint d\u2019une de ces maladies (ou autre), il est obligatoire de nous le signaler afin que nous pr\u00e9venions la classe.<\/p>\n<p>Les autres parents auraient ainsi la possibilit\u00e9 d\u2018\u00eatre plus attentifs aux \u00e9ventuels sympt\u00f4mes.<\/p>\n<p>Cordialement<br \/>\nJoanne Molloy<br \/>\nInfirmi\u00e8re de l\u2018\u00e9cole<\/p>\n<p>Tel.:\u00a0+49 7 21 6 80 09-23<\/p>\n<p>Mobile: +49 160 30 63697<\/p>\n<span class=\"custom-link right\"><a href=\"https:\/\/www.es-karlsruhe.eu\/wp-content\/uploads\/2017\/10\/Gesundheitsamt_FR.pdf\" target=\"_blank\">Obligation de d\u00e9clarer au service d\u00b4hygi\u00e8ne locale<\/a><\/span>\n","protected":false},"excerpt":{"rendered":"<p>Rester en bonne sant\u00e9 tout au long de l&rsquo;ann\u00e9e scolaire L&rsquo;Ecole Europ\u00e9enne de Karlsruhe dispose d&rsquo;une infirmerie bien \u00e9quip\u00e9e, ouverte toute la journ\u00e9e scolaire. Notre infirmi\u00e8re prend bien soin de<a class=\"excerpt-read-more\" href=\"https:\/\/www.es-karlsruhe.eu\/fr\/notre-ecole\/services-aux-eleves\/infirmerie\/\" title=\"LireInfirmerie\">&#8230; Read more &raquo;<\/a><\/p>\n","protected":false},"author":3,"featured_media":0,"parent":1075,"menu_order":0,"comment_status":"closed","ping_status":"closed","template":"","meta":{"footnotes":""},"class_list":["post-2230","page","type-page","status-publish","hentry"],"_links":{"self":[{"href":"https:\/\/www.es-karlsruhe.eu\/fr\/wp-json\/wp\/v2\/pages\/2230","targetHints":{"allow":["GET"]}}],"collection":[{"href":"https:\/\/www.es-karlsruhe.eu\/fr\/wp-json\/wp\/v2\/pages"}],"about":[{"href":"https:\/\/www.es-karlsruhe.eu\/fr\/wp-json\/wp\/v2\/types\/page"}],"author":[{"embeddable":true,"href":"https:\/\/www.es-karlsruhe.eu\/fr\/wp-json\/wp\/v2\/users\/3"}],"replies":[{"embeddable":true,"href":"https:\/\/www.es-karlsruhe.eu\/fr\/wp-json\/wp\/v2\/comments?post=2230"}],"version-history":[{"count":5,"href":"https:\/\/www.es-karlsruhe.eu\/fr\/wp-json\/wp\/v2\/pages\/2230\/revisions"}],"predecessor-version":[{"id":103143,"href":"https:\/\/www.es-karlsruhe.eu\/fr\/wp-json\/wp\/v2\/pages\/2230\/revisions\/103143"}],"up":[{"embeddable":true,"href":"https:\/\/www.es-karlsruhe.eu\/fr\/wp-json\/wp\/v2\/pages\/1075"}],"wp:attachment":[{"href":"https:\/\/www.es-karlsruhe.eu\/fr\/wp-json\/wp\/v2\/media?parent=2230"}],"curies":[{"name":"wp","href":"https:\/\/api.w.org\/{rel}","templated":true}]}}