{"id":2259,"date":"2017-10-12T10:24:42","date_gmt":"2017-10-12T08:24:42","guid":{"rendered":"https:\/\/www.es-karlsruhe.eu\/?page_id=2259\/"},"modified":"2022-11-28T09:58:51","modified_gmt":"2022-11-28T08:58:51","slug":"bibliotheque","status":"publish","type":"page","link":"https:\/\/www.es-karlsruhe.eu\/fr\/notre-ecole\/services-aux-eleves\/bibliotheque\/","title":{"rendered":"Biblioth\u00e8que"},"content":{"rendered":"<div class=\"title-deco\" id=\"\"><div class=\"blue-bloc\"><\/div><h2 class=\"title\">L&rsquo;acc\u00e8s \u00e0 la connaissance<\/h2><\/div>\n<p>Les biblioth\u00e8ques du primaire et du secondaire sont mises \u00e0 la disposition de tous les \u00e9l\u00e8ves, professeurs et collaborateurs de l&rsquo;Ecole Europ\u00e9enne de Karlsruhe.<\/p>\n<p>Elles sont une contribution pr\u00e9cieuse pour atteindre les objectifs p\u00e9dagogiques. Tandis qu\u2019autrefois, la transmission du savoir \u00e9tait uniquement centr\u00e9e sur la communication professorale, elle est aujourd\u2019hui active et interactive \u2013centr\u00e9e sur l\u2019\u00e9l\u00e8ve et ses comp\u00e9tences de lecture. Nos biblioth\u00e8ques\u00a0 scolaires sont une aide aussi bien pour les devoirs que pour pr\u00e9parer les \u00e9l\u00e8ves \u00e0 une formation permanente. Elles les pr\u00e9parent, par des strat\u00e9gies efficaces de recherche, \u00e0 \u00e9valuer et \u00e0 utiliser les informations et les m\u00e9dias.<\/p>\n<p>Nos biblioth\u00e8ques scolaires sont tr\u00e8s bien \u00e9quip\u00e9es et sont orient\u00e9es dans leurs contenus pour r\u00e9pondre \u00e9galement aux int\u00e9r\u00eats culturels des diff\u00e9rentes nationalit\u00e9s.<\/p>\n<p>Ainsi vous pouvez trouver, entre autres, dans nos biblioth\u00e8ques des ouvrages de r\u00e9f\u00e9rence, des livres sp\u00e9cialis\u00e9s, des romans et des magazines aussi bien que des vid\u00e9os, CD et DVDs dans beaucoup de langues diff\u00e9rentes.<\/p>\n<p><a href=\"https:\/\/eskar.oliverasp.co.uk\" target=\"_blank\" rel=\"noopener noreferrer\"><strong>Catalogue en ligne<\/strong><\/a> de <strong>ESK<\/strong><\/p>\n<h3><strong>Interlocuteurs<\/strong><\/h3>\n<p><strong>Biblioth\u00e8que du primaire<br \/>\n<\/strong>Karina Mander<br \/>\nTel.: +49 7 21 6 80 09-22<\/p>\n<p><strong>Biblioth\u00e8que du secondaire<br \/>\n<\/strong>Norbert Skurcz<br \/>\nTel.: +49 7 21 6 80 09-39<\/p>\n","protected":false},"excerpt":{"rendered":"<p>Les biblioth\u00e8ques du primaire et du secondaire sont mises \u00e0 la disposition de tous les \u00e9l\u00e8ves, professeurs et collaborateurs de l&rsquo;Ecole Europ\u00e9enne de Karlsruhe. Elles sont une contribution pr\u00e9cieuse pour<a class=\"excerpt-read-more\" href=\"https:\/\/www.es-karlsruhe.eu\/fr\/notre-ecole\/services-aux-eleves\/bibliotheque\/\" title=\"LireBiblioth\u00e8que\">&#8230; Read more &raquo;<\/a><\/p>\n","protected":false},"author":3,"featured_media":0,"parent":1075,"menu_order":0,"comment_status":"closed","ping_status":"closed","template":"","meta":{"footnotes":""},"class_list":["post-2259","page","type-page","status-publish","hentry"],"_links":{"self":[{"href":"https:\/\/www.es-karlsruhe.eu\/fr\/wp-json\/wp\/v2\/pages\/2259","targetHints":{"allow":["GET"]}}],"collection":[{"href":"https:\/\/www.es-karlsruhe.eu\/fr\/wp-json\/wp\/v2\/pages"}],"about":[{"href":"https:\/\/www.es-karlsruhe.eu\/fr\/wp-json\/wp\/v2\/types\/page"}],"author":[{"embeddable":true,"href":"https:\/\/www.es-karlsruhe.eu\/fr\/wp-json\/wp\/v2\/users\/3"}],"replies":[{"embeddable":true,"href":"https:\/\/www.es-karlsruhe.eu\/fr\/wp-json\/wp\/v2\/comments?post=2259"}],"version-history":[{"count":5,"href":"https:\/\/www.es-karlsruhe.eu\/fr\/wp-json\/wp\/v2\/pages\/2259\/revisions"}],"predecessor-version":[{"id":135218,"href":"https:\/\/www.es-karlsruhe.eu\/fr\/wp-json\/wp\/v2\/pages\/2259\/revisions\/135218"}],"up":[{"embeddable":true,"href":"https:\/\/www.es-karlsruhe.eu\/fr\/wp-json\/wp\/v2\/pages\/1075"}],"wp:attachment":[{"href":"https:\/\/www.es-karlsruhe.eu\/fr\/wp-json\/wp\/v2\/media?parent=2259"}],"curies":[{"name":"wp","href":"https:\/\/api.w.org\/{rel}","templated":true}]}}