{"id":3279,"date":"2017-09-08T09:24:46","date_gmt":"2017-09-08T07:24:46","guid":{"rendered":"https:\/\/www.es-karlsruhe.eu\/?page_id=3279"},"modified":"2017-11-23T09:57:41","modified_gmt":"2017-11-23T08:57:41","slug":"association-des-parents","status":"publish","type":"page","link":"https:\/\/www.es-karlsruhe.eu\/fr\/notre-ecole\/association-des-parents\/","title":{"rendered":"Association des Parents"},"content":{"rendered":"<p>L&rsquo;Association des parents (APE) de l&rsquo;Ecole Europ\u00e9enne de Karlsruhe (ESK) est une organisation \u00e0 but non lucratif qui repr\u00e9sente les parents et leurs enfants dans les locaux de l&rsquo;\u00e9cole. De plus, l&rsquo;APE soutient l&rsquo;\u00e9cole dans divers projets et, si n\u00e9cessaire, assure la m\u00e9diation entre les parents, les \u00e9l\u00e8ves et l&rsquo;\u00e9cole. L&rsquo;APE est responsable de l&rsquo;organisation de la cantine et du transport des \u00e9l\u00e8ves. De plus, l\u00b4APE organise les \u00ab\u00a0activit\u00e9s p\u00e9riscolaires\u00a0\u00bb et les vacances. Chaque famille avec des enfants inscrits \u00e0  l\u00b4EEK peut devenir membre de l&rsquo;APE.<\/p>\n<p>Pour plus d&rsquo;information, visitez le <a href=\"https:\/\/www.esk-eltern.de\/\" target=\"_blank\">site de l&rsquo;Association des parents<\/a>.<\/p>\n","protected":false},"excerpt":{"rendered":"<p>L&rsquo;Association des parents (APE) de l&rsquo;Ecole Europ\u00e9enne de Karlsruhe (ESK) est une organisation \u00e0 but non lucratif qui repr\u00e9sente les parents et leurs enfants dans les locaux de l&rsquo;\u00e9cole. De<a class=\"excerpt-read-more\" href=\"https:\/\/www.es-karlsruhe.eu\/fr\/notre-ecole\/association-des-parents\/\" title=\"LireAssociation des Parents\">&#8230; Read more &raquo;<\/a><\/p>\n","protected":false},"author":3,"featured_media":0,"parent":1057,"menu_order":0,"comment_status":"closed","ping_status":"closed","template":"","meta":{"footnotes":""},"class_list":["post-3279","page","type-page","status-publish","hentry"],"_links":{"self":[{"href":"https:\/\/www.es-karlsruhe.eu\/fr\/wp-json\/wp\/v2\/pages\/3279","targetHints":{"allow":["GET"]}}],"collection":[{"href":"https:\/\/www.es-karlsruhe.eu\/fr\/wp-json\/wp\/v2\/pages"}],"about":[{"href":"https:\/\/www.es-karlsruhe.eu\/fr\/wp-json\/wp\/v2\/types\/page"}],"author":[{"embeddable":true,"href":"https:\/\/www.es-karlsruhe.eu\/fr\/wp-json\/wp\/v2\/users\/3"}],"replies":[{"embeddable":true,"href":"https:\/\/www.es-karlsruhe.eu\/fr\/wp-json\/wp\/v2\/comments?post=3279"}],"version-history":[{"count":1,"href":"https:\/\/www.es-karlsruhe.eu\/fr\/wp-json\/wp\/v2\/pages\/3279\/revisions"}],"predecessor-version":[{"id":3281,"href":"https:\/\/www.es-karlsruhe.eu\/fr\/wp-json\/wp\/v2\/pages\/3279\/revisions\/3281"}],"up":[{"embeddable":true,"href":"https:\/\/www.es-karlsruhe.eu\/fr\/wp-json\/wp\/v2\/pages\/1057"}],"wp:attachment":[{"href":"https:\/\/www.es-karlsruhe.eu\/fr\/wp-json\/wp\/v2\/media?parent=3279"}],"curies":[{"name":"wp","href":"https:\/\/api.w.org\/{rel}","templated":true}]}}