{"id":3294,"date":"2017-11-22T12:10:07","date_gmt":"2017-11-22T11:10:07","guid":{"rendered":"https:\/\/www.es-karlsruhe.eu\/?page_id=3294"},"modified":"2024-04-25T14:18:51","modified_gmt":"2024-04-25T12:18:51","slug":"bourses-scolaires","status":"publish","type":"page","link":"https:\/\/www.es-karlsruhe.eu\/fr\/notre-ecole\/services-aux-eleves\/bourses-scolaires\/","title":{"rendered":"Bourses Scolaires"},"content":{"rendered":"<ul>\n<li><div class=\"title-deco\" id=\"\"><div class=\"blue-bloc\"><\/div><h2 class=\"title\">Aide \u00e0 la scolarit\u00e9<\/h2><\/div><\/li>\n<\/ul>\n<p><strong>L&rsquo;Agence pour l&rsquo;enseignement fran\u00e7ais \u00e0 l&rsquo;\u00e9tranger (A.E.F.E) peut apporter aux enfants fran\u00e7ais r\u00e9sidant \u00e0 l&rsquo;\u00e9tranger une aide \u00e0 la scolarisation, sous forme de bourses, dans la limite des moyens budg\u00e9taires disponibles.<\/strong><\/p>\n<p>Veuillez consulter et t\u00e9l\u00e9charger les documents concernant les bourses scolaires ci-dessous:<\/p>\n<p><a href=\"https:\/\/de.ambafrance.org\/Bourses-scolaires-campagne-2024-2025\">https:\/\/de.ambafrance.org\/Bourses-scolaires-campagne-2024-2025<\/a><\/p>\n<p>Date de limite de r\u00e9ception des demandes de bourse : <strong>27\/02\/2024\u00a0<\/strong><\/p>\n","protected":false},"excerpt":{"rendered":"<p>L&rsquo;Agence pour l&rsquo;enseignement fran\u00e7ais \u00e0 l&rsquo;\u00e9tranger (A.E.F.E) peut apporter aux enfants fran\u00e7ais r\u00e9sidant \u00e0 l&rsquo;\u00e9tranger une aide \u00e0 la scolarisation, sous forme de bourses, dans la limite des moyens budg\u00e9taires<a class=\"excerpt-read-more\" href=\"https:\/\/www.es-karlsruhe.eu\/fr\/notre-ecole\/services-aux-eleves\/bourses-scolaires\/\" title=\"LireBourses Scolaires\">&#8230; Read more &raquo;<\/a><\/p>\n","protected":false},"author":3,"featured_media":0,"parent":1075,"menu_order":0,"comment_status":"closed","ping_status":"closed","template":"","meta":{"footnotes":""},"class_list":["post-3294","page","type-page","status-publish","hentry"],"_links":{"self":[{"href":"https:\/\/www.es-karlsruhe.eu\/fr\/wp-json\/wp\/v2\/pages\/3294","targetHints":{"allow":["GET"]}}],"collection":[{"href":"https:\/\/www.es-karlsruhe.eu\/fr\/wp-json\/wp\/v2\/pages"}],"about":[{"href":"https:\/\/www.es-karlsruhe.eu\/fr\/wp-json\/wp\/v2\/types\/page"}],"author":[{"embeddable":true,"href":"https:\/\/www.es-karlsruhe.eu\/fr\/wp-json\/wp\/v2\/users\/3"}],"replies":[{"embeddable":true,"href":"https:\/\/www.es-karlsruhe.eu\/fr\/wp-json\/wp\/v2\/comments?post=3294"}],"version-history":[{"count":10,"href":"https:\/\/www.es-karlsruhe.eu\/fr\/wp-json\/wp\/v2\/pages\/3294\/revisions"}],"predecessor-version":[{"id":155266,"href":"https:\/\/www.es-karlsruhe.eu\/fr\/wp-json\/wp\/v2\/pages\/3294\/revisions\/155266"}],"up":[{"embeddable":true,"href":"https:\/\/www.es-karlsruhe.eu\/fr\/wp-json\/wp\/v2\/pages\/1075"}],"wp:attachment":[{"href":"https:\/\/www.es-karlsruhe.eu\/fr\/wp-json\/wp\/v2\/media?parent=3294"}],"curies":[{"name":"wp","href":"https:\/\/api.w.org\/{rel}","templated":true}]}}