{"id":36203,"date":"2019-02-19T13:16:10","date_gmt":"2019-02-19T12:16:10","guid":{"rendered":"https:\/\/www.es-karlsruhe.eu\/data-protection\/"},"modified":"2026-03-11T11:06:30","modified_gmt":"2026-03-11T10:06:30","slug":"data-protection","status":"publish","type":"page","link":"https:\/\/www.es-karlsruhe.eu\/fr\/data-protection\/","title":{"rendered":"protection donn\u00e9es"},"content":{"rendered":"<div>\n<p>Sur cette page, vous trouverez toutes les d\u00e9clarations de confidentialit\u00e9 et les documents de protection des donn\u00e9es pertinents \u00e0 l&rsquo;European School Karlsruhe.<\/p>\n<p>&nbsp;<\/p>\n<p>Vous trouverez ci-dessous notre d\u00e9claration de confidentialit\u00e9 g\u00e9n\u00e9rale:<\/p>\n<h3>\u00a0\u00a0\u00a0<em><strong><a href=\"https:\/\/www.es-karlsruhe.eu\/wp-content\/uploads\/2019\/02\/2018-06-D-21-fr-4-European-School-Privacy-Statement.pdf\" target=\"_blank\" rel=\"noopener noreferrer\">D\u00e9clarationde Confidentialit\u00e9 de l&rsquo;Ecole europ\u00e9enne (pour les parents et les \u00e9l\u00e8ves)<\/a><\/strong><\/em><\/h3>\n<p>&nbsp;<\/p>\n<p><strong>\u00ab\u00a0Privacy Statement\u00a0\u00bb<\/strong> pour les candidats:<br \/>\n<span id=\"result_box\" lang=\"fr\">Conform\u00e9ment \u00e0 l&rsquo;article 13, paragraphe 1, et \u00e0 l&rsquo;article 2, DSGVO, nous sommes tenus d&rsquo;informer les demandeurs \u00e0 la r\u00e9ception des documents relatifs au type de collecte de donn\u00e9es. Le fichier suivant vous informe sur les points essentiels. Veuillez t\u00e9l\u00e9charger le document et le lire attentivement.<\/span><\/p>\n<p>Si vous avez d&rsquo;autres questions sur la protection des donn\u00e9es et le traitement de vos donn\u00e9es personnelles \u00e0 l&rsquo;Ecole europ\u00e9enne de Karlsruhe, une personne de contact est \u00e0 votre disposition. L&rsquo;adresse e-mail de cette personne de contact peut \u00e9galement \u00eatre trouv\u00e9e dans le document ci-dessous!<\/p>\n<\/div>\n<h3><em><strong><a href=\"https:\/\/www.es-karlsruhe.eu\/wp-content\/uploads\/2019\/02\/2018-10-D-45-fr-1-Locally-Recruited.pdf\" target=\"_blank\" rel=\"noopener noreferrer\">D\u00e9claration de confidentialit\u00e9 <\/a><\/strong><\/em><a href=\"https:\/\/www.es-karlsruhe.eu\/wp-content\/uploads\/2018\/12\/2018-03-D-23-fr-3.pdf\" target=\"_blank\" rel=\"noopener noreferrer\"><em><strong>pour les candidats \u00e0 l\u2019\u00e9cole Europ\u00e9enne de Karlsruhe<\/strong><\/em><\/a><\/h3>\n<div>\n<h3>\u00a0\u00a0\u00a0\u00a0\u00a0\u00a0\u00a0\u00a0\u00a0\u00a0\u00a0\u00a0\u00a0\u00a0\u00a0\u00a0\u00a0\u00a0\u00a0\u00a0\u00a0\u00a0\u00a0\u00a0<em><strong><a href=\"https:\/\/www.es-karlsruhe.eu\/wp-content\/uploads\/2019\/02\/2018-10-D-45-fr-1-Locally-Recruited.pdf\" target=\"_blank\" rel=\"noopener noreferrer\">D\u00e9claration de confidentialit\u00e9 pour le personnel recrut\u00e9 localement <\/a><\/strong><\/em><\/h3>\n<h3>\u00a0\u00a0\u00a0\u00a0\u00a0\u00a0\u00a0\u00a0\u00a0\u00a0\u00a0\u00a0\u00a0\u00a0\u00a0\u00a0\u00a0\u00a0\u00a0\u00a0\u00a0\u00a0\u00a0\u00a0<em><strong><a href=\"https:\/\/www.es-karlsruhe.eu\/wp-content\/uploads\/2019\/02\/2018-10-D-57-fr-1-Seconded-Staff.pdf\">D\u00e9claration de confidentialit\u00e9 pour le personnel d\u00e9tach\u00e9<\/a><\/strong><\/em><\/h3>\n<\/div>\n<h3><em><strong><a href=\"https:\/\/www.es-karlsruhe.eu\/wp-content\/uploads\/2021\/03\/ICT-Charte-ESK-2020-08-M-1-fr-1.pdf\">ICT Charte d\u2019utilisation des ressources et dispositifs informatiques des \u00e9l\u00e8ves de l\u2019Ecole europ\u00e9enne Karlsruhe<\/a><\/strong><\/em><\/h3>\n<div class=\"result-shield-container tlid-copy-target\">\n<p>&nbsp;<\/p>\n<\/div>\n","protected":false},"excerpt":{"rendered":"<p>Sur cette page, vous trouverez toutes les d\u00e9clarations de confidentialit\u00e9 et les documents de protection des donn\u00e9es pertinents \u00e0 l&rsquo;European School Karlsruhe. &nbsp; Vous trouverez ci-dessous notre d\u00e9claration de confidentialit\u00e9<a class=\"excerpt-read-more\" href=\"https:\/\/www.es-karlsruhe.eu\/fr\/data-protection\/\" title=\"Lireprotection donn\u00e9es\">&#8230; Read more &raquo;<\/a><\/p>\n","protected":false},"author":5,"featured_media":0,"parent":0,"menu_order":0,"comment_status":"closed","ping_status":"closed","template":"","meta":{"footnotes":""},"class_list":["post-36203","page","type-page","status-publish","hentry"],"_links":{"self":[{"href":"https:\/\/www.es-karlsruhe.eu\/fr\/wp-json\/wp\/v2\/pages\/36203","targetHints":{"allow":["GET"]}}],"collection":[{"href":"https:\/\/www.es-karlsruhe.eu\/fr\/wp-json\/wp\/v2\/pages"}],"about":[{"href":"https:\/\/www.es-karlsruhe.eu\/fr\/wp-json\/wp\/v2\/types\/page"}],"author":[{"embeddable":true,"href":"https:\/\/www.es-karlsruhe.eu\/fr\/wp-json\/wp\/v2\/users\/5"}],"replies":[{"embeddable":true,"href":"https:\/\/www.es-karlsruhe.eu\/fr\/wp-json\/wp\/v2\/comments?post=36203"}],"version-history":[{"count":7,"href":"https:\/\/www.es-karlsruhe.eu\/fr\/wp-json\/wp\/v2\/pages\/36203\/revisions"}],"predecessor-version":[{"id":178050,"href":"https:\/\/www.es-karlsruhe.eu\/fr\/wp-json\/wp\/v2\/pages\/36203\/revisions\/178050"}],"wp:attachment":[{"href":"https:\/\/www.es-karlsruhe.eu\/fr\/wp-json\/wp\/v2\/media?parent=36203"}],"curies":[{"name":"wp","href":"https:\/\/api.w.org\/{rel}","templated":true}]}}