{"id":3801,"date":"2017-12-05T15:48:51","date_gmt":"2017-12-05T14:48:51","guid":{"rendered":"https:\/\/www.es-karlsruhe.eu\/?page_id=3801"},"modified":"2021-09-07T10:22:18","modified_gmt":"2021-09-07T08:22:18","slug":"informations-post-bac-et-liens-utiles","status":"publish","type":"page","link":"https:\/\/www.es-karlsruhe.eu\/fr\/secondaire\/informations-utiles\/informations-post-bac-et-liens-utiles\/","title":{"rendered":"Informations post BAC et liens utiles"},"content":{"rendered":"<p>Vous pouvez trouver ici de nombreux renseignements concernant les possibilit\u00e9s d&rsquo;\u00e9tude dans divers pays.<\/p>\n<div class=\"title-deco\" id=\"\"><div class=\"blue-bloc\"><\/div><h2 class=\"title\">Deutschland <\/h2><\/div>\n<p>Linkliste allgemeine Informationen zur Studien- und Berufswahl, zu Universit\u00e4ten und Hochschulen in Deutschland, insbesondere Baden-W\u00fcrttemberg. Diese Liste dient der ersten Orientierung, sie hat keinen Anspruch auf Vollst\u00e4ndigkeit.<\/p>\n<p>Auf der Seite Hochschulkompass.de befinden sich zahlreiche n\u00fctzliche Informationen:<\/p>\n<ul>\n<li>Suchmaschine f\u00fcr Studieng\u00e4nge und Hochschulen<\/li>\n<li>Studium-Interessenstest (SIT)<\/li>\n<li>Studienvorbereitung und Studienvoraussetzungen<\/li>\n<\/ul>\n<p><a href=\"http:\/\/www.hochschulkompass.de\/home.html\" target=\"_blank\" rel=\"noopener\">http:\/\/www.hochschulkompass.de\/home.html<\/a><\/p>\n<p><b>Informationen zum Studium<\/b> in Baden-W\u00fcrttemberg mit Orientierungstest, Studiengangsuche und Entscheidungstrainer, Informationen zu Universit\u00e4ten, Hochschulen und Dualen Hochschulen (Kombination aus Ausbildung und Studium) etc&#8230;<\/p>\n<p><a href=\"https:\/\/www.studieninfo-bw.de\/\" target=\"_blank\" rel=\"noopener\">https:\/\/www.studieninfo-bw.de<\/a><\/p>\n<p><b>Liste aller M\u00f6glichkeiten<\/b> zur Studienwahl in BW:<\/p>\n<p><a href=\"https:\/\/www.studieninfo-bw.de\/studieren\/hochschulen_in_b_w\/\" target=\"_blank\" rel=\"noopener\">https:\/\/www.studieninfo-bw.de\/studieren\/hochschulen_in_b_w<\/a><\/p>\n<p><b>Orientierungstest f\u00fcr Hochschulen<\/b> und Universit\u00e4ten in Baden-W\u00fcrttemberg:<\/p>\n<p><a href=\"http:\/\/www.was-studiere-ich.de\/\" target=\"_blank\" rel=\"noopener\">http:\/\/www.was-studiere-ich.de<\/a><\/p>\n<p><b>Orientierungstest f\u00fcr Lehramtsstudieng\u00e4nge<\/b> an Hochschulen und Universit\u00e4ten in Baden-W\u00fcrttemberg:<\/p>\n<p><a href=\"http:\/\/www.bw-cct.de\/\" target=\"_blank\" rel=\"noopener\">http:\/\/www.bw-cct.de<\/a><\/p>\n<p>Am Bu\u00df- und Bettag jedes Jahres findet im November der <b>Studieninformationstag<\/b> statt, d.h. 2016 am 16. November. Sch\u00fclerinnen und Sch\u00fcler der ESK aus den Klassen 6 und 7 k\u00f6nnen an diesem Tag f\u00fcr die Teilnahme am Studieninfotag vom Unterricht befreit werden.<br \/>\n<a href=\"http:\/\/www.studieninfotag.de\/\" target=\"_blank\" rel=\"noopener\">http:\/\/www.studieninfotag.de<\/a><\/p>\n<div class=\"title-deco\" id=\"\"><div class=\"blue-bloc\"><\/div><h2 class=\"title\">UK<\/h2><\/div>\n<p>Information for admissions officers of universities and other higher education institutions in UK about European Baccalaureate<br \/>\nFurther information you can find here:<\/p>\n<p><a href=\"https:\/\/www.es-karlsruhe.eu\/wp-content\/uploads\/2017\/12\/Information_on_the_European_Baccalaureate-1.pdf\" target=\"_blank\" rel=\"noopener\">Information on the European Baccalaureate<\/a><\/p>\n<div class=\"title-deco\" id=\"\"><div class=\"blue-bloc\"><\/div><h2 class=\"title\">Frankreich<\/h2><\/div>\n<p>Linkliste und allgemeine Informationen zur Studien- und Berufswahl, zu Universit\u00e4ten und Hochschulen in Frankreich.<\/p>\n<p><strong>Pour la rentr\u00e9e 2018, en France, les proc\u00e9dures d\u2019admission post-bac ont \u00e9t\u00e9 modifi\u00e9es. La nouvelle plateforme d\u2019admission dans l\u2019enseignement sup\u00e9rieur s\u2019appelle PARCOURSUP. <\/strong><\/p>\n<p><strong>Les v\u0153ux peuvent \u00eatre formul\u00e9s sur la plateforme entre le 22 janvier et le 13 mars 2018<\/strong>\u00a0: <a href=\"https:\/\/www.parcoursup.fr\/\">https:\/\/www.parcoursup.fr\/<\/a><\/p>\n<p><strong>Pour mieux conna\u00eetre la nouvelle proc\u00e9dure, les liens suivants peuvent \u00eatre consult\u00e9s\u00a0: <\/strong><\/p>\n<p><a href=\"http:\/\/eduscol.education.fr\/cid73382\/l-orientation-du-lycee-a-l-enseignement-superieur.html\">http:\/\/eduscol.education.fr\/cid73382\/l-orientation-du-lycee-a-l-enseignement-superieur.html<\/a><\/p>\n<p><a href=\"http:\/\/www.terminales2017-2018.fr\/\">http:\/\/www.terminales2017-2018.fr\/<\/a><\/p>\n<p><a href=\"http:\/\/www.monorientationenligne.fr\/\">http:\/\/www.monorientationenligne.fr<\/a><\/p>\n<p><a href=\"http:\/\/www.onisep.fr\/Choisir-mes-etudes\/Apres-le-bac\">http:\/\/www.onisep.fr\/Choisir-mes-etudes\/Apres-le-bac<\/a><\/p>\n<p><strong>FAQ\u00a0:<\/strong> <a href=\"http:\/\/cache.media.eduscol.education.fr\/file\/plan_Etudiants\/16\/9\/FAQ-Planetudiants-VD-22122017_873169.pdf\">http:\/\/cache.media.eduscol.education.fr\/file\/plan_Etudiants\/16\/9\/FAQ-Planetudiants-VD-22122017_873169.pdf<\/a><\/p>\n<p><a href=\"http:\/\/www.aefe.fr\/orientation\/panorama-general\">http:\/\/www.aefe.fr\/orientation\/panorama-general<\/a><\/p>\n<p><strong>Pr\u00e9sentation du Baccalaur\u00e9at Europ\u00e9en<\/strong>\u00a0:<\/p>\n<p><a href=\"https:\/\/www.es-karlsruhe.eu\/wp-content\/uploads\/2017\/12\/Brochure_Baccalaureat_Europeen_2015.pdf\">Brochure \u00e0 l\u2019attention des services charg\u00e9s de l\u2019admission dans les universit\u00e9s, les grandes \u00e9coles et autres \u00e9tablissements d\u2019enseignement sup\u00e9rieur<\/a><\/p>\n<p><strong>Pour toutes questions relatives aux \u00e9tudes en France et aux proc\u00e9dures d\u2019admission, M. MAFFRE, conseiller d\u00b4orientation<\/strong> (<a href=\"&#109;&#x61;&#x69;l&#116;&#x6f;:&#98;&#x65;n&#111;&#x69;t&#46;&#x6d;&#x61;&#102;&#x66;&#x72;e&#64;&#x74;e&#97;&#x63;h&#101;&#x72;&#x2e;&#101;&#x75;&#x72;s&#99;&#x2e;e&#117;\">&#x62;&#101;&#x6e;&#x6f;&#105;&#x74;&#46;m&#x61;&#102;f&#x72;&#101;&#64;&#x74;&#101;a&#x63;&#104;&#x65;&#x72;&#46;&#x65;&#x75;&#114;&#x73;&#99;&#46;&#x65;&#117;<\/a>) <strong>se tient \u00e0 votre disposition<\/strong>.<\/p>\n<p>Les EE ont sign\u00e9 une convention avec ISIT,\u00a0permettant aux \u00e9l\u00e8ves ayant eu leur BAC\u00a0d\u2019\u00eatre admis\u00a0en 1e ann\u00e9e\u00a0de l&rsquo;ISIT sous certaines conditions (avoir le fran\u00e7ais et l\u00b4anglais comme langues courantes, de soumettre un dossier de demande). Pour plus d&rsquo;informations sur la page ISIT: <a href=\"https:\/\/www.es-karlsruhe.eu\/wp-content\/uploads\/2017\/12\/ISIT_brochure.pdf\" target=\"_blank\" rel=\"noopener\">ISIT Brochure<\/a><\/p>\n<div class=\"title-deco\" id=\"\"><div class=\"blue-bloc\"><\/div><h2 class=\"title\">Nederland<\/h2><\/div>\n<p><a href=\"https:\/\/www.es-karlsruhe.eu\/wp-content\/uploads\/2017\/12\/education-system-european-baccalaureate.pdf\" target=\"_blank\" rel=\"noopener\">education-system-european-baccalaureate.pdf<\/a><\/p>\n<div class=\"title-deco\" id=\"\"><div class=\"blue-bloc\"><\/div><h2 class=\"title\">Schweden<\/h2><\/div>\n<p><a href=\"https:\/\/www.universityadmissions.se\/intl\/start\">www.universityadmissions.se\/intl\/start<\/a><\/p>\n","protected":false},"excerpt":{"rendered":"<p>Vous pouvez trouver ici de nombreux renseignements concernant les possibilit\u00e9s d&rsquo;\u00e9tude dans divers pays. Linkliste allgemeine Informationen zur Studien- und Berufswahl, zu Universit\u00e4ten und Hochschulen in Deutschland, insbesondere Baden-W\u00fcrttemberg. Diese<a class=\"excerpt-read-more\" href=\"https:\/\/www.es-karlsruhe.eu\/fr\/secondaire\/informations-utiles\/informations-post-bac-et-liens-utiles\/\" title=\"LireInformations post BAC et liens utiles\">&#8230; Read more &raquo;<\/a><\/p>\n","protected":false},"author":3,"featured_media":4223,"parent":1210,"menu_order":0,"comment_status":"closed","ping_status":"closed","template":"","meta":{"footnotes":""},"class_list":["post-3801","page","type-page","status-publish","has-post-thumbnail","hentry"],"_links":{"self":[{"href":"https:\/\/www.es-karlsruhe.eu\/fr\/wp-json\/wp\/v2\/pages\/3801","targetHints":{"allow":["GET"]}}],"collection":[{"href":"https:\/\/www.es-karlsruhe.eu\/fr\/wp-json\/wp\/v2\/pages"}],"about":[{"href":"https:\/\/www.es-karlsruhe.eu\/fr\/wp-json\/wp\/v2\/types\/page"}],"author":[{"embeddable":true,"href":"https:\/\/www.es-karlsruhe.eu\/fr\/wp-json\/wp\/v2\/users\/3"}],"replies":[{"embeddable":true,"href":"https:\/\/www.es-karlsruhe.eu\/fr\/wp-json\/wp\/v2\/comments?post=3801"}],"version-history":[{"count":5,"href":"https:\/\/www.es-karlsruhe.eu\/fr\/wp-json\/wp\/v2\/pages\/3801\/revisions"}],"predecessor-version":[{"id":101272,"href":"https:\/\/www.es-karlsruhe.eu\/fr\/wp-json\/wp\/v2\/pages\/3801\/revisions\/101272"}],"up":[{"embeddable":true,"href":"https:\/\/www.es-karlsruhe.eu\/fr\/wp-json\/wp\/v2\/pages\/1210"}],"wp:featuredmedia":[{"embeddable":true,"href":"https:\/\/www.es-karlsruhe.eu\/fr\/wp-json\/wp\/v2\/media\/4223"}],"wp:attachment":[{"href":"https:\/\/www.es-karlsruhe.eu\/fr\/wp-json\/wp\/v2\/media?parent=3801"}],"curies":[{"name":"wp","href":"https:\/\/api.w.org\/{rel}","templated":true}]}}