{"id":4128,"date":"2018-01-08T14:07:57","date_gmt":"2018-01-08T13:07:57","guid":{"rendered":"https:\/\/www.es-karlsruhe.eu\/?page_id=4128"},"modified":"2025-10-29T13:16:00","modified_gmt":"2025-10-29T12:16:00","slug":"soutien-educatif","status":"publish","type":"page","link":"https:\/\/www.es-karlsruhe.eu\/fr\/secondaire\/apprentissage\/soutien-educatif\/","title":{"rendered":"Soutien \u00e9ducatif"},"content":{"rendered":"<p>L&rsquo;\u00e9cole propose diff\u00e9rentes formes et diff\u00e9rents niveaux de soutien, con\u00e7us pour garantir une aide appropri\u00e9e et l&rsquo;\u00e9galit\u00e9 des chances \u00e0 tous les \u00e9l\u00e8ves, y compris ceux qui ont des besoins \u00e9ducatifs particuliers, ceux qui rencontrent des difficult\u00e9s \u00e0 un moment donn\u00e9 de leur scolarit\u00e9 ou ceux qui sont particuli\u00e8rement dou\u00e9s, afin de leur permettre de se d\u00e9velopper et de progresser en fonction de leur potentiel.<\/p>\n<p>Les documents suivants montrent comment les \u00c9coles europ\u00e9ennes tiennent compte de la situation particuli\u00e8re de ces enfants:<\/p>\n<p>Politique en mati\u00e8re de soutien \u00e9ducatif et d&rsquo;\u00e9ducation inclusive dans les Ecoles europ\u00e9ennes &#8211;<br \/>\n<a href=\"https:\/\/www.eursc.eu\/Documents\/2012-05-D-14-fr-10.pdf\">2012-05-D-14-fr-10<\/a><\/p>\n<p>Offre de soutien \u00e9ducatif et d\u2019\u00e9ducation inclusive dans les Ecoles europ\u00e9ennes \u2013 Document proc\u00e9dural &#8211; <a href=\"https:\/\/www.eursc.eu\/Documents\/2012-05-D-15-en-14.pdf\">2012-05-D-15-en-14<\/a><\/p>\n<p><a href=\"https:\/\/www.es-karlsruhe.eu\/wp-content\/uploads\/2025\/10\/25.10.2025-ESK-Internal-Support-Policy-EN-1.pdf\">ESK Internal Policy on the Provision of Educational Support in the European School Karlsruhe<\/a><\/p>\n<div class=\"title-deco\" id=\"\"><div class=\"blue-bloc\"><\/div><h2 class=\"title\"><strong>DEMANDE DE MESURES SP\u00c9CIALES<\/strong><\/h2><\/div>\n<p>Les demandes de mesures sp\u00e9ciales pour le cycle du baccalaur\u00e9at (S6, S7 et examen du baccalaur\u00e9at) doivent \u00eatre adress\u00e9es par \u00e9crit au coordinateur de soutien par les repr\u00e9sentants l\u00e9gaux de l&rsquo;\u00e9l\u00e8ve avant le 15 octobre de l&rsquo;ann\u00e9e pr\u00e9c\u00e9dant l&rsquo;entr\u00e9e dans le cycle du baccalaur\u00e9at, c&rsquo;est-\u00e0-dire S5.<\/p>\n<p>La demande doit indiquer pr\u00e9cis\u00e9ment sur quel diagnostic sp\u00e9cialis\u00e9 elle se fonde. Elle doit \u00e9galement pr\u00e9ciser les am\u00e9nagements sp\u00e9ciaux demand\u00e9s. Un rapport m\u00e9dical\/psychologique et\/ou multidisciplinaire r\u00e9cent (datant de moins de deux ans) expliquant la n\u00e9cessit\u00e9 d&rsquo;am\u00e9nagements sp\u00e9ciaux est requis.<\/p>\n<p>Veuillez noter que, normalement, les am\u00e9nagements sp\u00e9ciaux en S6 et S7 ne seront autoris\u00e9s que si des am\u00e9nagements similaires ont \u00e9t\u00e9 utilis\u00e9s au cours d&rsquo;une ou plusieurs ann\u00e9es pr\u00e9c\u00e9dentes. Cela ne s&rsquo;applique pas n\u00e9cessairement aux \u00e9l\u00e8ves nouvellement inscrits en S6.<\/p>\n<p>Pour plus d&rsquo;informations, veuillez vous r\u00e9f\u00e9rer aux documents suivants : <a href=\"https:\/\/www.eursc.eu\/Documents\/2012-05-D-15-en-14.pdf\">2012-05-D-15-en-14<\/a> et<br \/>\n<a href=\"https:\/\/www.eursc.eu\/Documents\/2012-05-D-14-fr-10.pdf\">2012-05-D-14-fr-10.<\/a><\/p>\n","protected":false},"excerpt":{"rendered":"<p>L&rsquo;\u00e9cole propose diff\u00e9rentes formes et diff\u00e9rents niveaux de soutien, con\u00e7us pour garantir une aide appropri\u00e9e et l&rsquo;\u00e9galit\u00e9 des chances \u00e0 tous les \u00e9l\u00e8ves, y compris ceux qui ont des besoins<a class=\"excerpt-read-more\" href=\"https:\/\/www.es-karlsruhe.eu\/fr\/secondaire\/apprentissage\/soutien-educatif\/\" title=\"LireSoutien \u00e9ducatif\">&#8230; Read more &raquo;<\/a><\/p>\n","protected":false},"author":4,"featured_media":15212,"parent":1200,"menu_order":0,"comment_status":"closed","ping_status":"closed","template":"","meta":{"footnotes":""},"class_list":["post-4128","page","type-page","status-publish","has-post-thumbnail","hentry"],"_links":{"self":[{"href":"https:\/\/www.es-karlsruhe.eu\/fr\/wp-json\/wp\/v2\/pages\/4128","targetHints":{"allow":["GET"]}}],"collection":[{"href":"https:\/\/www.es-karlsruhe.eu\/fr\/wp-json\/wp\/v2\/pages"}],"about":[{"href":"https:\/\/www.es-karlsruhe.eu\/fr\/wp-json\/wp\/v2\/types\/page"}],"author":[{"embeddable":true,"href":"https:\/\/www.es-karlsruhe.eu\/fr\/wp-json\/wp\/v2\/users\/4"}],"replies":[{"embeddable":true,"href":"https:\/\/www.es-karlsruhe.eu\/fr\/wp-json\/wp\/v2\/comments?post=4128"}],"version-history":[{"count":10,"href":"https:\/\/www.es-karlsruhe.eu\/fr\/wp-json\/wp\/v2\/pages\/4128\/revisions"}],"predecessor-version":[{"id":174543,"href":"https:\/\/www.es-karlsruhe.eu\/fr\/wp-json\/wp\/v2\/pages\/4128\/revisions\/174543"}],"up":[{"embeddable":true,"href":"https:\/\/www.es-karlsruhe.eu\/fr\/wp-json\/wp\/v2\/pages\/1200"}],"wp:featuredmedia":[{"embeddable":true,"href":"https:\/\/www.es-karlsruhe.eu\/fr\/wp-json\/wp\/v2\/media\/15212"}],"wp:attachment":[{"href":"https:\/\/www.es-karlsruhe.eu\/fr\/wp-json\/wp\/v2\/media?parent=4128"}],"curies":[{"name":"wp","href":"https:\/\/api.w.org\/{rel}","templated":true}]}}