{"id":4570,"date":"2018-01-15T15:28:43","date_gmt":"2018-01-15T14:28:43","guid":{"rendered":"https:\/\/www.es-karlsruhe.eu\/?page_id=4570"},"modified":"2026-02-23T09:56:22","modified_gmt":"2026-02-23T08:56:22","slug":"holiday-calendar","status":"publish","type":"page","link":"https:\/\/www.es-karlsruhe.eu\/fr\/holiday-calendar\/","title":{"rendered":"Vacances"},"content":{"rendered":"<p><strong>Visualisez ici et t\u00e9l\u00e9chargez le calendrier des vacances scolaires ci-dessous :<\/strong><\/p>\n<p><!-- x-tinymce\/html --><\/p>\n<p>&nbsp;<\/p>\n<div class=\"title-deco\" id=\"\"><div class=\"blue-bloc\"><\/div><h2 class=\"title\">Calendrier des vacances 2025 &#8211; 2026<\/h2><\/div>\n<p><a href=\"https:\/\/www.es-karlsruhe.eu\/wp-content\/uploads\/2026\/02\/Ferienkalender-2025-2026-kplt.pdf\" target=\"_blank\" rel=\"noopener\"><img loading=\"lazy\" decoding=\"async\" class=\"alignnone\" src=\"https:\/\/www.es-karlsruhe.eu\/wp-content\/uploads\/2023\/12\/Ferienkalender-2023-2024-Icon.jpg\" alt=\"\" width=\"147\" height=\"104\" \/><\/a><\/p>\n<ul>\n<li><b><\/b><a href=\"https:\/\/www.es-karlsruhe.eu\/wp-content\/uploads\/2026\/02\/Ferienkalender-2025-2026-kplt.pdf\" target=\"_blank\" rel=\"noopener\"><b><strong>T\u00e9l\u00e9chargez calendrier des vacances scolaires 2025<\/strong>-2026<\/b><\/a><\/li>\n<\/ul>\n<div class=\"title-deco\" id=\"\"><div class=\"blue-bloc\"><\/div><h2 class=\"title\">Calendrier des vacances 2026 &#8211; 2027<\/h2><\/div>\n\n\t\t<style type=\"text\/css\">\n\t\t\t#gallery-1 {\n\t\t\t\tmargin: auto;\n\t\t\t}\n\t\t\t#gallery-1 .gallery-item {\n\t\t\t\tfloat: left;\n\t\t\t\tmargin-top: 10px;\n\t\t\t\ttext-align: center;\n\t\t\t\twidth: 33%;\n\t\t\t}\n\t\t\t#gallery-1 img {\n\t\t\t\tborder: 2px solid #cfcfcf;\n\t\t\t}\n\t\t\t#gallery-1 .gallery-caption {\n\t\t\t\tmargin-left: 0;\n\t\t\t}\n\t\t\t\/* see gallery_shortcode() in wp-includes\/media.php *\/\n\t\t<\/style>\n\t\t<div id='gallery-1' class='gallery galleryid-4570 gallery-columns-3 gallery-size-thumbnail'><dl class='gallery-item'>\n\t\t\t<dt class='gallery-icon '>\n\t\t\t\t<a href='https:\/\/www.es-karlsruhe.eu\/wp-content\/uploads\/2025\/11\/schulkalender-2026-2027-querformat-2-seitenaktuellev_HK_FB_final.pdf'><img loading=\"lazy\" decoding=\"async\" width=\"150\" height=\"106\" src=\"https:\/\/www.es-karlsruhe.eu\/wp-content\/uploads\/2025\/11\/schulkalender-2026-2027-querformat-2-seitenaktuellev_HK_FB_final-pdf-150x106.jpg\" class=\"attachment-thumbnail size-thumbnail\" alt=\"\" \/><\/a>\n\t\t\t<\/dt><\/dl>\n\t\t\t<br style='clear: both' \/>\n\t\t<\/div>\n\n<ul>\n<li><a href=\"https:\/\/www.es-karlsruhe.eu\/wp-content\/uploads\/2025\/11\/schulkalender-2026-2027-querformat-2-seitenaktuellev_HK_FB_final.pdf\"><b><strong>T\u00e9l\u00e9chargez calendrier des vacances scolaires 2026<\/strong>-2027<\/b><\/a><\/li>\n<\/ul>\n","protected":false},"excerpt":{"rendered":"<p>Visualisez ici et t\u00e9l\u00e9chargez le calendrier des vacances scolaires ci-dessous : &nbsp; T\u00e9l\u00e9chargez calendrier des vacances scolaires 2025-2026 T\u00e9l\u00e9chargez calendrier des vacances scolaires 2026-2027<\/p>\n","protected":false},"author":3,"featured_media":0,"parent":0,"menu_order":0,"comment_status":"closed","ping_status":"closed","template":"","meta":{"footnotes":""},"class_list":["post-4570","page","type-page","status-publish","hentry"],"_links":{"self":[{"href":"https:\/\/www.es-karlsruhe.eu\/fr\/wp-json\/wp\/v2\/pages\/4570","targetHints":{"allow":["GET"]}}],"collection":[{"href":"https:\/\/www.es-karlsruhe.eu\/fr\/wp-json\/wp\/v2\/pages"}],"about":[{"href":"https:\/\/www.es-karlsruhe.eu\/fr\/wp-json\/wp\/v2\/types\/page"}],"author":[{"embeddable":true,"href":"https:\/\/www.es-karlsruhe.eu\/fr\/wp-json\/wp\/v2\/users\/3"}],"replies":[{"embeddable":true,"href":"https:\/\/www.es-karlsruhe.eu\/fr\/wp-json\/wp\/v2\/comments?post=4570"}],"version-history":[{"count":24,"href":"https:\/\/www.es-karlsruhe.eu\/fr\/wp-json\/wp\/v2\/pages\/4570\/revisions"}],"predecessor-version":[{"id":177588,"href":"https:\/\/www.es-karlsruhe.eu\/fr\/wp-json\/wp\/v2\/pages\/4570\/revisions\/177588"}],"wp:attachment":[{"href":"https:\/\/www.es-karlsruhe.eu\/fr\/wp-json\/wp\/v2\/media?parent=4570"}],"curies":[{"name":"wp","href":"https:\/\/api.w.org\/{rel}","templated":true}]}}