{"id":59791,"date":"2019-10-04T15:13:13","date_gmt":"2019-10-04T13:13:13","guid":{"rendered":"https:\/\/www.es-karlsruhe.eu\/?page_id=59791"},"modified":"2025-11-27T08:49:44","modified_gmt":"2025-11-27T07:49:44","slug":"leek-presente-son-challenge-programme-2019","status":"publish","type":"page","link":"https:\/\/www.es-karlsruhe.eu\/fr\/leek-presente-son-challenge-programme-2019\/","title":{"rendered":"Challenge Programme"},"content":{"rendered":"<p>L\u2019ESK pr\u00e9sente son \u201cProgramme de d\u00e9fis\u201d 2025-2026.<\/p>\n<p>Le <em>Challenge Programme<\/em> est l&rsquo;occasion pour les \u00e9l\u00e8ves dou\u00e9s mais aussi talentueux et motiv\u00e9s de d\u00e9velopper leur potentiel, \u00e0 travers des activit\u00e9s et des projets suppl\u00e9mentaires. A l&rsquo;Ecole europ\u00e9enne de Karlsruhe, le programme Challenge fait parti de l\u2019organisation du soutien \u00e9ducatif.<\/p>\n<p><a href=\"https:\/\/www.es-karlsruhe.eu\/wp-content\/uploads\/2025\/10\/ESK-challenge-Programme-2025-2026.pdf\"><strong>Challenge Programme 2025 \u2013 2026<\/strong><\/a><\/p>\n<p><strong>Challenge Programme: projects<\/strong><\/p>\n<p><strong>Secondary School Challenge Programme Provision 2025\/2026:<\/strong><\/p>\n<p><div class=\"tease\"><a href=\"https:\/\/www.es-karlsruhe.eu\/the-esk-presents-its-challenge-programme-2019\/1-math-en-jeans\/\"><img decoding=\"async\" src=\" https:\/\/www.es-karlsruhe.eu\/wp-content\/uploads\/2025\/11\/Picture0.jpg\"><span class=\"title\">MATh.en.JEANS ><\/span><\/a><\/div><div class=\"tease\"><a href=\"https:\/\/www.es-karlsruhe.eu\/the-esk-presents-its-challenge-programme-2019\/2-philarmonic-orchestra\/\"><img decoding=\"async\" src=\"https:\/\/www.es-karlsruhe.eu\/wp-content\/uploads\/2025\/11\/Picture12.jpg\"><span class=\"title\">Olympiades nationales de la chimie ><\/span><\/a><\/div><\/p>\n<p><div class=\"tease\"><a href=\"https:\/\/www.es-karlsruhe.eu\/the-esk-presents-its-challenge-programme-2019\/3-antiquitas-viva\/\/\"><img decoding=\"async\" src=\" https:\/\/www.es-karlsruhe.eu\/wp-content\/uploads\/2025\/11\/Picture5.jpg\"><span class=\"title\">Antiquitas Viva ><\/span><\/a><\/div><div class=\"tease\"><a href=\"https:\/\/www.es-karlsruhe.eu\/the-esk-presents-its-challenge-programme-2019\/viaggio-tra-pensieri-e-parole-voyage-entre-pensee-et-paroles\/\/\"><img decoding=\"async\" src=\" https:\/\/www.es-karlsruhe.eu\/wp-content\/uploads\/2025\/11\/Picture8.jpg\"><span class=\"title\">Viaggio ><\/span><\/a><\/div><\/p>\n<p><div class=\"tease\"><a href=\"https:\/\/www.es-karlsruhe.eu\/the-esk-presents-its-challenge-programme-2019\/fostering-sport-excellence\/\"><img decoding=\"async\" src=\" https:\/\/www.es-karlsruhe.eu\/wp-content\/uploads\/2025\/11\/Picture7.jpg\"><span class=\"title\">Fostering sport excellence ><\/span><\/a><\/div><div class=\"tease\"><a href=\"https:\/\/www.es-karlsruhe.eu\/the-esk-presents-its-challenge-programme-2019\/Fahrradwerkstatt\/\"><img decoding=\"async\" src=\"https:\/\/www.es-karlsruhe.eu\/wp-content\/uploads\/2020\/12\/Fahrradwerkstatt_350x240.jpg\"><span class=\"title\">Fahrradwerkstatt ><\/span><\/a><\/div><\/p>\n<p><div class=\"tease\"><a href=\"https:\/\/www.es-karlsruhe.eu\/the-esk-presents-its-challenge-programme-2019\/concours-cristallographie-du-jardin-des-sciences-de-strasbourg\/\"><img decoding=\"async\" src=\" https:\/\/www.es-karlsruhe.eu\/wp-content\/uploads\/2025\/11\/science7.jpg\"><span class=\"title\">Concours cristallographie du Jardin des sciences de Strasbourg ><\/span><\/a><\/div><div class=\"tease\"><a href=\"https:\/\/www.es-karlsruhe.eu\/the-esk-presents-its-challenge-programme-2019\/c-genial-college\/\"><img decoding=\"async\" src=\" https:\/\/www.es-karlsruhe.eu\/wp-content\/uploads\/2025\/11\/Picture9.jpg\"><span class=\"title\">C g\u00e9nial coll\u00e8ge ><\/span><\/a><\/div><\/p>\n<p><div class=\"tease\"><a href=\"https:\/\/www.es-karlsruhe.eu\/the-esk-presents-its-challenge-programme-2019\/Build a robotic game\/\"><img decoding=\"async\" src=\" https:\/\/www.es-karlsruhe.eu\/wp-content\/uploads\/2025\/10\/robot.jpg\"><span class=\"title\">Build a robotic game ><\/span><\/a><\/div><div class=\"tease\"><a href=\"https:\/\/www.es-karlsruhe.eu\/the-esk-presents-its-challenge-programme-2019\/philarmonic-orchestra\/\"><img decoding=\"async\" src=\"https:\/\/www.es-karlsruhe.eu\/wp-content\/uploads\/2025\/11\/orch.jpg\"><span class=\"title\">Philarmonic Orchestra ><\/span><\/a><\/div><\/p>\n<p><div class=\"tease\"><a href=\"https:\/\/www.es-karlsruhe.eu\/science-club\/\"><img decoding=\"async\" src=\"https:\/\/www.es-karlsruhe.eu\/wp-content\/uploads\/2023\/01\/Science-Club_350x240.png\"><span class=\"title\">Science Club ><\/span><\/a><\/div><div class=\"tease\"><a href=\"https:\/\/www.es-karlsruhe.eu\/the-esk-presents-its-challenge-programme-2019\/school-band\/\"><img decoding=\"async\" src=\"https:\/\/www.es-karlsruhe.eu\/wp-content\/uploads\/2023\/02\/Band-1.png\"><span class=\"title\">School band ><\/span><\/a><\/div><\/p>\n","protected":false},"excerpt":{"rendered":"<p>L\u2019ESK pr\u00e9sente son \u201cProgramme de d\u00e9fis\u201d 2025-2026. Le Challenge Programme est l&rsquo;occasion pour les \u00e9l\u00e8ves dou\u00e9s mais aussi talentueux et motiv\u00e9s de d\u00e9velopper leur potentiel, \u00e0 travers des activit\u00e9s et<a class=\"excerpt-read-more\" href=\"https:\/\/www.es-karlsruhe.eu\/fr\/leek-presente-son-challenge-programme-2019\/\" title=\"LireChallenge Programme\">&#8230; Read more &raquo;<\/a><\/p>\n","protected":false},"author":4,"featured_media":58923,"parent":0,"menu_order":0,"comment_status":"closed","ping_status":"closed","template":"","meta":{"footnotes":""},"class_list":["post-59791","page","type-page","status-publish","has-post-thumbnail","hentry"],"_links":{"self":[{"href":"https:\/\/www.es-karlsruhe.eu\/fr\/wp-json\/wp\/v2\/pages\/59791","targetHints":{"allow":["GET"]}}],"collection":[{"href":"https:\/\/www.es-karlsruhe.eu\/fr\/wp-json\/wp\/v2\/pages"}],"about":[{"href":"https:\/\/www.es-karlsruhe.eu\/fr\/wp-json\/wp\/v2\/types\/page"}],"author":[{"embeddable":true,"href":"https:\/\/www.es-karlsruhe.eu\/fr\/wp-json\/wp\/v2\/users\/4"}],"replies":[{"embeddable":true,"href":"https:\/\/www.es-karlsruhe.eu\/fr\/wp-json\/wp\/v2\/comments?post=59791"}],"version-history":[{"count":8,"href":"https:\/\/www.es-karlsruhe.eu\/fr\/wp-json\/wp\/v2\/pages\/59791\/revisions"}],"predecessor-version":[{"id":175618,"href":"https:\/\/www.es-karlsruhe.eu\/fr\/wp-json\/wp\/v2\/pages\/59791\/revisions\/175618"}],"wp:featuredmedia":[{"embeddable":true,"href":"https:\/\/www.es-karlsruhe.eu\/fr\/wp-json\/wp\/v2\/media\/58923"}],"wp:attachment":[{"href":"https:\/\/www.es-karlsruhe.eu\/fr\/wp-json\/wp\/v2\/media?parent=59791"}],"curies":[{"name":"wp","href":"https:\/\/api.w.org\/{rel}","templated":true}]}}