{"id":60972,"date":"2019-10-14T22:27:03","date_gmt":"2019-10-14T20:27:03","guid":{"rendered":"https:\/\/www.es-karlsruhe.eu\/?page_id=60972"},"modified":"2019-11-29T15:06:49","modified_gmt":"2019-11-29T14:06:49","slug":"absences-deleves-du-secondaire","status":"publish","type":"page","link":"https:\/\/www.es-karlsruhe.eu\/fr\/absences-deleves-du-secondaire\/","title":{"rendered":"Absences d\u00b4\u00e9leves du secondaire"},"content":{"rendered":"<p>En case d\u00b4absence d\u00b4un \u00e9l\u00e8ve du secondaire, veuillez envoyer un email \u00e0:<\/p>\n<p><a target=\"_blank\" rel=\"noopener noreferrer\">&#x6c;&#105;s&#x74;&#x2d;&#107;a&#x72;&#45;o&#x73;&#x61;&#98;s&#x65;&#110;c&#x65;&#x40;&#101;u&#x72;&#x73;&#99;&#x2e;&#x65;&#117;<\/a><\/p>\n<p>Il est TRES IMPORTANT d\u00b4envoyer un message concernant uniquement l\u00b4absence d\u00b4un \u00e9l\u00e8ve\u00a0 \u00e0 cette adresse.<\/p>\n<p>&nbsp;<\/p>\n","protected":false},"excerpt":{"rendered":"<p>En case d\u00b4absence d\u00b4un \u00e9l\u00e8ve du secondaire, veuillez envoyer un email \u00e0: &#108;&#105;&#x73;&#x74;&#45;&#107;&#x61;&#x72;&#45;&#111;&#x73;&#x61;&#98;&#115;&#x65;&#x6e;&#99;&#101;&#x40;&#x65;&#117;&#114;&#x73;&#x63;&#46;&#101;&#x75; Il est TRES IMPORTANT d\u00b4envoyer un message concernant uniquement l\u00b4absence d\u00b4un \u00e9l\u00e8ve\u00a0 \u00e0 cette adresse. &nbsp;<\/p>\n","protected":false},"author":4,"featured_media":0,"parent":0,"menu_order":0,"comment_status":"closed","ping_status":"closed","template":"","meta":{"footnotes":""},"class_list":["post-60972","page","type-page","status-publish","hentry"],"_links":{"self":[{"href":"https:\/\/www.es-karlsruhe.eu\/fr\/wp-json\/wp\/v2\/pages\/60972","targetHints":{"allow":["GET"]}}],"collection":[{"href":"https:\/\/www.es-karlsruhe.eu\/fr\/wp-json\/wp\/v2\/pages"}],"about":[{"href":"https:\/\/www.es-karlsruhe.eu\/fr\/wp-json\/wp\/v2\/types\/page"}],"author":[{"embeddable":true,"href":"https:\/\/www.es-karlsruhe.eu\/fr\/wp-json\/wp\/v2\/users\/4"}],"replies":[{"embeddable":true,"href":"https:\/\/www.es-karlsruhe.eu\/fr\/wp-json\/wp\/v2\/comments?post=60972"}],"version-history":[{"count":5,"href":"https:\/\/www.es-karlsruhe.eu\/fr\/wp-json\/wp\/v2\/pages\/60972\/revisions"}],"predecessor-version":[{"id":64121,"href":"https:\/\/www.es-karlsruhe.eu\/fr\/wp-json\/wp\/v2\/pages\/60972\/revisions\/64121"}],"wp:attachment":[{"href":"https:\/\/www.es-karlsruhe.eu\/fr\/wp-json\/wp\/v2\/media?parent=60972"}],"curies":[{"name":"wp","href":"https:\/\/api.w.org\/{rel}","templated":true}]}}