{"id":67917,"date":"2020-01-16T15:01:12","date_gmt":"2020-01-16T14:01:12","guid":{"rendered":"https:\/\/www.es-karlsruhe.eu\/leek-presente-son-challenge-programme-2019\/eine-welt-fur-alle\/"},"modified":"2021-04-14T10:17:25","modified_gmt":"2021-04-14T08:17:25","slug":"eine-welt-fur-alle","status":"publish","type":"page","link":"https:\/\/www.es-karlsruhe.eu\/fr\/leek-presente-son-challenge-programme-2019\/eine-welt-fur-alle\/","title":{"rendered":"Eine Welt f\u00fcr Alle"},"content":{"rendered":"<p><img loading=\"lazy\" decoding=\"async\" class=\"alignnone size-full wp-image-92011\" src=\"https:\/\/www.es-karlsruhe.eu\/wp-content\/uploads\/2020\/12\/1welt4all-1.jpg\" alt=\"\" width=\"1000\" height=\"562\" \/><\/p>\n<p>Die Gruppe \u201eEine Welt f\u00fcr alle\u201c engagiert sich f\u00fcr ein nachhaltiges Miteinander an der ESK.<span data-ccp-props=\"{&quot;335551550&quot;:6,&quot;335551620&quot;:6,&quot;469777462&quot;:[4536,9072],&quot;469777927&quot;:[0,0],&quot;469777928&quot;:[3,4]}\">\u00a0<\/span><\/p>\n<p><span data-contrast=\"auto\">Einmal w\u00f6chentlich (Dienstag, 4.Std. Raum 212) treffen sich Sch\u00fclerinnen und Sch\u00fcler, die\u00a0hier und jetzt handeln\u00a0wollen. Wir\u00a0<\/span><span data-ccp-props=\"{&quot;335551550&quot;:6,&quot;335551620&quot;:6,&quot;469777462&quot;:[4536,9072],&quot;469777927&quot;:[0,0],&quot;469777928&quot;:[3,4]}\">\u00a0<\/span><\/p>\n<p><span data-contrast=\"auto\">\u00a0<\/span>analysieren die \u00f6kologischen und sozialen Auswirkungen unseres Konsumverhaltens<\/p>\n<ul>\n<li><span data-contrast=\"auto\"> erkennen kulturbedingte Unterschiede\/\u00c4hnlichkeiten unserer Lebensverh\u00e4ltnisse an der ESK<\/span><\/li>\n<li><span data-contrast=\"auto\"> handeln mit einer Vielzahl an Projekten, die wir in unserer Schulgemeinschaft umsetzten<\/span><\/li>\n<li><span data-contrast=\"auto\"> tauschen uns mit unserer Partnerschule EPCM in Bujumbura und\u00a0Gitega(Burundi) aus.<\/span><span data-ccp-props=\"{&quot;469777462&quot;:[4536,9072],&quot;469777927&quot;:[0,0],&quot;469777928&quot;:[3,4]}\">\u00a0<\/span><\/li>\n<\/ul>\n<p><span data-contrast=\"auto\">\u00a0<\/span><span data-contrast=\"auto\">Wir freuen uns \u00fcber alle, die mit uns den nachhaltigen Dialog an der Europ\u00e4ischen Schule Karlsruhe leben wollen!\u00a0<\/span><span data-ccp-props=\"{&quot;469777462&quot;:[4536,9072],&quot;469777927&quot;:[0,0],&quot;469777928&quot;:[3,4]}\">\u00a0<\/span><\/p>\n<p><a href=\"https:\/\/www.youtube.com\/watch?v=9nopdQroBvQ\">Valentinstag Projekt<\/a><\/p>\n<p><a href=\"https:\/\/www.youtube.com\/watch?v=n_DneaE96gg\">Eine Welt f\u00fcr Alle<\/a><\/p>\n<p>&nbsp;<\/p>\n<p><span data-ccp-props=\"{}\">\u00a0<\/span><\/p>\n","protected":false},"excerpt":{"rendered":"<p>Die Gruppe \u201eEine Welt f\u00fcr alle\u201c engagiert sich f\u00fcr ein nachhaltiges Miteinander an der ESK.\u00a0 Einmal w\u00f6chentlich (Dienstag, 4.Std. Raum 212) treffen sich Sch\u00fclerinnen und Sch\u00fcler, die\u00a0hier und jetzt handeln\u00a0wollen.<a class=\"excerpt-read-more\" href=\"https:\/\/www.es-karlsruhe.eu\/fr\/leek-presente-son-challenge-programme-2019\/eine-welt-fur-alle\/\" title=\"LireEine Welt f\u00fcr Alle\">&#8230; Read more &raquo;<\/a><\/p>\n","protected":false},"author":3,"featured_media":0,"parent":59791,"menu_order":0,"comment_status":"closed","ping_status":"closed","template":"","meta":{"footnotes":""},"class_list":["post-67917","page","type-page","status-publish","hentry"],"_links":{"self":[{"href":"https:\/\/www.es-karlsruhe.eu\/fr\/wp-json\/wp\/v2\/pages\/67917","targetHints":{"allow":["GET"]}}],"collection":[{"href":"https:\/\/www.es-karlsruhe.eu\/fr\/wp-json\/wp\/v2\/pages"}],"about":[{"href":"https:\/\/www.es-karlsruhe.eu\/fr\/wp-json\/wp\/v2\/types\/page"}],"author":[{"embeddable":true,"href":"https:\/\/www.es-karlsruhe.eu\/fr\/wp-json\/wp\/v2\/users\/3"}],"replies":[{"embeddable":true,"href":"https:\/\/www.es-karlsruhe.eu\/fr\/wp-json\/wp\/v2\/comments?post=67917"}],"version-history":[{"count":5,"href":"https:\/\/www.es-karlsruhe.eu\/fr\/wp-json\/wp\/v2\/pages\/67917\/revisions"}],"predecessor-version":[{"id":97829,"href":"https:\/\/www.es-karlsruhe.eu\/fr\/wp-json\/wp\/v2\/pages\/67917\/revisions\/97829"}],"up":[{"embeddable":true,"href":"https:\/\/www.es-karlsruhe.eu\/fr\/wp-json\/wp\/v2\/pages\/59791"}],"wp:attachment":[{"href":"https:\/\/www.es-karlsruhe.eu\/fr\/wp-json\/wp\/v2\/media?parent=67917"}],"curies":[{"name":"wp","href":"https:\/\/api.w.org\/{rel}","templated":true}]}}