{"id":76488,"date":"2020-05-29T15:23:12","date_gmt":"2020-05-29T13:23:12","guid":{"rendered":"https:\/\/www.es-karlsruhe.eu\/?page_id=76488"},"modified":"2025-07-23T09:31:47","modified_gmt":"2025-07-23T07:31:47","slug":"bring-your-own-device-byod","status":"publish","type":"page","link":"https:\/\/www.es-karlsruhe.eu\/fr\/bring-your-own-device-byod\/","title":{"rendered":"Bring Your Own Device (BYOD)"},"content":{"rendered":"<p>Le projet\u00a0<em>Bring Your Own Device<\/em> (BYOD) concerne dans notre \u00e9cole tous les \u00e9l\u00e8ves des classes de S5, S6 et S7.<\/p>\n<p>L&rsquo;objectif principal du projet Bring Your Own Device est de permettre aux \u00e9l\u00e8ves d&rsquo;apporter des appareils mobiles personnels, tels que des ordinateurs portables ou des tablettes, \u00e0 l&rsquo;\u00e9tablissement\u00a0 o\u00f9 ils \u00e9tudient et de les utiliser pour d\u00e9velopper des aptitudes et des comp\u00e9tences num\u00e9riques, afin de devenir des utilisateurs efficaces, actifs, critiques, cr\u00e9atifs et responsables des technologies num\u00e9riques.<\/p>\n<p>L\u2019\u00e9ducation num\u00e9rique de nos \u00e9l\u00e8ves est l\u2019un des piliers de la vision que nous avons pour notre \u00e9cole. Le projet BYOD est le principal moteur de notre plan num\u00e9rique. Nous voulons cr\u00e9er des environnements d\u2019apprentissage o\u00f9 les technologies et les m\u00e9dias num\u00e9riques seront utilis\u00e9s pour l\u2019apprentissage, la communication et la coop\u00e9ration entre les \u00e9l\u00e8ves, les enseignants, les membres du personnel, les parents et les partenaires externes.<\/p>\n<p>La situation de l&rsquo;enseignement \u00e0 distance que nous connaissons actuellement nous montre que les technologies num\u00e9riques sont une partie ins\u00e9parable du processus d&rsquo;apprentissage d&rsquo;aujourd&rsquo;hui. Les \u00e9l\u00e8ves doivent devenir plus confiants dans l&rsquo;utilisation de ces outils. Ils doivent \u00eatre conscients de leurs avantages et de leurs risques. Ils doivent les utiliser de mani\u00e8re s\u00fbre et \u00e9thique.<\/p>\n<p>Tous les \u00e9l\u00e8ves de S5, S6 et S7\u00a0 ont l\u2019obligation d\u2019apporter \u00e0 l\u2019\u00e9cole leurs appareils et de les utiliser dans toutes les mati\u00e8res du programme. En fait, \u00e0 partir de la S5, l\u2019utilisation de l\u2019outil num\u00e9rique Geogebra est obligatoire pour les math\u00e9matiques et la physique.<\/p>\n<p>\u00c0 partir de l&rsquo;ann\u00e9e scolaire 2025-2026, le projet BYOD s&rsquo;appliquera aux classes S5, S6 et S7. Les \u00e9l\u00e8ves de S4 disposeront ainsi d&rsquo;une ann\u00e9e scolaire suppl\u00e9mentaire pour acqu\u00e9rir le programme sans utiliser leurs propres appareils. Ils auront bien s\u00fbr acc\u00e8s aux outils num\u00e9riques de l&rsquo;\u00e9cole pour poursuivre l&rsquo;apprentissage num\u00e9rique commenc\u00e9 au premier cycle de l&rsquo;enseignement secondaire. L&rsquo;objectif est de mettre \u00e0 profit cette ann\u00e9e pour d\u00e9velopper des bases telles que la gestion de fichiers, la prise de notes (manuscrites et sur appareil), l&rsquo;\u00e9thique acad\u00e9mique, l&rsquo;esprit critique vis-\u00e0-vis des contenus en ligne, etc.<\/p>\n<p><span style=\"display: inline !important; float: none; background-color: #ffffff; color: #333333; cursor: text; font-family: Georgia,'Times New Roman','Bitstream Charter',Times,serif; font-size: 16px; font-style: normal; font-variant: normal; font-weight: 400; letter-spacing: normal; orphans: 2; text-align: left; text-decoration: none; text-indent: 0px; text-transform: none; -webkit-text-stroke-width: 0px; white-space: normal; word-spacing: 0px;\"><div class=\"title-deco\" id=\"\"><div class=\"blue-bloc\"><\/div><h2 class=\"title\"> Conseils techniques <\/h2><\/div><\/span><\/p>\n<div>\n<p>Dans ce contexte BYOD, il est important de fournir aux parents des recommandations techniques pour l&rsquo;acquisition de ces appareils, bas\u00e9es sur les recommandations officielles (voir document \u00ab\u00a0BYOD : conseils techniques\u00a0\u00bb). Nous souhaitons accompagner les familles dans leur choix d&rsquo;\u00e9quipement et leur fournir des conseils techniques utiles et pr\u00e9cis.<br \/>\nLe document pr\u00e9sente une liste d&rsquo;exigences minimales pour l&rsquo;acquisition d&rsquo;appareils pour les \u00e9l\u00e8ves de S5, S6 et S7 de l&rsquo;ann\u00e9e prochaine.<\/p>\n<\/div>\n<div><a href=\"https:\/\/www.es-karlsruhe.eu\/wp-content\/uploads\/2021\/06\/Technical-Recommendations-for-devices-BYOD.pdf\">Conseils techniques (BYOD)<\/a><\/div>\n<div><a href=\"https:\/\/www.es-karlsruhe.eu\/wp-content\/uploads\/2020\/05\/IT_BYOD_Antrag_V2020_2021-FR-1.pdf\">Demande d\u00b4acc\u00e8s Wifi<\/a><\/div>\n<div><a href=\"https:\/\/www.es-karlsruhe.eu\/wp-content\/uploads\/2021\/07\/GeoGebra_S5-S6.pdf\">GeoGebra S5-S6<\/a><br \/>\n<a href=\"https:\/\/www.es-karlsruhe.eu\/wp-content\/uploads\/2021\/07\/GeoGebra_S7.pdf\">GeoGebra S7<\/a><\/div>\n<div><\/div>\n<div><\/div>\n","protected":false},"excerpt":{"rendered":"<p>Le projet\u00a0Bring Your Own Device (BYOD) concerne dans notre \u00e9cole tous les \u00e9l\u00e8ves des classes de S5, S6 et S7. L&rsquo;objectif principal du projet Bring Your Own Device est de<a class=\"excerpt-read-more\" href=\"https:\/\/www.es-karlsruhe.eu\/fr\/bring-your-own-device-byod\/\" title=\"LireBring Your Own Device (BYOD)\">&#8230; Read more &raquo;<\/a><\/p>\n","protected":false},"author":4,"featured_media":0,"parent":0,"menu_order":0,"comment_status":"closed","ping_status":"closed","template":"","meta":{"footnotes":""},"class_list":["post-76488","page","type-page","status-publish","hentry"],"_links":{"self":[{"href":"https:\/\/www.es-karlsruhe.eu\/fr\/wp-json\/wp\/v2\/pages\/76488","targetHints":{"allow":["GET"]}}],"collection":[{"href":"https:\/\/www.es-karlsruhe.eu\/fr\/wp-json\/wp\/v2\/pages"}],"about":[{"href":"https:\/\/www.es-karlsruhe.eu\/fr\/wp-json\/wp\/v2\/types\/page"}],"author":[{"embeddable":true,"href":"https:\/\/www.es-karlsruhe.eu\/fr\/wp-json\/wp\/v2\/users\/4"}],"replies":[{"embeddable":true,"href":"https:\/\/www.es-karlsruhe.eu\/fr\/wp-json\/wp\/v2\/comments?post=76488"}],"version-history":[{"count":10,"href":"https:\/\/www.es-karlsruhe.eu\/fr\/wp-json\/wp\/v2\/pages\/76488\/revisions"}],"predecessor-version":[{"id":171403,"href":"https:\/\/www.es-karlsruhe.eu\/fr\/wp-json\/wp\/v2\/pages\/76488\/revisions\/171403"}],"wp:attachment":[{"href":"https:\/\/www.es-karlsruhe.eu\/fr\/wp-json\/wp\/v2\/media?parent=76488"}],"curies":[{"name":"wp","href":"https:\/\/api.w.org\/{rel}","templated":true}]}}