{"id":83938,"date":"2020-09-17T23:16:36","date_gmt":"2020-09-17T21:16:36","guid":{"rendered":"https:\/\/www.es-karlsruhe.eu\/?page_id=83938"},"modified":"2023-09-29T15:07:30","modified_gmt":"2023-09-29T13:07:30","slug":"soutien-educatif","status":"publish","type":"page","link":"https:\/\/www.es-karlsruhe.eu\/fr\/primaire\/apprentissage\/soutien-educatif\/","title":{"rendered":"Soutien \u00e9ducatif"},"content":{"rendered":"<p>Diff\u00e9rents types et niveaux de soutien sont propos\u00e9s et destin\u00e9s \u00e0 assurer une aide appropri\u00e9e aux \u00e9l\u00e8ves pr\u00e9sentant des difficult\u00e9s et des besoins \u00e9ducatifs sp\u00e9cifiques \u00e0 quelque moment de leur scolarit\u00e9, afin de leur permettre de se d\u00e9velopper, de progresser en fonction de leur potentiel et de s\u2019int\u00e9grer avec succ\u00e8s.<\/p>\n<p>Les documents suivants indiquent les <strong>lignes directrices\u00a0<\/strong>des Ecoles europ\u00e9ennes\u00a0pour tenir\u00a0compte de la situation particuli\u00e8re de ces enfants :<\/p>\n<p>Politique en mati\u00e8re de soutien \u00e9ducatif dans les Ecoles europ\u00e9ennes \u2013\u00a0<a href=\"https:\/\/www.es-karlsruhe.eu\/wp-content\/uploads\/2023\/09\/2012-05-D-15-fr-13.pdf\">2012-05-D-15-fr-13<\/a><\/p>\n<p><a href=\"https:\/\/www.es-karlsruhe.eu\/wp-content\/uploads\/2019\/09\/ESK-introduction-to-Ed.Support-v.09.2019-EN.pdf\">Introduction to Educational Support<\/a><br \/>\n<a href=\"https:\/\/www.es-karlsruhe.eu\/wp-content\/uploads\/2020\/09\/Juillet2020_ESK-Internal-Support-Policy-VRJAN-2020-FR-1.pdf\">EEK Politique interne en mati\u00e8re de soutien \u00e9ducatif<\/a><\/p>\n<p>&nbsp;<\/p>\n","protected":false},"excerpt":{"rendered":"<p>Diff\u00e9rents types et niveaux de soutien sont propos\u00e9s et destin\u00e9s \u00e0 assurer une aide appropri\u00e9e aux \u00e9l\u00e8ves pr\u00e9sentant des difficult\u00e9s et des besoins \u00e9ducatifs sp\u00e9cifiques \u00e0 quelque moment de leur<a class=\"excerpt-read-more\" href=\"https:\/\/www.es-karlsruhe.eu\/fr\/primaire\/apprentissage\/soutien-educatif\/\" title=\"LireSoutien \u00e9ducatif\">&#8230; Read more &raquo;<\/a><\/p>\n","protected":false},"author":4,"featured_media":0,"parent":1180,"menu_order":0,"comment_status":"closed","ping_status":"closed","template":"","meta":{"footnotes":""},"class_list":["post-83938","page","type-page","status-publish","hentry"],"_links":{"self":[{"href":"https:\/\/www.es-karlsruhe.eu\/fr\/wp-json\/wp\/v2\/pages\/83938","targetHints":{"allow":["GET"]}}],"collection":[{"href":"https:\/\/www.es-karlsruhe.eu\/fr\/wp-json\/wp\/v2\/pages"}],"about":[{"href":"https:\/\/www.es-karlsruhe.eu\/fr\/wp-json\/wp\/v2\/types\/page"}],"author":[{"embeddable":true,"href":"https:\/\/www.es-karlsruhe.eu\/fr\/wp-json\/wp\/v2\/users\/4"}],"replies":[{"embeddable":true,"href":"https:\/\/www.es-karlsruhe.eu\/fr\/wp-json\/wp\/v2\/comments?post=83938"}],"version-history":[{"count":4,"href":"https:\/\/www.es-karlsruhe.eu\/fr\/wp-json\/wp\/v2\/pages\/83938\/revisions"}],"predecessor-version":[{"id":147763,"href":"https:\/\/www.es-karlsruhe.eu\/fr\/wp-json\/wp\/v2\/pages\/83938\/revisions\/147763"}],"up":[{"embeddable":true,"href":"https:\/\/www.es-karlsruhe.eu\/fr\/wp-json\/wp\/v2\/pages\/1180"}],"wp:attachment":[{"href":"https:\/\/www.es-karlsruhe.eu\/fr\/wp-json\/wp\/v2\/media?parent=83938"}],"curies":[{"name":"wp","href":"https:\/\/api.w.org\/{rel}","templated":true}]}}