{"id":90302,"date":"2020-11-17T13:56:28","date_gmt":"2020-11-17T12:56:28","guid":{"rendered":"https:\/\/www.es-karlsruhe.eu\/?page_id=90302"},"modified":"2022-03-10T15:16:44","modified_gmt":"2022-03-10T14:16:44","slug":"desinscription","status":"publish","type":"page","link":"https:\/\/www.es-karlsruhe.eu\/fr\/desinscription\/","title":{"rendered":"D\u00e9sinscription"},"content":{"rendered":"<p>Si votre enfant quitte l&rsquo;\u00c9cole Europ\u00e9enne de Karlsruhe, la d\u00e9sinscription doit \u00eatre faite par \u00e9crit au moins 2 semaines avant de quitter l&rsquo;\u00e9cole.<\/p>\n<p>Merci de restituer tout ce qui appartient \u00e0 l&rsquo;\u00e9cole (par exemple les livres et instrument de musique ) et d&rsquo;informer l&rsquo;association des parents et la cantine de la d\u00e9sinscription.<\/p>\n<p>Les bulletins scolaires ou les certificats de fin de scolarit\u00e9 ne seront d\u00e9livr\u00e9s par l&rsquo;\u00e9cole qu&rsquo;apr\u00e8s r\u00e9ception du paiement des frais scolaires ou autres frais.<\/p>\n<p>Vous \u00eates pri\u00e9s de remplir lisiblement ce <a href=\"https:\/\/www.es-karlsruhe.eu\/wp-content\/uploads\/2022\/03\/Abmeldeformular.pdf\">formulaire\u00a0<\/a> et de le retourner\u00a0 au secr\u00e9tariat.<\/p>\n<p>&nbsp;<\/p>\n","protected":false},"excerpt":{"rendered":"<p>Si votre enfant quitte l&rsquo;\u00c9cole Europ\u00e9enne de Karlsruhe, la d\u00e9sinscription doit \u00eatre faite par \u00e9crit au moins 2 semaines avant de quitter l&rsquo;\u00e9cole. Merci de restituer tout ce qui appartient<a class=\"excerpt-read-more\" href=\"https:\/\/www.es-karlsruhe.eu\/fr\/desinscription\/\" title=\"LireD\u00e9sinscription\">&#8230; Read more &raquo;<\/a><\/p>\n","protected":false},"author":4,"featured_media":0,"parent":0,"menu_order":0,"comment_status":"closed","ping_status":"closed","template":"","meta":{"footnotes":""},"class_list":["post-90302","page","type-page","status-publish","hentry"],"_links":{"self":[{"href":"https:\/\/www.es-karlsruhe.eu\/fr\/wp-json\/wp\/v2\/pages\/90302","targetHints":{"allow":["GET"]}}],"collection":[{"href":"https:\/\/www.es-karlsruhe.eu\/fr\/wp-json\/wp\/v2\/pages"}],"about":[{"href":"https:\/\/www.es-karlsruhe.eu\/fr\/wp-json\/wp\/v2\/types\/page"}],"author":[{"embeddable":true,"href":"https:\/\/www.es-karlsruhe.eu\/fr\/wp-json\/wp\/v2\/users\/4"}],"replies":[{"embeddable":true,"href":"https:\/\/www.es-karlsruhe.eu\/fr\/wp-json\/wp\/v2\/comments?post=90302"}],"version-history":[{"count":3,"href":"https:\/\/www.es-karlsruhe.eu\/fr\/wp-json\/wp\/v2\/pages\/90302\/revisions"}],"predecessor-version":[{"id":109984,"href":"https:\/\/www.es-karlsruhe.eu\/fr\/wp-json\/wp\/v2\/pages\/90302\/revisions\/109984"}],"wp:attachment":[{"href":"https:\/\/www.es-karlsruhe.eu\/fr\/wp-json\/wp\/v2\/media?parent=90302"}],"curies":[{"name":"wp","href":"https:\/\/api.w.org\/{rel}","templated":true}]}}