{"id":90670,"date":"2020-11-20T08:57:01","date_gmt":"2020-11-20T07:57:01","guid":{"rendered":"https:\/\/www.es-karlsruhe.eu\/?page_id=90670"},"modified":"2025-06-30T11:54:11","modified_gmt":"2025-06-30T09:54:11","slug":"plan-dhygiene","status":"publish","type":"page","link":"https:\/\/www.es-karlsruhe.eu\/fr\/plan-dhygiene\/","title":{"rendered":"Accessibilit\u00e9"},"content":{"rendered":"<p>Du Parking pour mobilit\u00e9 r\u00e9duite<\/p>\n<p>Nous disposons d&rsquo;une place de parking pour personnes \u00e1 mobilit\u00e9 r\u00e9duite pr\u00e8s de l&rsquo;entr\u00e9e de notre \u00e9cole.<\/p>\n<p>Cette place est<\/p>\n<p>&#8211; suffisamment large pour que les personnes puissent descendre facilement du v\u00e9hicule<\/p>\n<p>&#8211; suffisamment longue pour permettre l&rsquo;utilisation de palans \u00e0 l&rsquo;arri\u00e8re des v\u00e9hicules de mobilit\u00e9.<\/p>\n<p>Si vous visitez notre \u00e9cole et avez besoin d&rsquo;utiliser cette place de parking, veuillez appeler \u00e0 l&rsquo;avance le secr\u00e9tariat de l&rsquo;\u00e9cole ou l&rsquo;\u00e9quipe de s\u00e9curit\u00e9 au num\u00e9ro 0721 68 009-12 \/ -47. Cette place de parking pourrait vous \u00eatre r\u00e9serv\u00e9e.<\/p>\n<p><a href=\"https:\/\/www.es-karlsruhe.eu\/wp-content\/uploads\/2025\/06\/Accessibility-Report_June2025.pdf\">Accessibility report<\/a><\/p>\n","protected":false},"excerpt":{"rendered":"<p>Du Parking pour mobilit\u00e9 r\u00e9duite Nous disposons d&rsquo;une place de parking pour personnes \u00e1 mobilit\u00e9 r\u00e9duite pr\u00e8s de l&rsquo;entr\u00e9e de notre \u00e9cole. Cette place est &#8211; suffisamment large pour que<a class=\"excerpt-read-more\" href=\"https:\/\/www.es-karlsruhe.eu\/fr\/plan-dhygiene\/\" title=\"LireAccessibilit\u00e9\">&#8230; Read more &raquo;<\/a><\/p>\n","protected":false},"author":4,"featured_media":0,"parent":0,"menu_order":0,"comment_status":"closed","ping_status":"closed","template":"","meta":{"footnotes":""},"class_list":["post-90670","page","type-page","status-publish","hentry"],"_links":{"self":[{"href":"https:\/\/www.es-karlsruhe.eu\/fr\/wp-json\/wp\/v2\/pages\/90670","targetHints":{"allow":["GET"]}}],"collection":[{"href":"https:\/\/www.es-karlsruhe.eu\/fr\/wp-json\/wp\/v2\/pages"}],"about":[{"href":"https:\/\/www.es-karlsruhe.eu\/fr\/wp-json\/wp\/v2\/types\/page"}],"author":[{"embeddable":true,"href":"https:\/\/www.es-karlsruhe.eu\/fr\/wp-json\/wp\/v2\/users\/4"}],"replies":[{"embeddable":true,"href":"https:\/\/www.es-karlsruhe.eu\/fr\/wp-json\/wp\/v2\/comments?post=90670"}],"version-history":[{"count":7,"href":"https:\/\/www.es-karlsruhe.eu\/fr\/wp-json\/wp\/v2\/pages\/90670\/revisions"}],"predecessor-version":[{"id":170778,"href":"https:\/\/www.es-karlsruhe.eu\/fr\/wp-json\/wp\/v2\/pages\/90670\/revisions\/170778"}],"wp:attachment":[{"href":"https:\/\/www.es-karlsruhe.eu\/fr\/wp-json\/wp\/v2\/media?parent=90670"}],"curies":[{"name":"wp","href":"https:\/\/api.w.org\/{rel}","templated":true}]}}